{"id":594,"date":"2022-06-19T19:56:46","date_gmt":"2022-06-19T19:56:46","guid":{"rendered":"https:\/\/mscreations.be\/?post_type=product&#038;p=594"},"modified":"2022-12-29T21:08:07","modified_gmt":"2022-12-29T21:08:07","slug":"decoration-murale-colibri-bois","status":"publish","type":"product","link":"https:\/\/mscreations.be\/index.php\/product\/decoration-murale-colibri-bois\/","title":{"rendered":"Colibri"},"content":{"rendered":"<p>Cette d\u00e9coration murale Colibri en bois en format g\u00e9om\u00e9trique est id\u00e9ale pour embellir les murs de vos pi\u00e8ces de vie. Il vous est possible d&#8217;associer cette d\u00e9coration murale avec d&#8217;autres d\u00e9corations propos\u00e9es sur notre site. N&#8217;h\u00e9sitez pas \u00e0 nous contacter si vous souhaitez r\u00e9aliser votre animal pr\u00e9f\u00e9r\u00e9 en forme g\u00e9om\u00e9trique.<\/p>\n<p>Disponible en plusieurs dimensions:<\/p>\n<ul>\n<li>30 cm<\/li>\n<li>40cm<\/li>\n<li>50cm<\/li>\n<li>60cm<\/li>\n<li>80cm<\/li>\n<li>+\/- 100cm<\/li>\n<\/ul>\n<p>Couleurs disponibles:<\/p>\n<ul>\n<li>Noir<\/li>\n<li>Blanc<\/li>\n<li>Bois<\/li>\n<\/ul>\n<p><a href=\"https:\/\/www.facebook.com\/profile.php?id=100063148215530\">https:\/\/www.facebook.com\/profile.php?id=100063148215530<\/a><\/p>\n<p><a href=\"https:\/\/mscreations.be\/index.php\/product\/decoration-murale-cerf-bois\/\">Cerf<\/a>\u00a0<a href=\"https:\/\/mscreations.be\/index.php\/product\/loup\/\">Loup<\/a><\/p>\n","protected":false},"excerpt":{"rendered":"<p>D\u00e9coration murale Colibri Bois mdf Disponible en plusieurs dimensions: 30 cm 40cm 50cm 60cm 80cm +\/- 100cm<\/p>\n","protected":false},"featured_media":636,"comment_status":"open","ping_status":"closed","template":"","meta":{"_themeisle_gutenberg_block_has_review":false},"product_cat":[42],"product_tag":[],"class_list":{"0":"post-594","1":"product","2":"type-product","3":"status-publish","4":"has-post-thumbnail","6":"product_cat-animaux","8":"first","9":"onbackorder","10":"shipping-taxable","11":"purchasable","12":"product-type-variable","13":"thumb-no-effect","14":"prod-rating-off"},"wcpa_form_fields":null,"yoast_head":"<!-- This site is optimized with the Yoast SEO plugin v19.13 - https:\/\/yoast.com\/wordpress\/plugins\/seo\/ -->\n<title>D\u00e9coration murale colibri en bois - Colibri - M&amp;S Creation<\/title>\n<meta name=\"description\" content=\"D\u00e9coration murale Colibri en bois est id\u00e9ale pour embellir un mur. Vous allez pouvoir d\u00e9corer votre pi\u00e8ce pr\u00e9f\u00e9r\u00e9e gr\u00e2ce \u00e0 cette d\u00e9coration g\u00e9om\u00e9trique.\" \/>\n<meta name=\"robots\" content=\"index, follow, max-snippet:-1, max-image-preview:large, max-video-preview:-1\" \/>\n<link rel=\"canonical\" href=\"https:\/\/mscreations.be\/index.php\/product\/decoration-murale-colibri-bois\/\" \/>\n<meta property=\"og:locale\" content=\"fr_FR\" \/>\n<meta property=\"og:type\" content=\"article\" \/>\n<meta property=\"og:title\" content=\"D\u00e9coration murale colibri en bois - Colibri - M&amp;S Creation\" \/>\n<meta property=\"og:description\" content=\"D\u00e9coration murale Colibri en bois est id\u00e9ale pour embellir un mur. Vous allez pouvoir d\u00e9corer votre pi\u00e8ce pr\u00e9f\u00e9r\u00e9e gr\u00e2ce \u00e0 cette d\u00e9coration g\u00e9om\u00e9trique.\" \/>\n<meta property=\"og:url\" content=\"https:\/\/mscreations.be\/index.php\/product\/decoration-murale-colibri-bois\/\" \/>\n<meta property=\"og:site_name\" content=\"M&amp;S Creation\" \/>\n<meta property=\"article:publisher\" content=\"https:\/\/www.facebook.com\/profile.php?id=100063148215530\" \/>\n<meta property=\"article:modified_time\" content=\"2022-12-29T21:08:07+00:00\" \/>\n<meta property=\"og:image\" content=\"https:\/\/mscreations.be\/wp-content\/uploads\/2022\/06\/20211115_204810-1.jpg\" \/>\n\t<meta property=\"og:image:width\" content=\"1080\" \/>\n\t<meta property=\"og:image:height\" content=\"860\" \/>\n\t<meta property=\"og:image:type\" content=\"image\/jpeg\" \/>\n<meta name=\"twitter:card\" content=\"summary_large_image\" \/>\n<meta name=\"twitter:label1\" content=\"Dur\u00e9e de lecture est.\" \/>\n\t<meta name=\"twitter:data1\" content=\"1 minute\" \/>\n<script type=\"application\/ld+json\" class=\"yoast-schema-graph\">{\"@context\":\"https:\/\/schema.org\",\"@graph\":[{\"@type\":\"WebPage\",\"@id\":\"https:\/\/mscreations.be\/index.php\/product\/decoration-murale-colibri-bois\/\",\"url\":\"https:\/\/mscreations.be\/index.php\/product\/decoration-murale-colibri-bois\/\",\"name\":\"D\u00e9coration murale colibri en bois - Colibri - M&amp;S Creation\",\"isPartOf\":{\"@id\":\"https:\/\/mscreations.be\/#website\"},\"datePublished\":\"2022-06-19T19:56:46+00:00\",\"dateModified\":\"2022-12-29T21:08:07+00:00\",\"description\":\"D\u00e9coration murale Colibri en bois est id\u00e9ale pour embellir un mur. Vous allez pouvoir d\u00e9corer votre pi\u00e8ce pr\u00e9f\u00e9r\u00e9e gr\u00e2ce \u00e0 cette d\u00e9coration g\u00e9om\u00e9trique.\",\"breadcrumb\":{\"@id\":\"https:\/\/mscreations.be\/index.php\/product\/decoration-murale-colibri-bois\/#breadcrumb\"},\"inLanguage\":\"fr-BE\",\"potentialAction\":[{\"@type\":\"ReadAction\",\"target\":[\"https:\/\/mscreations.be\/index.php\/product\/decoration-murale-colibri-bois\/\"]}]},{\"@type\":\"BreadcrumbList\",\"@id\":\"https:\/\/mscreations.be\/index.php\/product\/decoration-murale-colibri-bois\/#breadcrumb\",\"itemListElement\":[{\"@type\":\"ListItem\",\"position\":1,\"name\":\"Accueil\",\"item\":\"https:\/\/mscreations.be\/\"},{\"@type\":\"ListItem\",\"position\":2,\"name\":\"Boutique\",\"item\":\"http:\/\/mscreations.be\/index.php\/shop-3\/\"},{\"@type\":\"ListItem\",\"position\":3,\"name\":\"Colibri\"}]},{\"@type\":\"WebSite\",\"@id\":\"https:\/\/mscreations.be\/#website\",\"url\":\"https:\/\/mscreations.be\/\",\"name\":\"M&S Creation\",\"description\":\"\",\"publisher\":{\"@id\":\"https:\/\/mscreations.be\/#organization\"},\"potentialAction\":[{\"@type\":\"SearchAction\",\"target\":{\"@type\":\"EntryPoint\",\"urlTemplate\":\"https:\/\/mscreations.be\/?s={search_term_string}\"},\"query-input\":\"required name=search_term_string\"}],\"inLanguage\":\"fr-BE\"},{\"@type\":\"Organization\",\"@id\":\"https:\/\/mscreations.be\/#organization\",\"name\":\"M&S Creation\",\"url\":\"https:\/\/mscreations.be\/\",\"logo\":{\"@type\":\"ImageObject\",\"inLanguage\":\"fr-BE\",\"@id\":\"https:\/\/mscreations.be\/#\/schema\/logo\/image\/\",\"url\":\"https:\/\/mscreations.be\/wp-content\/uploads\/2022\/01\/cropped-cropped-ms.png\",\"contentUrl\":\"https:\/\/mscreations.be\/wp-content\/uploads\/2022\/01\/cropped-cropped-ms.png\",\"width\":512,\"height\":512,\"caption\":\"M&S Creation\"},\"image\":{\"@id\":\"https:\/\/mscreations.be\/#\/schema\/logo\/image\/\"},\"sameAs\":[\"https:\/\/www.facebook.com\/profile.php?id=100063148215530\"]}]}<\/script>\n<!-- \/ Yoast SEO plugin. -->","yoast_head_json":{"title":"D\u00e9coration murale colibri en bois - Colibri - M&amp;S Creation","description":"D\u00e9coration murale Colibri en bois est id\u00e9ale pour embellir un mur. Vous allez pouvoir d\u00e9corer votre pi\u00e8ce pr\u00e9f\u00e9r\u00e9e gr\u00e2ce \u00e0 cette d\u00e9coration g\u00e9om\u00e9trique.","robots":{"index":"index","follow":"follow","max-snippet":"max-snippet:-1","max-image-preview":"max-image-preview:large","max-video-preview":"max-video-preview:-1"},"canonical":"https:\/\/mscreations.be\/index.php\/product\/decoration-murale-colibri-bois\/","og_locale":"fr_FR","og_type":"article","og_title":"D\u00e9coration murale colibri en bois - Colibri - M&amp;S Creation","og_description":"D\u00e9coration murale Colibri en bois est id\u00e9ale pour embellir un mur. Vous allez pouvoir d\u00e9corer votre pi\u00e8ce pr\u00e9f\u00e9r\u00e9e gr\u00e2ce \u00e0 cette d\u00e9coration g\u00e9om\u00e9trique.","og_url":"https:\/\/mscreations.be\/index.php\/product\/decoration-murale-colibri-bois\/","og_site_name":"M&amp;S Creation","article_publisher":"https:\/\/www.facebook.com\/profile.php?id=100063148215530","article_modified_time":"2022-12-29T21:08:07+00:00","og_image":[{"width":1080,"height":860,"url":"https:\/\/mscreations.be\/wp-content\/uploads\/2022\/06\/20211115_204810-1.jpg","type":"image\/jpeg"}],"twitter_card":"summary_large_image","twitter_misc":{"Dur\u00e9e de lecture est.":"1 minute"},"schema":{"@context":"https:\/\/schema.org","@graph":[{"@type":"WebPage","@id":"https:\/\/mscreations.be\/index.php\/product\/decoration-murale-colibri-bois\/","url":"https:\/\/mscreations.be\/index.php\/product\/decoration-murale-colibri-bois\/","name":"D\u00e9coration murale colibri en bois - Colibri - M&amp;S Creation","isPartOf":{"@id":"https:\/\/mscreations.be\/#website"},"datePublished":"2022-06-19T19:56:46+00:00","dateModified":"2022-12-29T21:08:07+00:00","description":"D\u00e9coration murale Colibri en bois est id\u00e9ale pour embellir un mur. Vous allez pouvoir d\u00e9corer votre pi\u00e8ce pr\u00e9f\u00e9r\u00e9e gr\u00e2ce \u00e0 cette d\u00e9coration g\u00e9om\u00e9trique.","breadcrumb":{"@id":"https:\/\/mscreations.be\/index.php\/product\/decoration-murale-colibri-bois\/#breadcrumb"},"inLanguage":"fr-BE","potentialAction":[{"@type":"ReadAction","target":["https:\/\/mscreations.be\/index.php\/product\/decoration-murale-colibri-bois\/"]}]},{"@type":"BreadcrumbList","@id":"https:\/\/mscreations.be\/index.php\/product\/decoration-murale-colibri-bois\/#breadcrumb","itemListElement":[{"@type":"ListItem","position":1,"name":"Accueil","item":"https:\/\/mscreations.be\/"},{"@type":"ListItem","position":2,"name":"Boutique","item":"http:\/\/mscreations.be\/index.php\/shop-3\/"},{"@type":"ListItem","position":3,"name":"Colibri"}]},{"@type":"WebSite","@id":"https:\/\/mscreations.be\/#website","url":"https:\/\/mscreations.be\/","name":"M&S Creation","description":"","publisher":{"@id":"https:\/\/mscreations.be\/#organization"},"potentialAction":[{"@type":"SearchAction","target":{"@type":"EntryPoint","urlTemplate":"https:\/\/mscreations.be\/?s={search_term_string}"},"query-input":"required name=search_term_string"}],"inLanguage":"fr-BE"},{"@type":"Organization","@id":"https:\/\/mscreations.be\/#organization","name":"M&S Creation","url":"https:\/\/mscreations.be\/","logo":{"@type":"ImageObject","inLanguage":"fr-BE","@id":"https:\/\/mscreations.be\/#\/schema\/logo\/image\/","url":"https:\/\/mscreations.be\/wp-content\/uploads\/2022\/01\/cropped-cropped-ms.png","contentUrl":"https:\/\/mscreations.be\/wp-content\/uploads\/2022\/01\/cropped-cropped-ms.png","width":512,"height":512,"caption":"M&S Creation"},"image":{"@id":"https:\/\/mscreations.be\/#\/schema\/logo\/image\/"},"sameAs":["https:\/\/www.facebook.com\/profile.php?id=100063148215530"]}]}},"_links":{"self":[{"href":"https:\/\/mscreations.be\/index.php\/wp-json\/wp\/v2\/product\/594","targetHints":{"allow":["GET"]}}],"collection":[{"href":"https:\/\/mscreations.be\/index.php\/wp-json\/wp\/v2\/product"}],"about":[{"href":"https:\/\/mscreations.be\/index.php\/wp-json\/wp\/v2\/types\/product"}],"replies":[{"embeddable":true,"href":"https:\/\/mscreations.be\/index.php\/wp-json\/wp\/v2\/comments?post=594"}],"wp:featuredmedia":[{"embeddable":true,"href":"https:\/\/mscreations.be\/index.php\/wp-json\/wp\/v2\/media\/636"}],"wp:attachment":[{"href":"https:\/\/mscreations.be\/index.php\/wp-json\/wp\/v2\/media?parent=594"}],"wp:term":[{"taxonomy":"product_cat","embeddable":true,"href":"https:\/\/mscreations.be\/index.php\/wp-json\/wp\/v2\/product_cat?post=594"},{"taxonomy":"product_tag","embeddable":true,"href":"https:\/\/mscreations.be\/index.php\/wp-json\/wp\/v2\/product_tag?post=594"}],"curies":[{"name":"wp","href":"https:\/\/api.w.org\/{rel}","templated":true}]}}