{"id":3291,"date":"2025-02-02T11:31:58","date_gmt":"2025-02-02T11:31:58","guid":{"rendered":"https:\/\/mscreations.be\/?post_type=product&#038;p=3291"},"modified":"2025-02-02T11:31:59","modified_gmt":"2025-02-02T11:31:59","slug":"esquimau-americain","status":"publish","type":"product","link":"https:\/\/mscreations.be\/index.php\/product\/esquimau-americain\/","title":{"rendered":"Esquimau am\u00e9ricain"},"content":{"rendered":"","protected":false},"excerpt":{"rendered":"<p>Une d\u00e9coration murale unique en bois repr\u00e9sentant un Esquimau am\u00e9ricain, d\u00e9coup\u00e9e avec pr\u00e9cision au laser. Parfaite comme d\u00e9coration, cadeau ou \u00e9l\u00e9ment de votre int\u00e9rieur. Commandez d\u00e8s maintenant et ajoutez une touche d\u2019\u00e9l\u00e9gance \u00e0 votre espace !<\/p>\n","protected":false},"featured_media":3292,"comment_status":"open","ping_status":"closed","template":"","meta":{"_themeisle_gutenberg_block_has_review":false},"product_cat":[42],"product_tag":[],"class_list":{"0":"post-3291","1":"product","2":"type-product","3":"status-publish","4":"has-post-thumbnail","6":"product_cat-animaux","8":"first","9":"instock","10":"shipping-taxable","11":"purchasable","12":"product-type-variable","13":"thumb-no-effect","14":"prod-rating-off"},"wcpa_form_fields":null,"yoast_head":"<!-- This site is optimized with the Yoast SEO plugin v19.13 - https:\/\/yoast.com\/wordpress\/plugins\/seo\/ -->\n<title>Esquimau am\u00e9ricain - M&amp;S Creation<\/title>\n<meta name=\"description\" content=\"Une d\u00e9coration murale unique en bois repr\u00e9sentant un Esquimau am\u00e9ricain, d\u00e9coup\u00e9e avec pr\u00e9cision au laser. Parfaite comme d\u00e9coration ou cadeau.\" \/>\n<meta name=\"robots\" content=\"index, follow, max-snippet:-1, max-image-preview:large, max-video-preview:-1\" \/>\n<link rel=\"canonical\" href=\"http:\/\/mscreations.be\/index.php\/product\/esquimau-americain\/\" \/>\n<meta property=\"og:locale\" content=\"fr_FR\" \/>\n<meta property=\"og:type\" content=\"article\" \/>\n<meta property=\"og:title\" content=\"Esquimau am\u00e9ricain - M&amp;S Creation\" \/>\n<meta property=\"og:description\" content=\"Une d\u00e9coration murale unique en bois repr\u00e9sentant un Esquimau am\u00e9ricain, d\u00e9coup\u00e9e avec pr\u00e9cision au laser. Parfaite comme d\u00e9coration ou cadeau.\" \/>\n<meta property=\"og:url\" content=\"http:\/\/mscreations.be\/index.php\/product\/esquimau-americain\/\" \/>\n<meta property=\"og:site_name\" content=\"M&amp;S Creation\" \/>\n<meta property=\"article:publisher\" content=\"https:\/\/www.facebook.com\/profile.php?id=100063148215530\" \/>\n<meta property=\"article:modified_time\" content=\"2025-02-02T11:31:59+00:00\" \/>\n<meta property=\"og:image\" content=\"http:\/\/mscreations.be\/wp-content\/uploads\/2025\/02\/Chien-esquimau-americain.png\" \/>\n\t<meta property=\"og:image:width\" content=\"400\" \/>\n\t<meta property=\"og:image:height\" content=\"400\" \/>\n\t<meta property=\"og:image:type\" content=\"image\/png\" \/>\n<meta name=\"twitter:card\" content=\"summary_large_image\" \/>\n<script type=\"application\/ld+json\" class=\"yoast-schema-graph\">{\"@context\":\"https:\/\/schema.org\",\"@graph\":[{\"@type\":\"WebPage\",\"@id\":\"http:\/\/mscreations.be\/index.php\/product\/esquimau-americain\/\",\"url\":\"http:\/\/mscreations.be\/index.php\/product\/esquimau-americain\/\",\"name\":\"Esquimau am\u00e9ricain - M&amp;S Creation\",\"isPartOf\":{\"@id\":\"https:\/\/mscreations.be\/#website\"},\"datePublished\":\"2025-02-02T11:31:58+00:00\",\"dateModified\":\"2025-02-02T11:31:59+00:00\",\"description\":\"Une d\u00e9coration murale unique en bois repr\u00e9sentant un Esquimau am\u00e9ricain, d\u00e9coup\u00e9e avec pr\u00e9cision au laser. Parfaite comme d\u00e9coration ou cadeau.\",\"breadcrumb\":{\"@id\":\"http:\/\/mscreations.be\/index.php\/product\/esquimau-americain\/#breadcrumb\"},\"inLanguage\":\"fr-BE\",\"potentialAction\":[{\"@type\":\"ReadAction\",\"target\":[\"http:\/\/mscreations.be\/index.php\/product\/esquimau-americain\/\"]}]},{\"@type\":\"BreadcrumbList\",\"@id\":\"http:\/\/mscreations.be\/index.php\/product\/esquimau-americain\/#breadcrumb\",\"itemListElement\":[{\"@type\":\"ListItem\",\"position\":1,\"name\":\"Accueil\",\"item\":\"https:\/\/mscreations.be\/\"},{\"@type\":\"ListItem\",\"position\":2,\"name\":\"Boutique\",\"item\":\"http:\/\/mscreations.be\/index.php\/shop-3\/\"},{\"@type\":\"ListItem\",\"position\":3,\"name\":\"Esquimau am\u00e9ricain\"}]},{\"@type\":\"WebSite\",\"@id\":\"https:\/\/mscreations.be\/#website\",\"url\":\"https:\/\/mscreations.be\/\",\"name\":\"M&S Creation\",\"description\":\"\",\"publisher\":{\"@id\":\"https:\/\/mscreations.be\/#organization\"},\"potentialAction\":[{\"@type\":\"SearchAction\",\"target\":{\"@type\":\"EntryPoint\",\"urlTemplate\":\"https:\/\/mscreations.be\/?s={search_term_string}\"},\"query-input\":\"required name=search_term_string\"}],\"inLanguage\":\"fr-BE\"},{\"@type\":\"Organization\",\"@id\":\"https:\/\/mscreations.be\/#organization\",\"name\":\"M&S Creation\",\"url\":\"https:\/\/mscreations.be\/\",\"logo\":{\"@type\":\"ImageObject\",\"inLanguage\":\"fr-BE\",\"@id\":\"https:\/\/mscreations.be\/#\/schema\/logo\/image\/\",\"url\":\"https:\/\/mscreations.be\/wp-content\/uploads\/2022\/01\/cropped-cropped-ms.png\",\"contentUrl\":\"https:\/\/mscreations.be\/wp-content\/uploads\/2022\/01\/cropped-cropped-ms.png\",\"width\":512,\"height\":512,\"caption\":\"M&S Creation\"},\"image\":{\"@id\":\"https:\/\/mscreations.be\/#\/schema\/logo\/image\/\"},\"sameAs\":[\"https:\/\/www.facebook.com\/profile.php?id=100063148215530\"]}]}<\/script>\n<!-- \/ Yoast SEO plugin. -->","yoast_head_json":{"title":"Esquimau am\u00e9ricain - M&amp;S Creation","description":"Une d\u00e9coration murale unique en bois repr\u00e9sentant un Esquimau am\u00e9ricain, d\u00e9coup\u00e9e avec pr\u00e9cision au laser. Parfaite comme d\u00e9coration ou cadeau.","robots":{"index":"index","follow":"follow","max-snippet":"max-snippet:-1","max-image-preview":"max-image-preview:large","max-video-preview":"max-video-preview:-1"},"canonical":"http:\/\/mscreations.be\/index.php\/product\/esquimau-americain\/","og_locale":"fr_FR","og_type":"article","og_title":"Esquimau am\u00e9ricain - M&amp;S Creation","og_description":"Une d\u00e9coration murale unique en bois repr\u00e9sentant un Esquimau am\u00e9ricain, d\u00e9coup\u00e9e avec pr\u00e9cision au laser. Parfaite comme d\u00e9coration ou cadeau.","og_url":"http:\/\/mscreations.be\/index.php\/product\/esquimau-americain\/","og_site_name":"M&amp;S Creation","article_publisher":"https:\/\/www.facebook.com\/profile.php?id=100063148215530","article_modified_time":"2025-02-02T11:31:59+00:00","og_image":[{"width":400,"height":400,"url":"http:\/\/mscreations.be\/wp-content\/uploads\/2025\/02\/Chien-esquimau-americain.png","type":"image\/png"}],"twitter_card":"summary_large_image","schema":{"@context":"https:\/\/schema.org","@graph":[{"@type":"WebPage","@id":"http:\/\/mscreations.be\/index.php\/product\/esquimau-americain\/","url":"http:\/\/mscreations.be\/index.php\/product\/esquimau-americain\/","name":"Esquimau am\u00e9ricain - M&amp;S Creation","isPartOf":{"@id":"https:\/\/mscreations.be\/#website"},"datePublished":"2025-02-02T11:31:58+00:00","dateModified":"2025-02-02T11:31:59+00:00","description":"Une d\u00e9coration murale unique en bois repr\u00e9sentant un Esquimau am\u00e9ricain, d\u00e9coup\u00e9e avec pr\u00e9cision au laser. Parfaite comme d\u00e9coration ou cadeau.","breadcrumb":{"@id":"http:\/\/mscreations.be\/index.php\/product\/esquimau-americain\/#breadcrumb"},"inLanguage":"fr-BE","potentialAction":[{"@type":"ReadAction","target":["http:\/\/mscreations.be\/index.php\/product\/esquimau-americain\/"]}]},{"@type":"BreadcrumbList","@id":"http:\/\/mscreations.be\/index.php\/product\/esquimau-americain\/#breadcrumb","itemListElement":[{"@type":"ListItem","position":1,"name":"Accueil","item":"https:\/\/mscreations.be\/"},{"@type":"ListItem","position":2,"name":"Boutique","item":"http:\/\/mscreations.be\/index.php\/shop-3\/"},{"@type":"ListItem","position":3,"name":"Esquimau am\u00e9ricain"}]},{"@type":"WebSite","@id":"https:\/\/mscreations.be\/#website","url":"https:\/\/mscreations.be\/","name":"M&S Creation","description":"","publisher":{"@id":"https:\/\/mscreations.be\/#organization"},"potentialAction":[{"@type":"SearchAction","target":{"@type":"EntryPoint","urlTemplate":"https:\/\/mscreations.be\/?s={search_term_string}"},"query-input":"required name=search_term_string"}],"inLanguage":"fr-BE"},{"@type":"Organization","@id":"https:\/\/mscreations.be\/#organization","name":"M&S Creation","url":"https:\/\/mscreations.be\/","logo":{"@type":"ImageObject","inLanguage":"fr-BE","@id":"https:\/\/mscreations.be\/#\/schema\/logo\/image\/","url":"https:\/\/mscreations.be\/wp-content\/uploads\/2022\/01\/cropped-cropped-ms.png","contentUrl":"https:\/\/mscreations.be\/wp-content\/uploads\/2022\/01\/cropped-cropped-ms.png","width":512,"height":512,"caption":"M&S Creation"},"image":{"@id":"https:\/\/mscreations.be\/#\/schema\/logo\/image\/"},"sameAs":["https:\/\/www.facebook.com\/profile.php?id=100063148215530"]}]}},"_links":{"self":[{"href":"https:\/\/mscreations.be\/index.php\/wp-json\/wp\/v2\/product\/3291","targetHints":{"allow":["GET"]}}],"collection":[{"href":"https:\/\/mscreations.be\/index.php\/wp-json\/wp\/v2\/product"}],"about":[{"href":"https:\/\/mscreations.be\/index.php\/wp-json\/wp\/v2\/types\/product"}],"replies":[{"embeddable":true,"href":"https:\/\/mscreations.be\/index.php\/wp-json\/wp\/v2\/comments?post=3291"}],"wp:featuredmedia":[{"embeddable":true,"href":"https:\/\/mscreations.be\/index.php\/wp-json\/wp\/v2\/media\/3292"}],"wp:attachment":[{"href":"https:\/\/mscreations.be\/index.php\/wp-json\/wp\/v2\/media?parent=3291"}],"wp:term":[{"taxonomy":"product_cat","embeddable":true,"href":"https:\/\/mscreations.be\/index.php\/wp-json\/wp\/v2\/product_cat?post=3291"},{"taxonomy":"product_tag","embeddable":true,"href":"https:\/\/mscreations.be\/index.php\/wp-json\/wp\/v2\/product_tag?post=3291"}],"curies":[{"name":"wp","href":"https:\/\/api.w.org\/{rel}","templated":true}]}}