{"id":2924,"date":"2024-08-25T10:19:04","date_gmt":"2024-08-25T10:19:04","guid":{"rendered":"https:\/\/mscreations.be\/?post_type=product&#038;p=2924"},"modified":"2024-08-25T10:19:05","modified_gmt":"2024-08-25T10:19:05","slug":"horloge-arbre-cadres-photos","status":"publish","type":"product","link":"https:\/\/mscreations.be\/index.php\/product\/horloge-arbre-cadres-photos\/","title":{"rendered":"Horloge Arbre + cadres photos"},"content":{"rendered":"<p>Notre horloge arbre en bois + cadres photos transformera n&#8217;importe quel mur ordinaire en un bel endroit o\u00f9 vous pourrez placer vos photos de famille.<\/p>\n<p>Notre horloge est fabriqu\u00e9e soit en bois mdf teint\u00e9 noir ou en contre-plaqu\u00e9 ch\u00eane massif.<\/p>\n<p>Notre horloge est accompagn\u00e9e de 5 cadres photos de:\u00a0 \u00a0 &#8211; 9 x 9 cm pour le format de 60 cm<\/p>\n<p>&#8211; 12 x 12 cm pour le format de 80 cm<\/p>\n<p>Les cadres seront fournis avec des verres de protection en acrylique.<\/p>\n<p>Cette horloge est un cadeau unique parfait pour tout le monde.<\/p>\n<p>Il vous est possible d&#8217;ajouter des cadres, de modifier la disposition ou de personnaliser les dimensions. Pour toutes modifications, n&#8217;h\u00e9sitez pas \u00e0 nous contacter par courriel, t\u00e9l\u00e9phone ou via les r\u00e9seaux sociaux.<\/p>\n","protected":false},"excerpt":{"rendered":"<p>Notre horloge arbre + cadres photos disponible en plusieurs dimensions et coloris s&#8217;accorde \u00e0 toutes les types de d\u00e9corations d&#8217;int\u00e9rieur (d\u00e9coration moderne, rustique, vintage, &#8230;) Cette horloge murale en bois (mdf)\u00a0 teint\u00e9 noir ou en contre-plaqu\u00e9 ch\u00eane massif est id\u00e9ale pour donner une touche d&#8217;originalit\u00e9 \u00e0 une pi\u00e8ce de vie&hellip;<\/p>\n","protected":false},"featured_media":2925,"comment_status":"open","ping_status":"closed","template":"","meta":{"_themeisle_gutenberg_block_has_review":false},"product_cat":[34],"product_tag":[],"class_list":{"0":"post-2924","1":"product","2":"type-product","3":"status-publish","4":"has-post-thumbnail","6":"product_cat-horloges","8":"first","9":"instock","10":"shipping-taxable","11":"purchasable","12":"product-type-variable","13":"has-default-attributes","14":"thumb-no-effect","15":"prod-rating-off"},"wcpa_form_fields":null,"yoast_head":"<!-- This site is optimized with the Yoast SEO plugin v19.13 - https:\/\/yoast.com\/wordpress\/plugins\/seo\/ -->\n<title>Horloge Arbre + cadres photos - M&amp;S Creation<\/title>\n<meta name=\"description\" content=\"Notre horloge arbre en bois + cadres photos transformera n&#039;importe quel mur en un bel endroit o\u00f9 vous pourrez placer vos photos de famille.\u00a0\" \/>\n<meta name=\"robots\" content=\"index, follow, max-snippet:-1, max-image-preview:large, max-video-preview:-1\" \/>\n<link rel=\"canonical\" href=\"https:\/\/mscreations.be\/index.php\/product\/horloge-arbre-cadres-photos\/\" \/>\n<meta property=\"og:locale\" content=\"fr_FR\" \/>\n<meta property=\"og:type\" content=\"article\" \/>\n<meta property=\"og:title\" content=\"Horloge Arbre + cadres photos - M&amp;S Creation\" \/>\n<meta property=\"og:description\" content=\"Notre horloge arbre en bois + cadres photos transformera n&#039;importe quel mur en un bel endroit o\u00f9 vous pourrez placer vos photos de famille.\u00a0\" \/>\n<meta property=\"og:url\" content=\"https:\/\/mscreations.be\/index.php\/product\/horloge-arbre-cadres-photos\/\" \/>\n<meta property=\"og:site_name\" content=\"M&amp;S Creation\" \/>\n<meta property=\"article:publisher\" content=\"https:\/\/www.facebook.com\/profile.php?id=100063148215530\" \/>\n<meta property=\"article:modified_time\" content=\"2024-08-25T10:19:05+00:00\" \/>\n<meta property=\"og:image\" content=\"https:\/\/mscreations.be\/wp-content\/uploads\/2024\/08\/Horloge-arbre-WEB.jpg\" \/>\n\t<meta property=\"og:image:width\" content=\"800\" \/>\n\t<meta property=\"og:image:height\" content=\"560\" \/>\n\t<meta property=\"og:image:type\" content=\"image\/jpeg\" \/>\n<meta name=\"twitter:card\" content=\"summary_large_image\" \/>\n<meta name=\"twitter:label1\" content=\"Dur\u00e9e de lecture est.\" \/>\n\t<meta name=\"twitter:data1\" content=\"1 minute\" \/>\n<script type=\"application\/ld+json\" class=\"yoast-schema-graph\">{\"@context\":\"https:\/\/schema.org\",\"@graph\":[{\"@type\":\"WebPage\",\"@id\":\"https:\/\/mscreations.be\/index.php\/product\/horloge-arbre-cadres-photos\/\",\"url\":\"https:\/\/mscreations.be\/index.php\/product\/horloge-arbre-cadres-photos\/\",\"name\":\"Horloge Arbre + cadres photos - M&amp;S Creation\",\"isPartOf\":{\"@id\":\"http:\/\/mscreations.be\/#website\"},\"datePublished\":\"2024-08-25T10:19:04+00:00\",\"dateModified\":\"2024-08-25T10:19:05+00:00\",\"description\":\"Notre horloge arbre en bois + cadres photos transformera n'importe quel mur en un bel endroit o\u00f9 vous pourrez placer vos photos de famille.\u00a0\",\"breadcrumb\":{\"@id\":\"https:\/\/mscreations.be\/index.php\/product\/horloge-arbre-cadres-photos\/#breadcrumb\"},\"inLanguage\":\"fr-BE\",\"potentialAction\":[{\"@type\":\"ReadAction\",\"target\":[\"https:\/\/mscreations.be\/index.php\/product\/horloge-arbre-cadres-photos\/\"]}]},{\"@type\":\"BreadcrumbList\",\"@id\":\"https:\/\/mscreations.be\/index.php\/product\/horloge-arbre-cadres-photos\/#breadcrumb\",\"itemListElement\":[{\"@type\":\"ListItem\",\"position\":1,\"name\":\"Accueil\",\"item\":\"http:\/\/mscreations.be\/\"},{\"@type\":\"ListItem\",\"position\":2,\"name\":\"Boutique\",\"item\":\"http:\/\/mscreations.be\/index.php\/shop-3\/\"},{\"@type\":\"ListItem\",\"position\":3,\"name\":\"Horloge Arbre + cadres photos\"}]},{\"@type\":\"WebSite\",\"@id\":\"http:\/\/mscreations.be\/#website\",\"url\":\"http:\/\/mscreations.be\/\",\"name\":\"M&S Creation\",\"description\":\"\",\"publisher\":{\"@id\":\"http:\/\/mscreations.be\/#organization\"},\"potentialAction\":[{\"@type\":\"SearchAction\",\"target\":{\"@type\":\"EntryPoint\",\"urlTemplate\":\"http:\/\/mscreations.be\/?s={search_term_string}\"},\"query-input\":\"required name=search_term_string\"}],\"inLanguage\":\"fr-BE\"},{\"@type\":\"Organization\",\"@id\":\"http:\/\/mscreations.be\/#organization\",\"name\":\"M&S Creation\",\"url\":\"http:\/\/mscreations.be\/\",\"logo\":{\"@type\":\"ImageObject\",\"inLanguage\":\"fr-BE\",\"@id\":\"http:\/\/mscreations.be\/#\/schema\/logo\/image\/\",\"url\":\"https:\/\/mscreations.be\/wp-content\/uploads\/2022\/01\/cropped-cropped-ms.png\",\"contentUrl\":\"https:\/\/mscreations.be\/wp-content\/uploads\/2022\/01\/cropped-cropped-ms.png\",\"width\":512,\"height\":512,\"caption\":\"M&S Creation\"},\"image\":{\"@id\":\"http:\/\/mscreations.be\/#\/schema\/logo\/image\/\"},\"sameAs\":[\"https:\/\/www.facebook.com\/profile.php?id=100063148215530\"]}]}<\/script>\n<!-- \/ Yoast SEO plugin. -->","yoast_head_json":{"title":"Horloge Arbre + cadres photos - M&amp;S Creation","description":"Notre horloge arbre en bois + cadres photos transformera n'importe quel mur en un bel endroit o\u00f9 vous pourrez placer vos photos de famille.\u00a0","robots":{"index":"index","follow":"follow","max-snippet":"max-snippet:-1","max-image-preview":"max-image-preview:large","max-video-preview":"max-video-preview:-1"},"canonical":"https:\/\/mscreations.be\/index.php\/product\/horloge-arbre-cadres-photos\/","og_locale":"fr_FR","og_type":"article","og_title":"Horloge Arbre + cadres photos - M&amp;S Creation","og_description":"Notre horloge arbre en bois + cadres photos transformera n'importe quel mur en un bel endroit o\u00f9 vous pourrez placer vos photos de famille.\u00a0","og_url":"https:\/\/mscreations.be\/index.php\/product\/horloge-arbre-cadres-photos\/","og_site_name":"M&amp;S Creation","article_publisher":"https:\/\/www.facebook.com\/profile.php?id=100063148215530","article_modified_time":"2024-08-25T10:19:05+00:00","og_image":[{"width":800,"height":560,"url":"https:\/\/mscreations.be\/wp-content\/uploads\/2024\/08\/Horloge-arbre-WEB.jpg","type":"image\/jpeg"}],"twitter_card":"summary_large_image","twitter_misc":{"Dur\u00e9e de lecture est.":"1 minute"},"schema":{"@context":"https:\/\/schema.org","@graph":[{"@type":"WebPage","@id":"https:\/\/mscreations.be\/index.php\/product\/horloge-arbre-cadres-photos\/","url":"https:\/\/mscreations.be\/index.php\/product\/horloge-arbre-cadres-photos\/","name":"Horloge Arbre + cadres photos - M&amp;S Creation","isPartOf":{"@id":"http:\/\/mscreations.be\/#website"},"datePublished":"2024-08-25T10:19:04+00:00","dateModified":"2024-08-25T10:19:05+00:00","description":"Notre horloge arbre en bois + cadres photos transformera n'importe quel mur en un bel endroit o\u00f9 vous pourrez placer vos photos de famille.\u00a0","breadcrumb":{"@id":"https:\/\/mscreations.be\/index.php\/product\/horloge-arbre-cadres-photos\/#breadcrumb"},"inLanguage":"fr-BE","potentialAction":[{"@type":"ReadAction","target":["https:\/\/mscreations.be\/index.php\/product\/horloge-arbre-cadres-photos\/"]}]},{"@type":"BreadcrumbList","@id":"https:\/\/mscreations.be\/index.php\/product\/horloge-arbre-cadres-photos\/#breadcrumb","itemListElement":[{"@type":"ListItem","position":1,"name":"Accueil","item":"http:\/\/mscreations.be\/"},{"@type":"ListItem","position":2,"name":"Boutique","item":"http:\/\/mscreations.be\/index.php\/shop-3\/"},{"@type":"ListItem","position":3,"name":"Horloge Arbre + cadres photos"}]},{"@type":"WebSite","@id":"http:\/\/mscreations.be\/#website","url":"http:\/\/mscreations.be\/","name":"M&S Creation","description":"","publisher":{"@id":"http:\/\/mscreations.be\/#organization"},"potentialAction":[{"@type":"SearchAction","target":{"@type":"EntryPoint","urlTemplate":"http:\/\/mscreations.be\/?s={search_term_string}"},"query-input":"required name=search_term_string"}],"inLanguage":"fr-BE"},{"@type":"Organization","@id":"http:\/\/mscreations.be\/#organization","name":"M&S Creation","url":"http:\/\/mscreations.be\/","logo":{"@type":"ImageObject","inLanguage":"fr-BE","@id":"http:\/\/mscreations.be\/#\/schema\/logo\/image\/","url":"https:\/\/mscreations.be\/wp-content\/uploads\/2022\/01\/cropped-cropped-ms.png","contentUrl":"https:\/\/mscreations.be\/wp-content\/uploads\/2022\/01\/cropped-cropped-ms.png","width":512,"height":512,"caption":"M&S Creation"},"image":{"@id":"http:\/\/mscreations.be\/#\/schema\/logo\/image\/"},"sameAs":["https:\/\/www.facebook.com\/profile.php?id=100063148215530"]}]}},"_links":{"self":[{"href":"https:\/\/mscreations.be\/index.php\/wp-json\/wp\/v2\/product\/2924","targetHints":{"allow":["GET"]}}],"collection":[{"href":"https:\/\/mscreations.be\/index.php\/wp-json\/wp\/v2\/product"}],"about":[{"href":"https:\/\/mscreations.be\/index.php\/wp-json\/wp\/v2\/types\/product"}],"replies":[{"embeddable":true,"href":"https:\/\/mscreations.be\/index.php\/wp-json\/wp\/v2\/comments?post=2924"}],"wp:featuredmedia":[{"embeddable":true,"href":"https:\/\/mscreations.be\/index.php\/wp-json\/wp\/v2\/media\/2925"}],"wp:attachment":[{"href":"https:\/\/mscreations.be\/index.php\/wp-json\/wp\/v2\/media?parent=2924"}],"wp:term":[{"taxonomy":"product_cat","embeddable":true,"href":"https:\/\/mscreations.be\/index.php\/wp-json\/wp\/v2\/product_cat?post=2924"},{"taxonomy":"product_tag","embeddable":true,"href":"https:\/\/mscreations.be\/index.php\/wp-json\/wp\/v2\/product_tag?post=2924"}],"curies":[{"name":"wp","href":"https:\/\/api.w.org\/{rel}","templated":true}]}}