{"id":2902,"date":"2024-08-15T11:56:09","date_gmt":"2024-08-15T11:56:09","guid":{"rendered":"https:\/\/mscreations.be\/?post_type=product&#038;p=2902"},"modified":"2024-09-13T15:49:05","modified_gmt":"2024-09-13T15:49:05","slug":"horloge-arbre-de-vie-2","status":"publish","type":"product","link":"https:\/\/mscreations.be\/index.php\/product\/horloge-arbre-de-vie-2\/","title":{"rendered":"Horloge Arbre de vie 2"},"content":{"rendered":"<p>Horloge r\u00e9alis\u00e9e en bois mdf teint\u00e9 noir ou en plaquage ch\u00eane massif.<\/p>\n<p>Disponible en plusieurs dimensions<\/p>\n<p>piles AA non fournies<\/p>\n<p>Cette horloge murale en bois est id\u00e9ale pour donner une touche d&#8217;originalit\u00e9 \u00e0 une pi\u00e8ce de vie de votre maison.<\/p>\n<p>&nbsp;<\/p>\n<p>Nos articles similaires:\u00a0<a href=\"https:\/\/mscreations.be\/index.php\/product\/arbre-de-vie-2\/\">Arbre de vie 2 <\/a>,\u00a0<a href=\"https:\/\/mscreations.be\/index.php\/product\/horloge-arbre-de-vie\/\">Horloge arbre de vie<\/a><\/p>\n<p><a href=\"https:\/\/www.facebook.com\/profile.php?id=100063148215530\">https:\/\/www.facebook.com\/profile.php?id=100063148215530<\/a><\/p>\n<p><a href=\"https:\/\/www.instagram.com\/mis.creations1\/\">https:\/\/www.instagram.com\/mis.creations1\/<\/a><\/p>\n","protected":false},"excerpt":{"rendered":"<p>Notre horloge arbre de vie disponible en plusieurs dimensions et coloris s&#8217;accorde \u00e0 toutes les types de d\u00e9corations d&#8217;int\u00e9rieur (d\u00e9coration moderne, rustique, vintage, &#8230;) Cette horloge murale en bois (mdf)\u00a0 teint\u00e9 noir ou en plaquage ch\u00eane massif est id\u00e9ale pour donner une touche d&#8217;originalit\u00e9 \u00e0 une pi\u00e8ce de vie de&hellip;<\/p>\n","protected":false},"featured_media":2904,"comment_status":"open","ping_status":"closed","template":"","meta":{"_themeisle_gutenberg_block_has_review":false},"product_cat":[104,34],"product_tag":[],"class_list":{"0":"post-2902","1":"product","2":"type-product","3":"status-publish","4":"has-post-thumbnail","6":"product_cat-arbre-de-vie","7":"product_cat-horloges","9":"first","10":"instock","11":"shipping-taxable","12":"purchasable","13":"product-type-variable","14":"thumb-no-effect","15":"prod-rating-off"},"wcpa_form_fields":null,"yoast_head":"<!-- This site is optimized with the Yoast SEO plugin v19.13 - https:\/\/yoast.com\/wordpress\/plugins\/seo\/ -->\n<title>Horloge Arbre de vie 2 - M&amp;S Creation<\/title>\n<meta name=\"description\" content=\"Cette horloge murale en bois &quot;Arbre de vie 2&quot; est id\u00e9ale pour donner une touche d&#039;originalit\u00e9 \u00e0 une pi\u00e8ce de vie de votre maison\" \/>\n<meta name=\"robots\" content=\"index, follow, max-snippet:-1, max-image-preview:large, max-video-preview:-1\" \/>\n<link rel=\"canonical\" href=\"https:\/\/mscreations.be\/index.php\/product\/horloge-arbre-de-vie-2\/\" \/>\n<meta property=\"og:locale\" content=\"fr_FR\" \/>\n<meta property=\"og:type\" content=\"article\" \/>\n<meta property=\"og:title\" content=\"Horloge Arbre de vie 2 - M&amp;S Creation\" \/>\n<meta property=\"og:description\" content=\"Cette horloge murale en bois &quot;Arbre de vie 2&quot; est id\u00e9ale pour donner une touche d&#039;originalit\u00e9 \u00e0 une pi\u00e8ce de vie de votre maison\" \/>\n<meta property=\"og:url\" content=\"https:\/\/mscreations.be\/index.php\/product\/horloge-arbre-de-vie-2\/\" \/>\n<meta property=\"og:site_name\" content=\"M&amp;S Creation\" \/>\n<meta property=\"article:publisher\" content=\"https:\/\/www.facebook.com\/profile.php?id=100063148215530\" \/>\n<meta property=\"article:modified_time\" content=\"2024-09-13T15:49:05+00:00\" \/>\n<meta property=\"og:image\" content=\"https:\/\/mscreations.be\/wp-content\/uploads\/2024\/08\/Horloge-arbre-de-vie-2-80cm-WEB.jpg\" \/>\n\t<meta property=\"og:image:width\" content=\"800\" \/>\n\t<meta property=\"og:image:height\" content=\"800\" \/>\n\t<meta property=\"og:image:type\" content=\"image\/jpeg\" \/>\n<meta name=\"twitter:card\" content=\"summary_large_image\" \/>\n<meta name=\"twitter:label1\" content=\"Dur\u00e9e de lecture est.\" \/>\n\t<meta name=\"twitter:data1\" content=\"1 minute\" \/>\n<script type=\"application\/ld+json\" class=\"yoast-schema-graph\">{\"@context\":\"https:\/\/schema.org\",\"@graph\":[{\"@type\":\"WebPage\",\"@id\":\"https:\/\/mscreations.be\/index.php\/product\/horloge-arbre-de-vie-2\/\",\"url\":\"https:\/\/mscreations.be\/index.php\/product\/horloge-arbre-de-vie-2\/\",\"name\":\"Horloge Arbre de vie 2 - M&amp;S Creation\",\"isPartOf\":{\"@id\":\"https:\/\/mscreations.be\/#website\"},\"datePublished\":\"2024-08-15T11:56:09+00:00\",\"dateModified\":\"2024-09-13T15:49:05+00:00\",\"description\":\"Cette horloge murale en bois \\\"Arbre de vie 2\\\" est id\u00e9ale pour donner une touche d'originalit\u00e9 \u00e0 une pi\u00e8ce de vie de votre maison\",\"breadcrumb\":{\"@id\":\"https:\/\/mscreations.be\/index.php\/product\/horloge-arbre-de-vie-2\/#breadcrumb\"},\"inLanguage\":\"fr-BE\",\"potentialAction\":[{\"@type\":\"ReadAction\",\"target\":[\"https:\/\/mscreations.be\/index.php\/product\/horloge-arbre-de-vie-2\/\"]}]},{\"@type\":\"BreadcrumbList\",\"@id\":\"https:\/\/mscreations.be\/index.php\/product\/horloge-arbre-de-vie-2\/#breadcrumb\",\"itemListElement\":[{\"@type\":\"ListItem\",\"position\":1,\"name\":\"Accueil\",\"item\":\"https:\/\/mscreations.be\/\"},{\"@type\":\"ListItem\",\"position\":2,\"name\":\"Boutique\",\"item\":\"http:\/\/mscreations.be\/index.php\/shop-3\/\"},{\"@type\":\"ListItem\",\"position\":3,\"name\":\"Horloge Arbre de vie 2\"}]},{\"@type\":\"WebSite\",\"@id\":\"https:\/\/mscreations.be\/#website\",\"url\":\"https:\/\/mscreations.be\/\",\"name\":\"M&S Creation\",\"description\":\"\",\"publisher\":{\"@id\":\"https:\/\/mscreations.be\/#organization\"},\"potentialAction\":[{\"@type\":\"SearchAction\",\"target\":{\"@type\":\"EntryPoint\",\"urlTemplate\":\"https:\/\/mscreations.be\/?s={search_term_string}\"},\"query-input\":\"required name=search_term_string\"}],\"inLanguage\":\"fr-BE\"},{\"@type\":\"Organization\",\"@id\":\"https:\/\/mscreations.be\/#organization\",\"name\":\"M&S Creation\",\"url\":\"https:\/\/mscreations.be\/\",\"logo\":{\"@type\":\"ImageObject\",\"inLanguage\":\"fr-BE\",\"@id\":\"https:\/\/mscreations.be\/#\/schema\/logo\/image\/\",\"url\":\"https:\/\/mscreations.be\/wp-content\/uploads\/2022\/01\/cropped-cropped-ms.png\",\"contentUrl\":\"https:\/\/mscreations.be\/wp-content\/uploads\/2022\/01\/cropped-cropped-ms.png\",\"width\":512,\"height\":512,\"caption\":\"M&S Creation\"},\"image\":{\"@id\":\"https:\/\/mscreations.be\/#\/schema\/logo\/image\/\"},\"sameAs\":[\"https:\/\/www.facebook.com\/profile.php?id=100063148215530\"]}]}<\/script>\n<!-- \/ Yoast SEO plugin. -->","yoast_head_json":{"title":"Horloge Arbre de vie 2 - M&amp;S Creation","description":"Cette horloge murale en bois \"Arbre de vie 2\" est id\u00e9ale pour donner une touche d'originalit\u00e9 \u00e0 une pi\u00e8ce de vie de votre maison","robots":{"index":"index","follow":"follow","max-snippet":"max-snippet:-1","max-image-preview":"max-image-preview:large","max-video-preview":"max-video-preview:-1"},"canonical":"https:\/\/mscreations.be\/index.php\/product\/horloge-arbre-de-vie-2\/","og_locale":"fr_FR","og_type":"article","og_title":"Horloge Arbre de vie 2 - M&amp;S Creation","og_description":"Cette horloge murale en bois \"Arbre de vie 2\" est id\u00e9ale pour donner une touche d'originalit\u00e9 \u00e0 une pi\u00e8ce de vie de votre maison","og_url":"https:\/\/mscreations.be\/index.php\/product\/horloge-arbre-de-vie-2\/","og_site_name":"M&amp;S Creation","article_publisher":"https:\/\/www.facebook.com\/profile.php?id=100063148215530","article_modified_time":"2024-09-13T15:49:05+00:00","og_image":[{"width":800,"height":800,"url":"https:\/\/mscreations.be\/wp-content\/uploads\/2024\/08\/Horloge-arbre-de-vie-2-80cm-WEB.jpg","type":"image\/jpeg"}],"twitter_card":"summary_large_image","twitter_misc":{"Dur\u00e9e de lecture est.":"1 minute"},"schema":{"@context":"https:\/\/schema.org","@graph":[{"@type":"WebPage","@id":"https:\/\/mscreations.be\/index.php\/product\/horloge-arbre-de-vie-2\/","url":"https:\/\/mscreations.be\/index.php\/product\/horloge-arbre-de-vie-2\/","name":"Horloge Arbre de vie 2 - M&amp;S Creation","isPartOf":{"@id":"https:\/\/mscreations.be\/#website"},"datePublished":"2024-08-15T11:56:09+00:00","dateModified":"2024-09-13T15:49:05+00:00","description":"Cette horloge murale en bois \"Arbre de vie 2\" est id\u00e9ale pour donner une touche d'originalit\u00e9 \u00e0 une pi\u00e8ce de vie de votre maison","breadcrumb":{"@id":"https:\/\/mscreations.be\/index.php\/product\/horloge-arbre-de-vie-2\/#breadcrumb"},"inLanguage":"fr-BE","potentialAction":[{"@type":"ReadAction","target":["https:\/\/mscreations.be\/index.php\/product\/horloge-arbre-de-vie-2\/"]}]},{"@type":"BreadcrumbList","@id":"https:\/\/mscreations.be\/index.php\/product\/horloge-arbre-de-vie-2\/#breadcrumb","itemListElement":[{"@type":"ListItem","position":1,"name":"Accueil","item":"https:\/\/mscreations.be\/"},{"@type":"ListItem","position":2,"name":"Boutique","item":"http:\/\/mscreations.be\/index.php\/shop-3\/"},{"@type":"ListItem","position":3,"name":"Horloge Arbre de vie 2"}]},{"@type":"WebSite","@id":"https:\/\/mscreations.be\/#website","url":"https:\/\/mscreations.be\/","name":"M&S Creation","description":"","publisher":{"@id":"https:\/\/mscreations.be\/#organization"},"potentialAction":[{"@type":"SearchAction","target":{"@type":"EntryPoint","urlTemplate":"https:\/\/mscreations.be\/?s={search_term_string}"},"query-input":"required name=search_term_string"}],"inLanguage":"fr-BE"},{"@type":"Organization","@id":"https:\/\/mscreations.be\/#organization","name":"M&S Creation","url":"https:\/\/mscreations.be\/","logo":{"@type":"ImageObject","inLanguage":"fr-BE","@id":"https:\/\/mscreations.be\/#\/schema\/logo\/image\/","url":"https:\/\/mscreations.be\/wp-content\/uploads\/2022\/01\/cropped-cropped-ms.png","contentUrl":"https:\/\/mscreations.be\/wp-content\/uploads\/2022\/01\/cropped-cropped-ms.png","width":512,"height":512,"caption":"M&S Creation"},"image":{"@id":"https:\/\/mscreations.be\/#\/schema\/logo\/image\/"},"sameAs":["https:\/\/www.facebook.com\/profile.php?id=100063148215530"]}]}},"_links":{"self":[{"href":"https:\/\/mscreations.be\/index.php\/wp-json\/wp\/v2\/product\/2902","targetHints":{"allow":["GET"]}}],"collection":[{"href":"https:\/\/mscreations.be\/index.php\/wp-json\/wp\/v2\/product"}],"about":[{"href":"https:\/\/mscreations.be\/index.php\/wp-json\/wp\/v2\/types\/product"}],"replies":[{"embeddable":true,"href":"https:\/\/mscreations.be\/index.php\/wp-json\/wp\/v2\/comments?post=2902"}],"wp:featuredmedia":[{"embeddable":true,"href":"https:\/\/mscreations.be\/index.php\/wp-json\/wp\/v2\/media\/2904"}],"wp:attachment":[{"href":"https:\/\/mscreations.be\/index.php\/wp-json\/wp\/v2\/media?parent=2902"}],"wp:term":[{"taxonomy":"product_cat","embeddable":true,"href":"https:\/\/mscreations.be\/index.php\/wp-json\/wp\/v2\/product_cat?post=2902"},{"taxonomy":"product_tag","embeddable":true,"href":"https:\/\/mscreations.be\/index.php\/wp-json\/wp\/v2\/product_tag?post=2902"}],"curies":[{"name":"wp","href":"https:\/\/api.w.org\/{rel}","templated":true}]}}