{"id":1772,"date":"2023-02-16T17:45:51","date_gmt":"2023-02-16T17:45:51","guid":{"rendered":"https:\/\/mscreations.be\/?post_type=product&#038;p=1772"},"modified":"2025-02-02T10:53:28","modified_gmt":"2025-02-02T10:53:28","slug":"arbre-genealogique-oiseaux","status":"publish","type":"product","link":"https:\/\/mscreations.be\/index.php\/product\/arbre-genealogique-oiseaux\/","title":{"rendered":"Arbre g\u00e9n\u00e9alogique + oiseaux"},"content":{"rendered":"<p>Arbre g\u00e9n\u00e9alogique + oiseaux disponible en plusieurs dimensions et coloris avec 6 pr\u00e9noms au maximum.<\/p>\n<p>Cette d\u00e9coration murale en bois (mdf) est id\u00e9ale pour donner une touche de personnalisation \u00e0 une pi\u00e8ce de vie de votre maison.<\/p>\n<p>Cette arbre de vie personnalisable permet de repr\u00e9senter les membres de votre famille.<\/p>\n<p>Pour plus de pr\u00e9noms, contactez nous par mail \u00e0 l&#8217;adresse mmiss.creations@gmail.com ou via les r\u00e9seaux sociaux.<\/p>\n<p><a href=\"https:\/\/www.facebook.com\/profile.php?id=100063148215530\">https:\/\/www.facebook.com\/profile.php?id=100063148215530<\/a><\/p>\n<p><a href=\"https:\/\/www.instagram.com\/mis.creations1\/\">https:\/\/www.instagram.com\/mis.creations1\/\u00a0<\/a><\/p>\n","protected":false},"excerpt":{"rendered":"<p>Arbre g\u00e9n\u00e9alogique + oiseaux disponible en plusieurs dimensions et coloris avec 6 pr\u00e9noms au maximum. Pour plus de pr\u00e9noms, contactez nous par mail \u00e0 l&#8217;adresse mmiss.creations@gmail.com ou via les r\u00e9seaux sociaux. https:\/\/www.facebook.com\/profile.php?id=100063148215530 https:\/\/www.instagram.com\/mis.creations1\/ &nbsp;<\/p>\n","protected":false},"featured_media":1773,"comment_status":"open","ping_status":"closed","template":"","meta":{"_themeisle_gutenberg_block_has_review":false},"product_cat":[104,38,87],"product_tag":[],"class_list":{"0":"post-1772","1":"product","2":"type-product","3":"status-publish","4":"has-post-thumbnail","6":"product_cat-arbre-de-vie","7":"product_cat-decorations-murales","8":"product_cat-promotions","9":"wcpa_has_options","11":"first","12":"instock","13":"sale","14":"shipping-taxable","15":"purchasable","16":"product-type-variable","17":"has-default-attributes","18":"thumb-no-effect","19":"prod-rating-off"},"wcpa_form_fields":{"rules":{"pric_overide_base_price":false,"pric_overide_base_price_if_gt_zero":false,"pric_cal_option_once":false,"pric_use_as_fee":false,"bind_quantity":false,"quantity_bind_formula":false},"fields":[{"type":"text","required":true,"elementId":"wcpa-text-1666720969045","label":"Pr\u00e9nom maman","pricingType":"fixed","name":"text-1666720969045","subtype":"text","cl_rule":"show","col":6,"relations":false,"form_id":1403,"form_rules":{"pric_cal_option_once":false,"exclude_from_discount":false,"pric_use_as_fee":false,"fee_label":"Fee","render_after_acb":false,"disp_hide_options_price":false}},{"type":"text","required":true,"elementId":"wcpa-text-1666720970535","label":"Pr\u00e9nom papa","pricingType":"fixed","name":"text-1666720970535","subtype":"text","cl_rule":"show","col":6,"relations":false,"form_id":1403,"form_rules":{"pric_cal_option_once":false,"exclude_from_discount":false,"pric_use_as_fee":false,"fee_label":"Fee","render_after_acb":false,"disp_hide_options_price":false}},{"type":"text","elementId":"wcpa-text-1666720971404","label":"Pr\u00e9nom enfant 1","pricingType":"fixed","name":"text-1666720971404","subtype":"text","cl_rule":"show","col":6,"relations":false,"form_id":1403,"form_rules":{"pric_cal_option_once":false,"exclude_from_discount":false,"pric_use_as_fee":false,"fee_label":"Fee","render_after_acb":false,"disp_hide_options_price":false}},{"type":"text","elementId":"wcpa-text-1666720972393","label":"Pr\u00e9nom enfant 2","pricingType":"fixed","name":"text-1666720972393","subtype":"text","cl_rule":"show","col":6,"relations":false,"form_id":1403,"form_rules":{"pric_cal_option_once":false,"exclude_from_discount":false,"pric_use_as_fee":false,"fee_label":"Fee","render_after_acb":false,"disp_hide_options_price":false}},{"type":"text","elementId":"wcpa-text-1666720973116","label":"Pr\u00e9nom enfant 3","pricingType":"fixed","name":"text-1666720973116","subtype":"text","cl_rule":"show","col":6,"relations":false,"form_id":1403,"form_rules":{"pric_cal_option_once":false,"exclude_from_discount":false,"pric_use_as_fee":false,"fee_label":"Fee","render_after_acb":false,"disp_hide_options_price":false}},{"type":"text","elementId":"wcpa-text-1666720978231","label":"Pr\u00e9nom enfant 4","pricingType":"fixed","name":"text-1666720978231","subtype":"text","cl_rule":"show","col":6,"relations":false,"form_id":1403,"form_rules":{"pric_cal_option_once":false,"exclude_from_discount":false,"pric_use_as_fee":false,"fee_label":"Fee","render_after_acb":false,"disp_hide_options_price":false}}]},"yoast_head":"<!-- This site is optimized with the Yoast SEO plugin v19.13 - https:\/\/yoast.com\/wordpress\/plugins\/seo\/ -->\n<title>Arbre g\u00e9n\u00e9alogique + oiseaux - M&amp;S Creation<\/title>\n<meta name=\"description\" content=\"Cette d\u00e9coration murale en bois est id\u00e9ale pour donner une touche de personnalisation \u00e0 une pi\u00e8ce de vie de votre maison.\" \/>\n<meta name=\"robots\" content=\"index, follow, max-snippet:-1, max-image-preview:large, max-video-preview:-1\" \/>\n<link rel=\"canonical\" href=\"https:\/\/mscreations.be\/index.php\/product\/arbre-genealogique-oiseaux\/\" \/>\n<meta property=\"og:locale\" content=\"fr_FR\" \/>\n<meta property=\"og:type\" content=\"article\" \/>\n<meta property=\"og:title\" content=\"Arbre g\u00e9n\u00e9alogique + oiseaux - M&amp;S Creation\" \/>\n<meta property=\"og:description\" content=\"Cette d\u00e9coration murale en bois est id\u00e9ale pour donner une touche de personnalisation \u00e0 une pi\u00e8ce de vie de votre maison.\" \/>\n<meta property=\"og:url\" content=\"https:\/\/mscreations.be\/index.php\/product\/arbre-genealogique-oiseaux\/\" \/>\n<meta property=\"og:site_name\" content=\"M&amp;S Creation\" \/>\n<meta property=\"article:publisher\" content=\"https:\/\/www.facebook.com\/profile.php?id=100063148215530\" \/>\n<meta property=\"article:modified_time\" content=\"2025-02-02T10:53:28+00:00\" \/>\n<meta property=\"og:image\" content=\"https:\/\/mscreations.be\/wp-content\/uploads\/2023\/02\/IMG_20230216_181249_003.jpg\" \/>\n\t<meta property=\"og:image:width\" content=\"1076\" \/>\n\t<meta property=\"og:image:height\" content=\"926\" \/>\n\t<meta property=\"og:image:type\" content=\"image\/jpeg\" \/>\n<meta name=\"twitter:card\" content=\"summary_large_image\" \/>\n<meta name=\"twitter:label1\" content=\"Dur\u00e9e de lecture est.\" \/>\n\t<meta name=\"twitter:data1\" content=\"1 minute\" \/>\n<script type=\"application\/ld+json\" class=\"yoast-schema-graph\">{\"@context\":\"https:\/\/schema.org\",\"@graph\":[{\"@type\":\"WebPage\",\"@id\":\"https:\/\/mscreations.be\/index.php\/product\/arbre-genealogique-oiseaux\/\",\"url\":\"https:\/\/mscreations.be\/index.php\/product\/arbre-genealogique-oiseaux\/\",\"name\":\"Arbre g\u00e9n\u00e9alogique + oiseaux - M&amp;S Creation\",\"isPartOf\":{\"@id\":\"https:\/\/mscreations.be\/#website\"},\"datePublished\":\"2023-02-16T17:45:51+00:00\",\"dateModified\":\"2025-02-02T10:53:28+00:00\",\"description\":\"Cette d\u00e9coration murale en bois est id\u00e9ale pour donner une touche de personnalisation \u00e0 une pi\u00e8ce de vie de votre maison.\",\"breadcrumb\":{\"@id\":\"https:\/\/mscreations.be\/index.php\/product\/arbre-genealogique-oiseaux\/#breadcrumb\"},\"inLanguage\":\"fr-BE\",\"potentialAction\":[{\"@type\":\"ReadAction\",\"target\":[\"https:\/\/mscreations.be\/index.php\/product\/arbre-genealogique-oiseaux\/\"]}]},{\"@type\":\"BreadcrumbList\",\"@id\":\"https:\/\/mscreations.be\/index.php\/product\/arbre-genealogique-oiseaux\/#breadcrumb\",\"itemListElement\":[{\"@type\":\"ListItem\",\"position\":1,\"name\":\"Accueil\",\"item\":\"https:\/\/mscreations.be\/\"},{\"@type\":\"ListItem\",\"position\":2,\"name\":\"Boutique\",\"item\":\"http:\/\/mscreations.be\/index.php\/shop-3\/\"},{\"@type\":\"ListItem\",\"position\":3,\"name\":\"Arbre g\u00e9n\u00e9alogique + oiseaux\"}]},{\"@type\":\"WebSite\",\"@id\":\"https:\/\/mscreations.be\/#website\",\"url\":\"https:\/\/mscreations.be\/\",\"name\":\"M&S Creation\",\"description\":\"\",\"publisher\":{\"@id\":\"https:\/\/mscreations.be\/#organization\"},\"potentialAction\":[{\"@type\":\"SearchAction\",\"target\":{\"@type\":\"EntryPoint\",\"urlTemplate\":\"https:\/\/mscreations.be\/?s={search_term_string}\"},\"query-input\":\"required name=search_term_string\"}],\"inLanguage\":\"fr-BE\"},{\"@type\":\"Organization\",\"@id\":\"https:\/\/mscreations.be\/#organization\",\"name\":\"M&S Creation\",\"url\":\"https:\/\/mscreations.be\/\",\"logo\":{\"@type\":\"ImageObject\",\"inLanguage\":\"fr-BE\",\"@id\":\"https:\/\/mscreations.be\/#\/schema\/logo\/image\/\",\"url\":\"https:\/\/mscreations.be\/wp-content\/uploads\/2022\/01\/cropped-cropped-ms.png\",\"contentUrl\":\"https:\/\/mscreations.be\/wp-content\/uploads\/2022\/01\/cropped-cropped-ms.png\",\"width\":512,\"height\":512,\"caption\":\"M&S Creation\"},\"image\":{\"@id\":\"https:\/\/mscreations.be\/#\/schema\/logo\/image\/\"},\"sameAs\":[\"https:\/\/www.facebook.com\/profile.php?id=100063148215530\"]}]}<\/script>\n<!-- \/ Yoast SEO plugin. -->","yoast_head_json":{"title":"Arbre g\u00e9n\u00e9alogique + oiseaux - M&amp;S Creation","description":"Cette d\u00e9coration murale en bois est id\u00e9ale pour donner une touche de personnalisation \u00e0 une pi\u00e8ce de vie de votre maison.","robots":{"index":"index","follow":"follow","max-snippet":"max-snippet:-1","max-image-preview":"max-image-preview:large","max-video-preview":"max-video-preview:-1"},"canonical":"https:\/\/mscreations.be\/index.php\/product\/arbre-genealogique-oiseaux\/","og_locale":"fr_FR","og_type":"article","og_title":"Arbre g\u00e9n\u00e9alogique + oiseaux - M&amp;S Creation","og_description":"Cette d\u00e9coration murale en bois est id\u00e9ale pour donner une touche de personnalisation \u00e0 une pi\u00e8ce de vie de votre maison.","og_url":"https:\/\/mscreations.be\/index.php\/product\/arbre-genealogique-oiseaux\/","og_site_name":"M&amp;S Creation","article_publisher":"https:\/\/www.facebook.com\/profile.php?id=100063148215530","article_modified_time":"2025-02-02T10:53:28+00:00","og_image":[{"width":1076,"height":926,"url":"https:\/\/mscreations.be\/wp-content\/uploads\/2023\/02\/IMG_20230216_181249_003.jpg","type":"image\/jpeg"}],"twitter_card":"summary_large_image","twitter_misc":{"Dur\u00e9e de lecture est.":"1 minute"},"schema":{"@context":"https:\/\/schema.org","@graph":[{"@type":"WebPage","@id":"https:\/\/mscreations.be\/index.php\/product\/arbre-genealogique-oiseaux\/","url":"https:\/\/mscreations.be\/index.php\/product\/arbre-genealogique-oiseaux\/","name":"Arbre g\u00e9n\u00e9alogique + oiseaux - M&amp;S Creation","isPartOf":{"@id":"https:\/\/mscreations.be\/#website"},"datePublished":"2023-02-16T17:45:51+00:00","dateModified":"2025-02-02T10:53:28+00:00","description":"Cette d\u00e9coration murale en bois est id\u00e9ale pour donner une touche de personnalisation \u00e0 une pi\u00e8ce de vie de votre maison.","breadcrumb":{"@id":"https:\/\/mscreations.be\/index.php\/product\/arbre-genealogique-oiseaux\/#breadcrumb"},"inLanguage":"fr-BE","potentialAction":[{"@type":"ReadAction","target":["https:\/\/mscreations.be\/index.php\/product\/arbre-genealogique-oiseaux\/"]}]},{"@type":"BreadcrumbList","@id":"https:\/\/mscreations.be\/index.php\/product\/arbre-genealogique-oiseaux\/#breadcrumb","itemListElement":[{"@type":"ListItem","position":1,"name":"Accueil","item":"https:\/\/mscreations.be\/"},{"@type":"ListItem","position":2,"name":"Boutique","item":"http:\/\/mscreations.be\/index.php\/shop-3\/"},{"@type":"ListItem","position":3,"name":"Arbre g\u00e9n\u00e9alogique + oiseaux"}]},{"@type":"WebSite","@id":"https:\/\/mscreations.be\/#website","url":"https:\/\/mscreations.be\/","name":"M&S Creation","description":"","publisher":{"@id":"https:\/\/mscreations.be\/#organization"},"potentialAction":[{"@type":"SearchAction","target":{"@type":"EntryPoint","urlTemplate":"https:\/\/mscreations.be\/?s={search_term_string}"},"query-input":"required name=search_term_string"}],"inLanguage":"fr-BE"},{"@type":"Organization","@id":"https:\/\/mscreations.be\/#organization","name":"M&S Creation","url":"https:\/\/mscreations.be\/","logo":{"@type":"ImageObject","inLanguage":"fr-BE","@id":"https:\/\/mscreations.be\/#\/schema\/logo\/image\/","url":"https:\/\/mscreations.be\/wp-content\/uploads\/2022\/01\/cropped-cropped-ms.png","contentUrl":"https:\/\/mscreations.be\/wp-content\/uploads\/2022\/01\/cropped-cropped-ms.png","width":512,"height":512,"caption":"M&S Creation"},"image":{"@id":"https:\/\/mscreations.be\/#\/schema\/logo\/image\/"},"sameAs":["https:\/\/www.facebook.com\/profile.php?id=100063148215530"]}]}},"_links":{"self":[{"href":"https:\/\/mscreations.be\/index.php\/wp-json\/wp\/v2\/product\/1772","targetHints":{"allow":["GET"]}}],"collection":[{"href":"https:\/\/mscreations.be\/index.php\/wp-json\/wp\/v2\/product"}],"about":[{"href":"https:\/\/mscreations.be\/index.php\/wp-json\/wp\/v2\/types\/product"}],"replies":[{"embeddable":true,"href":"https:\/\/mscreations.be\/index.php\/wp-json\/wp\/v2\/comments?post=1772"}],"wp:featuredmedia":[{"embeddable":true,"href":"https:\/\/mscreations.be\/index.php\/wp-json\/wp\/v2\/media\/1773"}],"wp:attachment":[{"href":"https:\/\/mscreations.be\/index.php\/wp-json\/wp\/v2\/media?parent=1772"}],"wp:term":[{"taxonomy":"product_cat","embeddable":true,"href":"https:\/\/mscreations.be\/index.php\/wp-json\/wp\/v2\/product_cat?post=1772"},{"taxonomy":"product_tag","embeddable":true,"href":"https:\/\/mscreations.be\/index.php\/wp-json\/wp\/v2\/product_tag?post=1772"}],"curies":[{"name":"wp","href":"https:\/\/api.w.org\/{rel}","templated":true}]}}