{"id":1692,"date":"2022-12-08T17:31:42","date_gmt":"2022-12-08T17:31:42","guid":{"rendered":"https:\/\/mscreations.be\/?post_type=product&#038;p=1692"},"modified":"2022-12-27T21:22:55","modified_gmt":"2022-12-27T21:22:55","slug":"horloge-murale-cerf","status":"publish","type":"product","link":"https:\/\/mscreations.be\/index.php\/product\/horloge-murale-cerf\/","title":{"rendered":"Horloge Cerf 2"},"content":{"rendered":"<p>L&#8217;horloge murale cerf est disponibles en plusieurs dimensions et coloris. Cette horloge est id\u00e9ale pour d\u00e9corer votre pi\u00e8ce. Elle est r\u00e9alis\u00e9e en bois. D&#8217;autres mod\u00e8les d&#8217;horloges avec des animaux sont disponibles. N&#8217;h\u00e9sitez pas \u00e0 parcourir notre site internet https:\/\/mscreations.be\/ pour y d\u00e9couvrir des produits similaires. Il vous est \u00e9galement possible de nous contacter via les r\u00e9seaux sociaux afin de nous demander un projet enti\u00e8rement personnalis\u00e9. Notre \u00e9quipe est sp\u00e9cialis\u00e9 dans les projets personnalisables.<\/p>\n<p>&nbsp;<\/p>\n<p><a href=\"https:\/\/mscreations.be\/index.php\/product\/horloge-cerf\/\">https:\/\/mscreations.be\/index.php\/product\/horloge-cerf\/<\/a><\/p>\n<p><a href=\"https:\/\/www.facebook.com\/profile.php?id=100063148215530\">https:\/\/www.facebook.com\/profile.php?id=100063148215530<\/a><\/p>\n","protected":false},"excerpt":{"rendered":"<p>L\u2019horloge Cerf 2 R\u00e9alis\u00e9e en bois mdf Disponible en plusieurs dimensions pile AA non fournie<\/p>\n","protected":false},"featured_media":1702,"comment_status":"open","ping_status":"closed","template":"","meta":{"_themeisle_gutenberg_block_has_review":false},"product_cat":[42,34],"product_tag":[],"class_list":{"0":"post-1692","1":"product","2":"type-product","3":"status-publish","4":"has-post-thumbnail","6":"product_cat-animaux","7":"product_cat-horloges","9":"first","10":"onbackorder","11":"shipping-taxable","12":"purchasable","13":"product-type-variable","14":"has-default-attributes","15":"thumb-no-effect","16":"prod-rating-off"},"wcpa_form_fields":null,"yoast_head":"<!-- This site is optimized with the Yoast SEO plugin v19.13 - https:\/\/yoast.com\/wordpress\/plugins\/seo\/ -->\n<title>Horloge murale cerf - Horloge Cerf 2 - M&amp;S Creation<\/title>\n<meta name=\"description\" content=\"Horloge Cerf 2 - M&amp;S Creation Horloge murale cerf, disponibles en plusieurs dimensions et coloris. Cette horloge est id\u00e9ale pour d\u00e9corer votre pi\u00e8ce.\" \/>\n<meta name=\"robots\" content=\"index, follow, max-snippet:-1, max-image-preview:large, max-video-preview:-1\" \/>\n<link rel=\"canonical\" href=\"http:\/\/mscreations.be\/index.php\/product\/horloge-murale-cerf\/\" \/>\n<meta property=\"og:locale\" content=\"fr_FR\" \/>\n<meta property=\"og:type\" content=\"article\" \/>\n<meta property=\"og:title\" content=\"Horloge murale cerf - Horloge Cerf 2 - M&amp;S Creation\" \/>\n<meta property=\"og:description\" content=\"Horloge Cerf 2 - M&amp;S Creation Horloge murale cerf, disponibles en plusieurs dimensions et coloris. Cette horloge est id\u00e9ale pour d\u00e9corer votre pi\u00e8ce.\" \/>\n<meta property=\"og:url\" content=\"http:\/\/mscreations.be\/index.php\/product\/horloge-murale-cerf\/\" \/>\n<meta property=\"og:site_name\" content=\"M&amp;S Creation\" \/>\n<meta property=\"article:publisher\" content=\"https:\/\/www.facebook.com\/profile.php?id=100063148215530\" \/>\n<meta property=\"article:modified_time\" content=\"2022-12-27T21:22:55+00:00\" \/>\n<meta property=\"og:image\" content=\"http:\/\/mscreations.be\/wp-content\/uploads\/2022\/12\/317611539_483322443782692_1928405516256454724_n.jpg\" \/>\n\t<meta property=\"og:image:width\" content=\"1080\" \/>\n\t<meta property=\"og:image:height\" content=\"779\" \/>\n\t<meta property=\"og:image:type\" content=\"image\/jpeg\" \/>\n<meta name=\"twitter:card\" content=\"summary_large_image\" \/>\n<meta name=\"twitter:label1\" content=\"Dur\u00e9e de lecture est.\" \/>\n\t<meta name=\"twitter:data1\" content=\"1 minute\" \/>\n<script type=\"application\/ld+json\" class=\"yoast-schema-graph\">{\"@context\":\"https:\/\/schema.org\",\"@graph\":[{\"@type\":\"WebPage\",\"@id\":\"http:\/\/mscreations.be\/index.php\/product\/horloge-murale-cerf\/\",\"url\":\"http:\/\/mscreations.be\/index.php\/product\/horloge-murale-cerf\/\",\"name\":\"Horloge murale cerf - Horloge Cerf 2 - M&amp;S Creation\",\"isPartOf\":{\"@id\":\"https:\/\/mscreations.be\/#website\"},\"datePublished\":\"2022-12-08T17:31:42+00:00\",\"dateModified\":\"2022-12-27T21:22:55+00:00\",\"description\":\"Horloge Cerf 2 - M&amp;S Creation Horloge murale cerf, disponibles en plusieurs dimensions et coloris. Cette horloge est id\u00e9ale pour d\u00e9corer votre pi\u00e8ce.\",\"breadcrumb\":{\"@id\":\"http:\/\/mscreations.be\/index.php\/product\/horloge-murale-cerf\/#breadcrumb\"},\"inLanguage\":\"fr-BE\",\"potentialAction\":[{\"@type\":\"ReadAction\",\"target\":[\"http:\/\/mscreations.be\/index.php\/product\/horloge-murale-cerf\/\"]}]},{\"@type\":\"BreadcrumbList\",\"@id\":\"http:\/\/mscreations.be\/index.php\/product\/horloge-murale-cerf\/#breadcrumb\",\"itemListElement\":[{\"@type\":\"ListItem\",\"position\":1,\"name\":\"Accueil\",\"item\":\"https:\/\/mscreations.be\/\"},{\"@type\":\"ListItem\",\"position\":2,\"name\":\"Boutique\",\"item\":\"http:\/\/mscreations.be\/index.php\/shop-3\/\"},{\"@type\":\"ListItem\",\"position\":3,\"name\":\"Horloge Cerf 2\"}]},{\"@type\":\"WebSite\",\"@id\":\"https:\/\/mscreations.be\/#website\",\"url\":\"https:\/\/mscreations.be\/\",\"name\":\"M&S Creation\",\"description\":\"\",\"publisher\":{\"@id\":\"https:\/\/mscreations.be\/#organization\"},\"potentialAction\":[{\"@type\":\"SearchAction\",\"target\":{\"@type\":\"EntryPoint\",\"urlTemplate\":\"https:\/\/mscreations.be\/?s={search_term_string}\"},\"query-input\":\"required name=search_term_string\"}],\"inLanguage\":\"fr-BE\"},{\"@type\":\"Organization\",\"@id\":\"https:\/\/mscreations.be\/#organization\",\"name\":\"M&S Creation\",\"url\":\"https:\/\/mscreations.be\/\",\"logo\":{\"@type\":\"ImageObject\",\"inLanguage\":\"fr-BE\",\"@id\":\"https:\/\/mscreations.be\/#\/schema\/logo\/image\/\",\"url\":\"https:\/\/mscreations.be\/wp-content\/uploads\/2022\/01\/cropped-cropped-ms.png\",\"contentUrl\":\"https:\/\/mscreations.be\/wp-content\/uploads\/2022\/01\/cropped-cropped-ms.png\",\"width\":512,\"height\":512,\"caption\":\"M&S Creation\"},\"image\":{\"@id\":\"https:\/\/mscreations.be\/#\/schema\/logo\/image\/\"},\"sameAs\":[\"https:\/\/www.facebook.com\/profile.php?id=100063148215530\"]}]}<\/script>\n<!-- \/ Yoast SEO plugin. -->","yoast_head_json":{"title":"Horloge murale cerf - Horloge Cerf 2 - M&amp;S Creation","description":"Horloge Cerf 2 - M&amp;S Creation Horloge murale cerf, disponibles en plusieurs dimensions et coloris. Cette horloge est id\u00e9ale pour d\u00e9corer votre pi\u00e8ce.","robots":{"index":"index","follow":"follow","max-snippet":"max-snippet:-1","max-image-preview":"max-image-preview:large","max-video-preview":"max-video-preview:-1"},"canonical":"http:\/\/mscreations.be\/index.php\/product\/horloge-murale-cerf\/","og_locale":"fr_FR","og_type":"article","og_title":"Horloge murale cerf - Horloge Cerf 2 - M&amp;S Creation","og_description":"Horloge Cerf 2 - M&amp;S Creation Horloge murale cerf, disponibles en plusieurs dimensions et coloris. Cette horloge est id\u00e9ale pour d\u00e9corer votre pi\u00e8ce.","og_url":"http:\/\/mscreations.be\/index.php\/product\/horloge-murale-cerf\/","og_site_name":"M&amp;S Creation","article_publisher":"https:\/\/www.facebook.com\/profile.php?id=100063148215530","article_modified_time":"2022-12-27T21:22:55+00:00","og_image":[{"width":1080,"height":779,"url":"http:\/\/mscreations.be\/wp-content\/uploads\/2022\/12\/317611539_483322443782692_1928405516256454724_n.jpg","type":"image\/jpeg"}],"twitter_card":"summary_large_image","twitter_misc":{"Dur\u00e9e de lecture est.":"1 minute"},"schema":{"@context":"https:\/\/schema.org","@graph":[{"@type":"WebPage","@id":"http:\/\/mscreations.be\/index.php\/product\/horloge-murale-cerf\/","url":"http:\/\/mscreations.be\/index.php\/product\/horloge-murale-cerf\/","name":"Horloge murale cerf - Horloge Cerf 2 - M&amp;S Creation","isPartOf":{"@id":"https:\/\/mscreations.be\/#website"},"datePublished":"2022-12-08T17:31:42+00:00","dateModified":"2022-12-27T21:22:55+00:00","description":"Horloge Cerf 2 - M&amp;S Creation Horloge murale cerf, disponibles en plusieurs dimensions et coloris. Cette horloge est id\u00e9ale pour d\u00e9corer votre pi\u00e8ce.","breadcrumb":{"@id":"http:\/\/mscreations.be\/index.php\/product\/horloge-murale-cerf\/#breadcrumb"},"inLanguage":"fr-BE","potentialAction":[{"@type":"ReadAction","target":["http:\/\/mscreations.be\/index.php\/product\/horloge-murale-cerf\/"]}]},{"@type":"BreadcrumbList","@id":"http:\/\/mscreations.be\/index.php\/product\/horloge-murale-cerf\/#breadcrumb","itemListElement":[{"@type":"ListItem","position":1,"name":"Accueil","item":"https:\/\/mscreations.be\/"},{"@type":"ListItem","position":2,"name":"Boutique","item":"http:\/\/mscreations.be\/index.php\/shop-3\/"},{"@type":"ListItem","position":3,"name":"Horloge Cerf 2"}]},{"@type":"WebSite","@id":"https:\/\/mscreations.be\/#website","url":"https:\/\/mscreations.be\/","name":"M&S Creation","description":"","publisher":{"@id":"https:\/\/mscreations.be\/#organization"},"potentialAction":[{"@type":"SearchAction","target":{"@type":"EntryPoint","urlTemplate":"https:\/\/mscreations.be\/?s={search_term_string}"},"query-input":"required name=search_term_string"}],"inLanguage":"fr-BE"},{"@type":"Organization","@id":"https:\/\/mscreations.be\/#organization","name":"M&S Creation","url":"https:\/\/mscreations.be\/","logo":{"@type":"ImageObject","inLanguage":"fr-BE","@id":"https:\/\/mscreations.be\/#\/schema\/logo\/image\/","url":"https:\/\/mscreations.be\/wp-content\/uploads\/2022\/01\/cropped-cropped-ms.png","contentUrl":"https:\/\/mscreations.be\/wp-content\/uploads\/2022\/01\/cropped-cropped-ms.png","width":512,"height":512,"caption":"M&S Creation"},"image":{"@id":"https:\/\/mscreations.be\/#\/schema\/logo\/image\/"},"sameAs":["https:\/\/www.facebook.com\/profile.php?id=100063148215530"]}]}},"_links":{"self":[{"href":"https:\/\/mscreations.be\/index.php\/wp-json\/wp\/v2\/product\/1692","targetHints":{"allow":["GET"]}}],"collection":[{"href":"https:\/\/mscreations.be\/index.php\/wp-json\/wp\/v2\/product"}],"about":[{"href":"https:\/\/mscreations.be\/index.php\/wp-json\/wp\/v2\/types\/product"}],"replies":[{"embeddable":true,"href":"https:\/\/mscreations.be\/index.php\/wp-json\/wp\/v2\/comments?post=1692"}],"wp:featuredmedia":[{"embeddable":true,"href":"https:\/\/mscreations.be\/index.php\/wp-json\/wp\/v2\/media\/1702"}],"wp:attachment":[{"href":"https:\/\/mscreations.be\/index.php\/wp-json\/wp\/v2\/media?parent=1692"}],"wp:term":[{"taxonomy":"product_cat","embeddable":true,"href":"https:\/\/mscreations.be\/index.php\/wp-json\/wp\/v2\/product_cat?post=1692"},{"taxonomy":"product_tag","embeddable":true,"href":"https:\/\/mscreations.be\/index.php\/wp-json\/wp\/v2\/product_tag?post=1692"}],"curies":[{"name":"wp","href":"https:\/\/api.w.org\/{rel}","templated":true}]}}