{"id":1337,"date":"2022-10-03T19:45:24","date_gmt":"2022-10-03T19:45:24","guid":{"rendered":"https:\/\/mscreations.be\/?post_type=product&#038;p=1337"},"modified":"2024-04-21T18:46:12","modified_gmt":"2024-04-21T18:46:12","slug":"rose-eternelle-sous-cloche","status":"publish","type":"product","link":"https:\/\/mscreations.be\/index.php\/product\/rose-eternelle-sous-cloche\/","title":{"rendered":"Rose \u00e9ternelle sous cloche"},"content":{"rendered":"","protected":false},"excerpt":{"rendered":"<p>Cloche en verre compos\u00e9e d&#8217;une v\u00e9ritable rose \u00e9ternelle \/ stabilis\u00e9e accompagn\u00e9e de 5 Ferrero rocher.<\/p>\n","protected":false},"featured_media":1343,"comment_status":"open","ping_status":"closed","template":"","meta":{"_themeisle_gutenberg_block_has_review":false},"product_cat":[95,94,46],"product_tag":[],"class_list":{"0":"post-1337","1":"product","2":"type-product","3":"status-publish","4":"has-post-thumbnail","6":"product_cat-fete-des-meres","7":"product_cat-saint-valentin","8":"product_cat-articles-cadeaux","10":"first","11":"instock","12":"sale","13":"shipping-taxable","14":"purchasable","15":"product-type-variable","16":"thumb-no-effect","17":"prod-rating-off"},"wcpa_form_fields":null,"yoast_head":"<!-- This site is optimized with the Yoast SEO plugin v19.13 - https:\/\/yoast.com\/wordpress\/plugins\/seo\/ -->\n<title>Rose \u00e9ternelle sous cloche - M&amp;S Creation<\/title>\n<meta name=\"robots\" content=\"index, follow, max-snippet:-1, max-image-preview:large, max-video-preview:-1\" \/>\n<link rel=\"canonical\" href=\"http:\/\/mscreations.be\/index.php\/product\/rose-eternelle-sous-cloche\/\" \/>\n<meta property=\"og:locale\" content=\"fr_FR\" \/>\n<meta property=\"og:type\" content=\"article\" \/>\n<meta property=\"og:title\" content=\"Rose \u00e9ternelle sous cloche - M&amp;S Creation\" \/>\n<meta property=\"og:description\" content=\"Cloche en verre compos\u00e9e d&#039;une v\u00e9ritable rose \u00e9ternelle \/ stabilis\u00e9e accompagn\u00e9e de 5 Ferrero rocher.\" \/>\n<meta property=\"og:url\" content=\"http:\/\/mscreations.be\/index.php\/product\/rose-eternelle-sous-cloche\/\" \/>\n<meta property=\"og:site_name\" content=\"M&amp;S Creation\" \/>\n<meta property=\"article:publisher\" content=\"https:\/\/www.facebook.com\/profile.php?id=100063148215530\" \/>\n<meta property=\"article:modified_time\" content=\"2024-04-21T18:46:12+00:00\" \/>\n<meta name=\"twitter:card\" content=\"summary_large_image\" \/>\n<meta name=\"twitter:image\" content=\"https:\/\/mscreations.be\/wp-content\/uploads\/2022\/10\/20220929_115203-scaled.jpg\" \/>\n<script type=\"application\/ld+json\" class=\"yoast-schema-graph\">{\"@context\":\"https:\/\/schema.org\",\"@graph\":[{\"@type\":\"WebPage\",\"@id\":\"http:\/\/mscreations.be\/index.php\/product\/rose-eternelle-sous-cloche\/\",\"url\":\"http:\/\/mscreations.be\/index.php\/product\/rose-eternelle-sous-cloche\/\",\"name\":\"Rose \u00e9ternelle sous cloche - M&amp;S Creation\",\"isPartOf\":{\"@id\":\"https:\/\/mscreations.be\/#website\"},\"datePublished\":\"2022-10-03T19:45:24+00:00\",\"dateModified\":\"2024-04-21T18:46:12+00:00\",\"breadcrumb\":{\"@id\":\"http:\/\/mscreations.be\/index.php\/product\/rose-eternelle-sous-cloche\/#breadcrumb\"},\"inLanguage\":\"fr-BE\",\"potentialAction\":[{\"@type\":\"ReadAction\",\"target\":[\"http:\/\/mscreations.be\/index.php\/product\/rose-eternelle-sous-cloche\/\"]}]},{\"@type\":\"BreadcrumbList\",\"@id\":\"http:\/\/mscreations.be\/index.php\/product\/rose-eternelle-sous-cloche\/#breadcrumb\",\"itemListElement\":[{\"@type\":\"ListItem\",\"position\":1,\"name\":\"Accueil\",\"item\":\"https:\/\/mscreations.be\/\"},{\"@type\":\"ListItem\",\"position\":2,\"name\":\"Boutique\",\"item\":\"http:\/\/mscreations.be\/index.php\/shop-3\/\"},{\"@type\":\"ListItem\",\"position\":3,\"name\":\"Rose \u00e9ternelle sous cloche\"}]},{\"@type\":\"WebSite\",\"@id\":\"https:\/\/mscreations.be\/#website\",\"url\":\"https:\/\/mscreations.be\/\",\"name\":\"M&S Creation\",\"description\":\"\",\"publisher\":{\"@id\":\"https:\/\/mscreations.be\/#organization\"},\"potentialAction\":[{\"@type\":\"SearchAction\",\"target\":{\"@type\":\"EntryPoint\",\"urlTemplate\":\"https:\/\/mscreations.be\/?s={search_term_string}\"},\"query-input\":\"required name=search_term_string\"}],\"inLanguage\":\"fr-BE\"},{\"@type\":\"Organization\",\"@id\":\"https:\/\/mscreations.be\/#organization\",\"name\":\"M&S Creation\",\"url\":\"https:\/\/mscreations.be\/\",\"logo\":{\"@type\":\"ImageObject\",\"inLanguage\":\"fr-BE\",\"@id\":\"https:\/\/mscreations.be\/#\/schema\/logo\/image\/\",\"url\":\"https:\/\/mscreations.be\/wp-content\/uploads\/2022\/01\/cropped-cropped-ms.png\",\"contentUrl\":\"https:\/\/mscreations.be\/wp-content\/uploads\/2022\/01\/cropped-cropped-ms.png\",\"width\":512,\"height\":512,\"caption\":\"M&S Creation\"},\"image\":{\"@id\":\"https:\/\/mscreations.be\/#\/schema\/logo\/image\/\"},\"sameAs\":[\"https:\/\/www.facebook.com\/profile.php?id=100063148215530\"]}]}<\/script>\n<!-- \/ Yoast SEO plugin. -->","yoast_head_json":{"title":"Rose \u00e9ternelle sous cloche - M&amp;S Creation","robots":{"index":"index","follow":"follow","max-snippet":"max-snippet:-1","max-image-preview":"max-image-preview:large","max-video-preview":"max-video-preview:-1"},"canonical":"http:\/\/mscreations.be\/index.php\/product\/rose-eternelle-sous-cloche\/","og_locale":"fr_FR","og_type":"article","og_title":"Rose \u00e9ternelle sous cloche - M&amp;S Creation","og_description":"Cloche en verre compos\u00e9e d'une v\u00e9ritable rose \u00e9ternelle \/ stabilis\u00e9e accompagn\u00e9e de 5 Ferrero rocher.","og_url":"http:\/\/mscreations.be\/index.php\/product\/rose-eternelle-sous-cloche\/","og_site_name":"M&amp;S Creation","article_publisher":"https:\/\/www.facebook.com\/profile.php?id=100063148215530","article_modified_time":"2024-04-21T18:46:12+00:00","twitter_card":"summary_large_image","twitter_image":"https:\/\/mscreations.be\/wp-content\/uploads\/2022\/10\/20220929_115203-scaled.jpg","schema":{"@context":"https:\/\/schema.org","@graph":[{"@type":"WebPage","@id":"http:\/\/mscreations.be\/index.php\/product\/rose-eternelle-sous-cloche\/","url":"http:\/\/mscreations.be\/index.php\/product\/rose-eternelle-sous-cloche\/","name":"Rose \u00e9ternelle sous cloche - M&amp;S Creation","isPartOf":{"@id":"https:\/\/mscreations.be\/#website"},"datePublished":"2022-10-03T19:45:24+00:00","dateModified":"2024-04-21T18:46:12+00:00","breadcrumb":{"@id":"http:\/\/mscreations.be\/index.php\/product\/rose-eternelle-sous-cloche\/#breadcrumb"},"inLanguage":"fr-BE","potentialAction":[{"@type":"ReadAction","target":["http:\/\/mscreations.be\/index.php\/product\/rose-eternelle-sous-cloche\/"]}]},{"@type":"BreadcrumbList","@id":"http:\/\/mscreations.be\/index.php\/product\/rose-eternelle-sous-cloche\/#breadcrumb","itemListElement":[{"@type":"ListItem","position":1,"name":"Accueil","item":"https:\/\/mscreations.be\/"},{"@type":"ListItem","position":2,"name":"Boutique","item":"http:\/\/mscreations.be\/index.php\/shop-3\/"},{"@type":"ListItem","position":3,"name":"Rose \u00e9ternelle sous cloche"}]},{"@type":"WebSite","@id":"https:\/\/mscreations.be\/#website","url":"https:\/\/mscreations.be\/","name":"M&S Creation","description":"","publisher":{"@id":"https:\/\/mscreations.be\/#organization"},"potentialAction":[{"@type":"SearchAction","target":{"@type":"EntryPoint","urlTemplate":"https:\/\/mscreations.be\/?s={search_term_string}"},"query-input":"required name=search_term_string"}],"inLanguage":"fr-BE"},{"@type":"Organization","@id":"https:\/\/mscreations.be\/#organization","name":"M&S Creation","url":"https:\/\/mscreations.be\/","logo":{"@type":"ImageObject","inLanguage":"fr-BE","@id":"https:\/\/mscreations.be\/#\/schema\/logo\/image\/","url":"https:\/\/mscreations.be\/wp-content\/uploads\/2022\/01\/cropped-cropped-ms.png","contentUrl":"https:\/\/mscreations.be\/wp-content\/uploads\/2022\/01\/cropped-cropped-ms.png","width":512,"height":512,"caption":"M&S Creation"},"image":{"@id":"https:\/\/mscreations.be\/#\/schema\/logo\/image\/"},"sameAs":["https:\/\/www.facebook.com\/profile.php?id=100063148215530"]}]}},"_links":{"self":[{"href":"https:\/\/mscreations.be\/index.php\/wp-json\/wp\/v2\/product\/1337","targetHints":{"allow":["GET"]}}],"collection":[{"href":"https:\/\/mscreations.be\/index.php\/wp-json\/wp\/v2\/product"}],"about":[{"href":"https:\/\/mscreations.be\/index.php\/wp-json\/wp\/v2\/types\/product"}],"replies":[{"embeddable":true,"href":"https:\/\/mscreations.be\/index.php\/wp-json\/wp\/v2\/comments?post=1337"}],"wp:featuredmedia":[{"embeddable":true,"href":"https:\/\/mscreations.be\/index.php\/wp-json\/wp\/v2\/media\/1343"}],"wp:attachment":[{"href":"https:\/\/mscreations.be\/index.php\/wp-json\/wp\/v2\/media?parent=1337"}],"wp:term":[{"taxonomy":"product_cat","embeddable":true,"href":"https:\/\/mscreations.be\/index.php\/wp-json\/wp\/v2\/product_cat?post=1337"},{"taxonomy":"product_tag","embeddable":true,"href":"https:\/\/mscreations.be\/index.php\/wp-json\/wp\/v2\/product_tag?post=1337"}],"curies":[{"name":"wp","href":"https:\/\/api.w.org\/{rel}","templated":true}]}}