{"id":2,"date":"2022-01-14T18:09:29","date_gmt":"2022-01-14T18:09:29","guid":{"rendered":"http:\/\/mscreations.be\/?page_id=2"},"modified":"2024-08-15T12:04:26","modified_gmt":"2024-08-15T12:04:26","slug":"qui-sommes-nous","status":"publish","type":"page","link":"https:\/\/mscreations.be\/index.php\/qui-sommes-nous\/","title":{"rendered":"Qui sommes-nous?"},"content":{"rendered":"\t\t<div data-elementor-type=\"wp-page\" data-elementor-id=\"2\" class=\"elementor elementor-2\">\n\t\t\t\t\t\t\t\t\t<section class=\"elementor-section elementor-top-section elementor-element elementor-element-424ff8f6 elementor-section-boxed elementor-section-height-default elementor-section-height-default\" data-id=\"424ff8f6\" data-element_type=\"section\">\n\t\t\t\t\t\t<div class=\"elementor-container elementor-column-gap-default\">\n\t\t\t\t\t<div class=\"elementor-column elementor-col-100 elementor-top-column elementor-element elementor-element-1b78a14c\" data-id=\"1b78a14c\" data-element_type=\"column\">\n\t\t\t<div class=\"elementor-widget-wrap elementor-element-populated\">\n\t\t\t\t\t\t\t\t<div class=\"elementor-element elementor-element-3fc97321 elementor-widget elementor-widget-text-editor\" data-id=\"3fc97321\" data-element_type=\"widget\" data-widget_type=\"text-editor.default\">\n\t\t\t\t<div class=\"elementor-widget-container\">\n\t\t\t<style>\/*! elementor - v3.6.5 - 27-04-2022 *\/\n.elementor-widget-text-editor.elementor-drop-cap-view-stacked .elementor-drop-cap{background-color:#818a91;color:#fff}.elementor-widget-text-editor.elementor-drop-cap-view-framed .elementor-drop-cap{color:#818a91;border:3px solid;background-color:transparent}.elementor-widget-text-editor:not(.elementor-drop-cap-view-default) .elementor-drop-cap{margin-top:8px}.elementor-widget-text-editor:not(.elementor-drop-cap-view-default) .elementor-drop-cap-letter{width:1em;height:1em}.elementor-widget-text-editor .elementor-drop-cap{float:left;text-align:center;line-height:1;font-size:50px}.elementor-widget-text-editor .elementor-drop-cap-letter{display:inline-block}<\/style>\t\t\t\t<p><!-- wp:paragraph {\"style\":{\"typography\":{\"fontSize\":\"25px\"}}} --><\/p>\n<p style=\"font-size: 25px;\">\n<\/p><p>Qui sommes-nous ?<\/p>\n<p>M&amp;S Cr\u00e9ations est une petite entreprise familiale sp\u00e9cialis\u00e9e dans la d\u00e9coration d&#8217;int\u00e9rieur et cadeaux personnalis\u00e9s situ\u00e9e dans la r\u00e9gion li\u00e9geoise.<\/p>\n<p>Nous proposons plusieurs mod\u00e8les de d\u00e9corations d&#8217;int\u00e9rieur mais nous r\u00e9alisons \u00e9galement les id\u00e9es fournies par nos clients.<br>Vous souhaitez un exemplaire unique ou en plusieurs exemplaires, tout est r\u00e9alisable.<br>Nos cr\u00e9ations sont confectionn\u00e9es dans notre atelier situ\u00e9 en r\u00e9gion li\u00e9geoise, fabrication belge.<\/p>\n<p>Vous \u00eates \u00e0 la recherche d&#8217;un cadeau original \u00e0 offrir, nous pouvons vous aider dans la confection de celui-ci.<br>N&#8217;h\u00e9sitez plus, laissez vous s\u00e9duire par les r\u00e9alisations de M&amp;S Cr\u00e9ations.<\/p>\n<p><\/p>\n<p>Contactez-nous<\/p>\n<p><strong>M&amp;S Cr\u00e9ations<\/strong><\/p>\n<p>LUNDI AU VENDREDI DE 10H \u00c0 17H<br><span style=\"color: var( --e-global-color-text ); font-family: var( --e-global-typography-text-font-family ), Sans-serif; font-weight: var( --e-global-typography-text-font-weight );\">+32 466 40 68 97<br><\/span>mmiss.creations@gmail.com<span style=\"color: var( --e-global-color-text ); font-family: var( --e-global-typography-text-font-family ), Sans-serif; font-weight: var( --e-global-typography-text-font-weight );\"><br><\/span><span style=\"color: var( --e-global-color-text ); font-family: var( --e-global-typography-text-font-family ), Sans-serif; font-weight: var( --e-global-typography-text-font-weight );\">RUE SUDRAIN \u00c0 4690 BASSENGE<br><\/span><span style=\"color: var( --e-global-color-text ); font-family: var( --e-global-typography-text-font-family ), Sans-serif; font-weight: var( --e-global-typography-text-font-weight );\">BCE 0777 955 539<\/span><\/p>\n<p><\/p>\n<p><!-- \/wp:paragraph --><\/p>\t\t\t\t\t\t<\/div>\n\t\t\t\t<\/div>\n\t\t\t\t\t<\/div>\n\t\t<\/div>\n\t\t\t\t\t\t\t<\/div>\n\t\t<\/section>\n\t\t\t\t\t\t\t<\/div>\n\t\t","protected":false},"excerpt":{"rendered":"<p>Qui sommes-nous ? M&amp;S Cr\u00e9ations est une petite entreprise familiale sp\u00e9cialis\u00e9e dans la d\u00e9coration d&#8217;int\u00e9rieur et cadeaux personnalis\u00e9s situ\u00e9e dans la r\u00e9gion li\u00e9geoise. Nous proposons plusieurs mod\u00e8les de d\u00e9corations d&#8217;int\u00e9rieur mais nous r\u00e9alisons \u00e9galement les id\u00e9es fournies par nos clients.Vous souhaitez un exemplaire unique ou en plusieurs exemplaires, tout est&hellip;<\/p>\n","protected":false},"author":1,"featured_media":0,"parent":0,"menu_order":0,"comment_status":"closed","ping_status":"open","template":"","meta":{"_themeisle_gutenberg_block_has_review":false,"footnotes":""},"class_list":["post-2","page","type-page","status-publish","hentry"],"yoast_head":"<!-- This site is optimized with the Yoast SEO plugin v19.13 - https:\/\/yoast.com\/wordpress\/plugins\/seo\/ -->\n<title>Qui sommes-nous? - M&amp;S Creation<\/title>\n<meta name=\"robots\" content=\"index, follow, max-snippet:-1, max-image-preview:large, max-video-preview:-1\" \/>\n<link rel=\"canonical\" href=\"http:\/\/mscreations.be\/index.php\/qui-sommes-nous\/\" \/>\n<meta property=\"og:locale\" content=\"fr_FR\" \/>\n<meta property=\"og:type\" content=\"article\" \/>\n<meta property=\"og:title\" content=\"Qui sommes-nous? - M&amp;S Creation\" \/>\n<meta property=\"og:description\" content=\"Qui sommes-nous ? M&amp;S Cr\u00e9ations est une petite entreprise familiale sp\u00e9cialis\u00e9e dans la d\u00e9coration d&#8217;int\u00e9rieur et cadeaux personnalis\u00e9s situ\u00e9e dans la r\u00e9gion li\u00e9geoise. Nous proposons plusieurs mod\u00e8les de d\u00e9corations d&#8217;int\u00e9rieur mais nous r\u00e9alisons \u00e9galement les id\u00e9es fournies par nos clients.Vous souhaitez un exemplaire unique ou en plusieurs exemplaires, tout est&hellip;\" \/>\n<meta property=\"og:url\" content=\"http:\/\/mscreations.be\/index.php\/qui-sommes-nous\/\" \/>\n<meta property=\"og:site_name\" content=\"M&amp;S Creation\" \/>\n<meta property=\"article:publisher\" content=\"https:\/\/www.facebook.com\/profile.php?id=100063148215530\" \/>\n<meta property=\"article:modified_time\" content=\"2024-08-15T12:04:26+00:00\" \/>\n<meta name=\"twitter:card\" content=\"summary_large_image\" \/>\n<meta name=\"twitter:label1\" content=\"Dur\u00e9e de lecture est.\" \/>\n\t<meta name=\"twitter:data1\" content=\"1 minute\" \/>\n<script type=\"application\/ld+json\" class=\"yoast-schema-graph\">{\"@context\":\"https:\/\/schema.org\",\"@graph\":[{\"@type\":\"WebPage\",\"@id\":\"http:\/\/mscreations.be\/index.php\/qui-sommes-nous\/\",\"url\":\"http:\/\/mscreations.be\/index.php\/qui-sommes-nous\/\",\"name\":\"Qui sommes-nous? - M&amp;S Creation\",\"isPartOf\":{\"@id\":\"https:\/\/mscreations.be\/#website\"},\"datePublished\":\"2022-01-14T18:09:29+00:00\",\"dateModified\":\"2024-08-15T12:04:26+00:00\",\"breadcrumb\":{\"@id\":\"http:\/\/mscreations.be\/index.php\/qui-sommes-nous\/#breadcrumb\"},\"inLanguage\":\"fr-BE\",\"potentialAction\":[{\"@type\":\"ReadAction\",\"target\":[\"http:\/\/mscreations.be\/index.php\/qui-sommes-nous\/\"]}]},{\"@type\":\"BreadcrumbList\",\"@id\":\"http:\/\/mscreations.be\/index.php\/qui-sommes-nous\/#breadcrumb\",\"itemListElement\":[{\"@type\":\"ListItem\",\"position\":1,\"name\":\"Accueil\",\"item\":\"https:\/\/mscreations.be\/\"},{\"@type\":\"ListItem\",\"position\":2,\"name\":\"Qui sommes-nous?\"}]},{\"@type\":\"WebSite\",\"@id\":\"https:\/\/mscreations.be\/#website\",\"url\":\"https:\/\/mscreations.be\/\",\"name\":\"M&S Creation\",\"description\":\"\",\"publisher\":{\"@id\":\"https:\/\/mscreations.be\/#organization\"},\"potentialAction\":[{\"@type\":\"SearchAction\",\"target\":{\"@type\":\"EntryPoint\",\"urlTemplate\":\"https:\/\/mscreations.be\/?s={search_term_string}\"},\"query-input\":\"required name=search_term_string\"}],\"inLanguage\":\"fr-BE\"},{\"@type\":\"Organization\",\"@id\":\"https:\/\/mscreations.be\/#organization\",\"name\":\"M&S Creation\",\"url\":\"https:\/\/mscreations.be\/\",\"logo\":{\"@type\":\"ImageObject\",\"inLanguage\":\"fr-BE\",\"@id\":\"https:\/\/mscreations.be\/#\/schema\/logo\/image\/\",\"url\":\"https:\/\/mscreations.be\/wp-content\/uploads\/2022\/01\/cropped-cropped-ms.png\",\"contentUrl\":\"https:\/\/mscreations.be\/wp-content\/uploads\/2022\/01\/cropped-cropped-ms.png\",\"width\":512,\"height\":512,\"caption\":\"M&S Creation\"},\"image\":{\"@id\":\"https:\/\/mscreations.be\/#\/schema\/logo\/image\/\"},\"sameAs\":[\"https:\/\/www.facebook.com\/profile.php?id=100063148215530\"]}]}<\/script>\n<!-- \/ Yoast SEO plugin. -->","yoast_head_json":{"title":"Qui sommes-nous? - M&amp;S Creation","robots":{"index":"index","follow":"follow","max-snippet":"max-snippet:-1","max-image-preview":"max-image-preview:large","max-video-preview":"max-video-preview:-1"},"canonical":"http:\/\/mscreations.be\/index.php\/qui-sommes-nous\/","og_locale":"fr_FR","og_type":"article","og_title":"Qui sommes-nous? - M&amp;S Creation","og_description":"Qui sommes-nous ? M&amp;S Cr\u00e9ations est une petite entreprise familiale sp\u00e9cialis\u00e9e dans la d\u00e9coration d&#8217;int\u00e9rieur et cadeaux personnalis\u00e9s situ\u00e9e dans la r\u00e9gion li\u00e9geoise. Nous proposons plusieurs mod\u00e8les de d\u00e9corations d&#8217;int\u00e9rieur mais nous r\u00e9alisons \u00e9galement les id\u00e9es fournies par nos clients.Vous souhaitez un exemplaire unique ou en plusieurs exemplaires, tout est&hellip;","og_url":"http:\/\/mscreations.be\/index.php\/qui-sommes-nous\/","og_site_name":"M&amp;S Creation","article_publisher":"https:\/\/www.facebook.com\/profile.php?id=100063148215530","article_modified_time":"2024-08-15T12:04:26+00:00","twitter_card":"summary_large_image","twitter_misc":{"Dur\u00e9e de lecture est.":"1 minute"},"schema":{"@context":"https:\/\/schema.org","@graph":[{"@type":"WebPage","@id":"http:\/\/mscreations.be\/index.php\/qui-sommes-nous\/","url":"http:\/\/mscreations.be\/index.php\/qui-sommes-nous\/","name":"Qui sommes-nous? - M&amp;S Creation","isPartOf":{"@id":"https:\/\/mscreations.be\/#website"},"datePublished":"2022-01-14T18:09:29+00:00","dateModified":"2024-08-15T12:04:26+00:00","breadcrumb":{"@id":"http:\/\/mscreations.be\/index.php\/qui-sommes-nous\/#breadcrumb"},"inLanguage":"fr-BE","potentialAction":[{"@type":"ReadAction","target":["http:\/\/mscreations.be\/index.php\/qui-sommes-nous\/"]}]},{"@type":"BreadcrumbList","@id":"http:\/\/mscreations.be\/index.php\/qui-sommes-nous\/#breadcrumb","itemListElement":[{"@type":"ListItem","position":1,"name":"Accueil","item":"https:\/\/mscreations.be\/"},{"@type":"ListItem","position":2,"name":"Qui sommes-nous?"}]},{"@type":"WebSite","@id":"https:\/\/mscreations.be\/#website","url":"https:\/\/mscreations.be\/","name":"M&S Creation","description":"","publisher":{"@id":"https:\/\/mscreations.be\/#organization"},"potentialAction":[{"@type":"SearchAction","target":{"@type":"EntryPoint","urlTemplate":"https:\/\/mscreations.be\/?s={search_term_string}"},"query-input":"required name=search_term_string"}],"inLanguage":"fr-BE"},{"@type":"Organization","@id":"https:\/\/mscreations.be\/#organization","name":"M&S Creation","url":"https:\/\/mscreations.be\/","logo":{"@type":"ImageObject","inLanguage":"fr-BE","@id":"https:\/\/mscreations.be\/#\/schema\/logo\/image\/","url":"https:\/\/mscreations.be\/wp-content\/uploads\/2022\/01\/cropped-cropped-ms.png","contentUrl":"https:\/\/mscreations.be\/wp-content\/uploads\/2022\/01\/cropped-cropped-ms.png","width":512,"height":512,"caption":"M&S Creation"},"image":{"@id":"https:\/\/mscreations.be\/#\/schema\/logo\/image\/"},"sameAs":["https:\/\/www.facebook.com\/profile.php?id=100063148215530"]}]}},"_links":{"self":[{"href":"https:\/\/mscreations.be\/index.php\/wp-json\/wp\/v2\/pages\/2","targetHints":{"allow":["GET"]}}],"collection":[{"href":"https:\/\/mscreations.be\/index.php\/wp-json\/wp\/v2\/pages"}],"about":[{"href":"https:\/\/mscreations.be\/index.php\/wp-json\/wp\/v2\/types\/page"}],"author":[{"embeddable":true,"href":"https:\/\/mscreations.be\/index.php\/wp-json\/wp\/v2\/users\/1"}],"replies":[{"embeddable":true,"href":"https:\/\/mscreations.be\/index.php\/wp-json\/wp\/v2\/comments?post=2"}],"version-history":[{"count":9,"href":"https:\/\/mscreations.be\/index.php\/wp-json\/wp\/v2\/pages\/2\/revisions"}],"predecessor-version":[{"id":2920,"href":"https:\/\/mscreations.be\/index.php\/wp-json\/wp\/v2\/pages\/2\/revisions\/2920"}],"wp:attachment":[{"href":"https:\/\/mscreations.be\/index.php\/wp-json\/wp\/v2\/media?parent=2"}],"curies":[{"name":"wp","href":"https:\/\/api.w.org\/{rel}","templated":true}]}}