{"id":3335,"date":"2025-02-23T15:04:58","date_gmt":"2025-02-23T15:04:58","guid":{"rendered":"https:\/\/mscreations.be\/?post_type=product&#038;p=3335"},"modified":"2025-02-23T15:04:59","modified_gmt":"2025-02-23T15:04:59","slug":"applique-murale-naissance-personnalisee","status":"publish","type":"product","link":"http:\/\/mscreations.be\/index.php\/product\/applique-murale-naissance-personnalisee\/","title":{"rendered":"Applique murale naissance personnalis\u00e9e"},"content":{"rendered":"<p>Pour toute demande de personnalisation suppl\u00e9mentaire, nous vous invitons \u00e0 nous contacter via les r\u00e9seaux sociaux ou par mail.<\/p>\n","protected":false},"excerpt":{"rendered":"<p>Lampe LED personnalis\u00e9e en bois \u2013 Ourson &amp; Lune Ajoutez une touche magique \u00e0 la chambre de votre enfant avec cette magnifique lampe LED en bois personnalis\u00e9e ! Son design en forme de lune avec un charmant ourson affiche le pr\u00e9nom, la date de naissance, le poids, la taille et&hellip;<\/p>\n","protected":false},"featured_media":3337,"comment_status":"open","ping_status":"closed","template":"","meta":{"_themeisle_gutenberg_block_has_review":false},"product_cat":[109,108],"product_tag":[],"class_list":{"0":"post-3335","1":"product","2":"type-product","3":"status-publish","4":"has-post-thumbnail","6":"product_cat-luminaires","7":"product_cat-naissance-bebe-enfant","8":"wcpa_has_options","10":"first","11":"instock","12":"shipping-taxable","13":"purchasable","14":"product-type-simple","15":"thumb-no-effect","16":"prod-rating-off"},"wcpa_form_fields":{"rules":{"pric_overide_base_price":false,"pric_overide_base_price_if_gt_zero":false,"pric_cal_option_once":false,"pric_use_as_fee":false,"bind_quantity":false,"quantity_bind_formula":false},"fields":[{"type":"text","elementId":"wcpa-text-1734262350707","label":"Pr\u00e9nom","description":"Inscrivez le pr\u00e9nom de l'enfant","pricingType":"fixed","name":"text-1734262350707","subtype":"text","cl_rule":"show","col":6,"relations":false,"form_id":3249,"form_rules":{"pric_cal_option_once":false,"exclude_from_discount":false,"pric_use_as_fee":false,"fee_label":"Fee","render_after_acb":false,"disp_hide_options_price":false}},{"type":"date","elementId":"wcpa-date-1734262392386","label":"Date de naissance","description":"Inscrivez la date de naissance de l'enfant","pricingType":"fixed","name":"date-1734262392386","min_date":"None","max_date":"None","cl_rule":"show","col":6,"relations":false,"form_id":3249,"form_rules":{"pric_cal_option_once":false,"exclude_from_discount":false,"pric_use_as_fee":false,"fee_label":"Fee","render_after_acb":false,"disp_hide_options_price":false}},{"type":"number","elementId":"wcpa-number-1734262457721","label":"Taille","description":"Inscrivez la taille de l'enfant en cm","pricingType":"fixed","name":"number-1734262457721","cl_rule":"show","col":6,"relations":false,"form_id":3249,"form_rules":{"pric_cal_option_once":false,"exclude_from_discount":false,"pric_use_as_fee":false,"fee_label":"Fee","render_after_acb":false,"disp_hide_options_price":false}},{"type":"number","elementId":"wcpa-number-1734262500120","label":"Poids","description":"Inscrivez le poids de l'enfant en g","pricingType":"fixed","name":"number-1734262500120","cl_rule":"show","col":6,"relations":false,"form_id":3249,"form_rules":{"pric_cal_option_once":false,"exclude_from_discount":false,"pric_use_as_fee":false,"fee_label":"Fee","render_after_acb":false,"disp_hide_options_price":false}},{"type":"time","elementId":"wcpa-time-1734262582768","label":"Heure de naissance","description":"Inscrivez l'heure de naissance de l'enfant","pricingType":"fixed","name":"time-1734262582768","cl_rule":"show","col":6,"relations":false,"form_id":3249,"form_rules":{"pric_cal_option_once":false,"exclude_from_discount":false,"pric_use_as_fee":false,"fee_label":"Fee","render_after_acb":false,"disp_hide_options_price":false}}]},"yoast_head":"<!-- This site is optimized with the Yoast SEO plugin v19.13 - https:\/\/yoast.com\/wordpress\/plugins\/seo\/ -->\n<title>Applique murale naissance personnalis\u00e9e - M&amp;S Creation<\/title>\n<meta name=\"description\" content=\"Parfaite pour cr\u00e9er une ambiance r\u00e9confortante, cette applique murale naissance personnalis\u00e9e constitue un cadeau unique et inoubliable pour une naissance,\" \/>\n<meta name=\"robots\" content=\"index, follow, max-snippet:-1, max-image-preview:large, max-video-preview:-1\" \/>\n<link rel=\"canonical\" href=\"https:\/\/mscreations.be\/index.php\/product\/applique-murale-naissance-personnalisee\/\" \/>\n<meta property=\"og:locale\" content=\"fr_FR\" \/>\n<meta property=\"og:type\" content=\"article\" \/>\n<meta property=\"og:title\" content=\"Applique murale naissance personnalis\u00e9e - M&amp;S Creation\" \/>\n<meta property=\"og:description\" content=\"Parfaite pour cr\u00e9er une ambiance r\u00e9confortante, cette applique murale naissance personnalis\u00e9e constitue un cadeau unique et inoubliable pour une naissance,\" \/>\n<meta property=\"og:url\" content=\"https:\/\/mscreations.be\/index.php\/product\/applique-murale-naissance-personnalisee\/\" \/>\n<meta property=\"og:site_name\" content=\"M&amp;S Creation\" \/>\n<meta property=\"article:publisher\" content=\"https:\/\/www.facebook.com\/profile.php?id=100063148215530\" \/>\n<meta property=\"article:modified_time\" content=\"2025-02-23T15:04:59+00:00\" \/>\n<meta property=\"og:image\" content=\"https:\/\/mscreations.be\/wp-content\/uploads\/2025\/02\/Web-Neila.png\" \/>\n\t<meta property=\"og:image:width\" content=\"400\" \/>\n\t<meta property=\"og:image:height\" content=\"400\" \/>\n\t<meta property=\"og:image:type\" content=\"image\/png\" \/>\n<meta name=\"twitter:card\" content=\"summary_large_image\" \/>\n<meta name=\"twitter:label1\" content=\"Dur\u00e9e de lecture est.\" \/>\n\t<meta name=\"twitter:data1\" content=\"1 minute\" \/>\n<script type=\"application\/ld+json\" class=\"yoast-schema-graph\">{\"@context\":\"https:\/\/schema.org\",\"@graph\":[{\"@type\":\"WebPage\",\"@id\":\"https:\/\/mscreations.be\/index.php\/product\/applique-murale-naissance-personnalisee\/\",\"url\":\"https:\/\/mscreations.be\/index.php\/product\/applique-murale-naissance-personnalisee\/\",\"name\":\"Applique murale naissance personnalis\u00e9e - M&amp;S Creation\",\"isPartOf\":{\"@id\":\"http:\/\/mscreations.be\/#website\"},\"datePublished\":\"2025-02-23T15:04:58+00:00\",\"dateModified\":\"2025-02-23T15:04:59+00:00\",\"description\":\"Parfaite pour cr\u00e9er une ambiance r\u00e9confortante, cette applique murale naissance personnalis\u00e9e constitue un cadeau unique et inoubliable pour une naissance,\",\"breadcrumb\":{\"@id\":\"https:\/\/mscreations.be\/index.php\/product\/applique-murale-naissance-personnalisee\/#breadcrumb\"},\"inLanguage\":\"fr-BE\",\"potentialAction\":[{\"@type\":\"ReadAction\",\"target\":[\"https:\/\/mscreations.be\/index.php\/product\/applique-murale-naissance-personnalisee\/\"]}]},{\"@type\":\"BreadcrumbList\",\"@id\":\"https:\/\/mscreations.be\/index.php\/product\/applique-murale-naissance-personnalisee\/#breadcrumb\",\"itemListElement\":[{\"@type\":\"ListItem\",\"position\":1,\"name\":\"Accueil\",\"item\":\"http:\/\/mscreations.be\/\"},{\"@type\":\"ListItem\",\"position\":2,\"name\":\"Boutique\",\"item\":\"http:\/\/mscreations.be\/index.php\/shop-3\/\"},{\"@type\":\"ListItem\",\"position\":3,\"name\":\"Applique murale naissance personnalis\u00e9e\"}]},{\"@type\":\"WebSite\",\"@id\":\"http:\/\/mscreations.be\/#website\",\"url\":\"http:\/\/mscreations.be\/\",\"name\":\"M&S Creation\",\"description\":\"\",\"publisher\":{\"@id\":\"http:\/\/mscreations.be\/#organization\"},\"potentialAction\":[{\"@type\":\"SearchAction\",\"target\":{\"@type\":\"EntryPoint\",\"urlTemplate\":\"http:\/\/mscreations.be\/?s={search_term_string}\"},\"query-input\":\"required name=search_term_string\"}],\"inLanguage\":\"fr-BE\"},{\"@type\":\"Organization\",\"@id\":\"http:\/\/mscreations.be\/#organization\",\"name\":\"M&S Creation\",\"url\":\"http:\/\/mscreations.be\/\",\"logo\":{\"@type\":\"ImageObject\",\"inLanguage\":\"fr-BE\",\"@id\":\"http:\/\/mscreations.be\/#\/schema\/logo\/image\/\",\"url\":\"http:\/\/mscreations.be\/wp-content\/uploads\/2022\/01\/cropped-cropped-ms.png\",\"contentUrl\":\"http:\/\/mscreations.be\/wp-content\/uploads\/2022\/01\/cropped-cropped-ms.png\",\"width\":512,\"height\":512,\"caption\":\"M&S Creation\"},\"image\":{\"@id\":\"http:\/\/mscreations.be\/#\/schema\/logo\/image\/\"},\"sameAs\":[\"https:\/\/www.facebook.com\/profile.php?id=100063148215530\"]}]}<\/script>\n<!-- \/ Yoast SEO plugin. -->","yoast_head_json":{"title":"Applique murale naissance personnalis\u00e9e - M&amp;S Creation","description":"Parfaite pour cr\u00e9er une ambiance r\u00e9confortante, cette applique murale naissance personnalis\u00e9e constitue un cadeau unique et inoubliable pour une naissance,","robots":{"index":"index","follow":"follow","max-snippet":"max-snippet:-1","max-image-preview":"max-image-preview:large","max-video-preview":"max-video-preview:-1"},"canonical":"https:\/\/mscreations.be\/index.php\/product\/applique-murale-naissance-personnalisee\/","og_locale":"fr_FR","og_type":"article","og_title":"Applique murale naissance personnalis\u00e9e - M&amp;S Creation","og_description":"Parfaite pour cr\u00e9er une ambiance r\u00e9confortante, cette applique murale naissance personnalis\u00e9e constitue un cadeau unique et inoubliable pour une naissance,","og_url":"https:\/\/mscreations.be\/index.php\/product\/applique-murale-naissance-personnalisee\/","og_site_name":"M&amp;S Creation","article_publisher":"https:\/\/www.facebook.com\/profile.php?id=100063148215530","article_modified_time":"2025-02-23T15:04:59+00:00","og_image":[{"width":400,"height":400,"url":"https:\/\/mscreations.be\/wp-content\/uploads\/2025\/02\/Web-Neila.png","type":"image\/png"}],"twitter_card":"summary_large_image","twitter_misc":{"Dur\u00e9e de lecture est.":"1 minute"},"schema":{"@context":"https:\/\/schema.org","@graph":[{"@type":"WebPage","@id":"https:\/\/mscreations.be\/index.php\/product\/applique-murale-naissance-personnalisee\/","url":"https:\/\/mscreations.be\/index.php\/product\/applique-murale-naissance-personnalisee\/","name":"Applique murale naissance personnalis\u00e9e - M&amp;S Creation","isPartOf":{"@id":"http:\/\/mscreations.be\/#website"},"datePublished":"2025-02-23T15:04:58+00:00","dateModified":"2025-02-23T15:04:59+00:00","description":"Parfaite pour cr\u00e9er une ambiance r\u00e9confortante, cette applique murale naissance personnalis\u00e9e constitue un cadeau unique et inoubliable pour une naissance,","breadcrumb":{"@id":"https:\/\/mscreations.be\/index.php\/product\/applique-murale-naissance-personnalisee\/#breadcrumb"},"inLanguage":"fr-BE","potentialAction":[{"@type":"ReadAction","target":["https:\/\/mscreations.be\/index.php\/product\/applique-murale-naissance-personnalisee\/"]}]},{"@type":"BreadcrumbList","@id":"https:\/\/mscreations.be\/index.php\/product\/applique-murale-naissance-personnalisee\/#breadcrumb","itemListElement":[{"@type":"ListItem","position":1,"name":"Accueil","item":"http:\/\/mscreations.be\/"},{"@type":"ListItem","position":2,"name":"Boutique","item":"http:\/\/mscreations.be\/index.php\/shop-3\/"},{"@type":"ListItem","position":3,"name":"Applique murale naissance personnalis\u00e9e"}]},{"@type":"WebSite","@id":"http:\/\/mscreations.be\/#website","url":"http:\/\/mscreations.be\/","name":"M&S Creation","description":"","publisher":{"@id":"http:\/\/mscreations.be\/#organization"},"potentialAction":[{"@type":"SearchAction","target":{"@type":"EntryPoint","urlTemplate":"http:\/\/mscreations.be\/?s={search_term_string}"},"query-input":"required name=search_term_string"}],"inLanguage":"fr-BE"},{"@type":"Organization","@id":"http:\/\/mscreations.be\/#organization","name":"M&S Creation","url":"http:\/\/mscreations.be\/","logo":{"@type":"ImageObject","inLanguage":"fr-BE","@id":"http:\/\/mscreations.be\/#\/schema\/logo\/image\/","url":"http:\/\/mscreations.be\/wp-content\/uploads\/2022\/01\/cropped-cropped-ms.png","contentUrl":"http:\/\/mscreations.be\/wp-content\/uploads\/2022\/01\/cropped-cropped-ms.png","width":512,"height":512,"caption":"M&S Creation"},"image":{"@id":"http:\/\/mscreations.be\/#\/schema\/logo\/image\/"},"sameAs":["https:\/\/www.facebook.com\/profile.php?id=100063148215530"]}]}},"_links":{"self":[{"href":"http:\/\/mscreations.be\/index.php\/wp-json\/wp\/v2\/product\/3335","targetHints":{"allow":["GET"]}}],"collection":[{"href":"http:\/\/mscreations.be\/index.php\/wp-json\/wp\/v2\/product"}],"about":[{"href":"http:\/\/mscreations.be\/index.php\/wp-json\/wp\/v2\/types\/product"}],"replies":[{"embeddable":true,"href":"http:\/\/mscreations.be\/index.php\/wp-json\/wp\/v2\/comments?post=3335"}],"wp:featuredmedia":[{"embeddable":true,"href":"http:\/\/mscreations.be\/index.php\/wp-json\/wp\/v2\/media\/3337"}],"wp:attachment":[{"href":"http:\/\/mscreations.be\/index.php\/wp-json\/wp\/v2\/media?parent=3335"}],"wp:term":[{"taxonomy":"product_cat","embeddable":true,"href":"http:\/\/mscreations.be\/index.php\/wp-json\/wp\/v2\/product_cat?post=3335"},{"taxonomy":"product_tag","embeddable":true,"href":"http:\/\/mscreations.be\/index.php\/wp-json\/wp\/v2\/product_tag?post=3335"}],"curies":[{"name":"wp","href":"https:\/\/api.w.org\/{rel}","templated":true}]}}