{"id":3264,"date":"2025-01-25T12:56:08","date_gmt":"2025-01-25T12:56:08","guid":{"rendered":"https:\/\/mscreations.be\/?post_type=product&#038;p=3264"},"modified":"2025-01-25T12:56:08","modified_gmt":"2025-01-25T12:56:08","slug":"art-mural-croise-home-family-love","status":"publish","type":"product","link":"http:\/\/mscreations.be\/index.php\/product\/art-mural-croise-home-family-love\/","title":{"rendered":"Art Mural Crois\u00e9 Home, Family, Love"},"content":{"rendered":"","protected":false},"excerpt":{"rendered":"<p>Une d\u00e9coration murale inspir\u00e9e des mots crois\u00e9s, mettant en valeur des mots symbolisant les valeurs familiales, l&#8217;amour et la maison, r\u00e9alis\u00e9e avec des carreaux en bois pour apporter une touche chaleureuse et moderne \u00e0 votre int\u00e9rieur. Il s&#8217;agit d&#8217;une r\u00e9alisation en ch\u00eane, chaque carr\u00e9 est \u00e0 coller avec du ruban&hellip;<\/p>\n","protected":false},"featured_media":3268,"comment_status":"open","ping_status":"closed","template":"","meta":{"_themeisle_gutenberg_block_has_review":false},"product_cat":[38],"product_tag":[],"class_list":{"0":"post-3264","1":"product","2":"type-product","3":"status-publish","4":"has-post-thumbnail","6":"product_cat-decorations-murales","8":"first","9":"instock","10":"shipping-taxable","11":"purchasable","12":"product-type-variable","13":"thumb-no-effect","14":"prod-rating-off"},"wcpa_form_fields":null,"yoast_head":"<!-- This site is optimized with the Yoast SEO plugin v19.13 - https:\/\/yoast.com\/wordpress\/plugins\/seo\/ -->\n<title>Art Mural Crois\u00e9 Home, Family, Love - M&amp;S Creation<\/title>\n<meta name=\"description\" content=\"Une d\u00e9coration murale inspir\u00e9e des mots crois\u00e9s, mettant en valeur des mots symbolisant les valeurs familiales, l&#039;amour et la maison;\" \/>\n<meta name=\"robots\" content=\"index, follow, max-snippet:-1, max-image-preview:large, max-video-preview:-1\" \/>\n<link rel=\"canonical\" href=\"http:\/\/mscreations.be\/index.php\/product\/art-mural-croise-home-family-love\/\" \/>\n<meta property=\"og:locale\" content=\"fr_FR\" \/>\n<meta property=\"og:type\" content=\"article\" \/>\n<meta property=\"og:title\" content=\"Art Mural Crois\u00e9 Home, Family, Love - M&amp;S Creation\" \/>\n<meta property=\"og:description\" content=\"Une d\u00e9coration murale inspir\u00e9e des mots crois\u00e9s, mettant en valeur des mots symbolisant les valeurs familiales, l&#039;amour et la maison;\" \/>\n<meta property=\"og:url\" content=\"http:\/\/mscreations.be\/index.php\/product\/art-mural-croise-home-family-love\/\" \/>\n<meta property=\"og:site_name\" content=\"M&amp;S Creation\" \/>\n<meta property=\"article:publisher\" content=\"https:\/\/www.facebook.com\/profile.php?id=100063148215530\" \/>\n<meta property=\"og:image\" content=\"http:\/\/mscreations.be\/wp-content\/uploads\/2025\/01\/20250125_133829_0000-1.png\" \/>\n\t<meta property=\"og:image:width\" content=\"400\" \/>\n\t<meta property=\"og:image:height\" content=\"400\" \/>\n\t<meta property=\"og:image:type\" content=\"image\/png\" \/>\n<meta name=\"twitter:card\" content=\"summary_large_image\" \/>\n<script type=\"application\/ld+json\" class=\"yoast-schema-graph\">{\"@context\":\"https:\/\/schema.org\",\"@graph\":[{\"@type\":\"WebPage\",\"@id\":\"http:\/\/mscreations.be\/index.php\/product\/art-mural-croise-home-family-love\/\",\"url\":\"http:\/\/mscreations.be\/index.php\/product\/art-mural-croise-home-family-love\/\",\"name\":\"Art Mural Crois\u00e9 Home, Family, Love - M&amp;S Creation\",\"isPartOf\":{\"@id\":\"http:\/\/mscreations.be\/#website\"},\"datePublished\":\"2025-01-25T12:56:08+00:00\",\"dateModified\":\"2025-01-25T12:56:08+00:00\",\"description\":\"Une d\u00e9coration murale inspir\u00e9e des mots crois\u00e9s, mettant en valeur des mots symbolisant les valeurs familiales, l'amour et la maison;\",\"breadcrumb\":{\"@id\":\"http:\/\/mscreations.be\/index.php\/product\/art-mural-croise-home-family-love\/#breadcrumb\"},\"inLanguage\":\"fr-BE\",\"potentialAction\":[{\"@type\":\"ReadAction\",\"target\":[\"http:\/\/mscreations.be\/index.php\/product\/art-mural-croise-home-family-love\/\"]}]},{\"@type\":\"BreadcrumbList\",\"@id\":\"http:\/\/mscreations.be\/index.php\/product\/art-mural-croise-home-family-love\/#breadcrumb\",\"itemListElement\":[{\"@type\":\"ListItem\",\"position\":1,\"name\":\"Accueil\",\"item\":\"http:\/\/mscreations.be\/\"},{\"@type\":\"ListItem\",\"position\":2,\"name\":\"Boutique\",\"item\":\"http:\/\/mscreations.be\/index.php\/shop-3\/\"},{\"@type\":\"ListItem\",\"position\":3,\"name\":\"Art Mural Crois\u00e9 Home, Family, Love\"}]},{\"@type\":\"WebSite\",\"@id\":\"http:\/\/mscreations.be\/#website\",\"url\":\"http:\/\/mscreations.be\/\",\"name\":\"M&S Creation\",\"description\":\"\",\"publisher\":{\"@id\":\"http:\/\/mscreations.be\/#organization\"},\"potentialAction\":[{\"@type\":\"SearchAction\",\"target\":{\"@type\":\"EntryPoint\",\"urlTemplate\":\"http:\/\/mscreations.be\/?s={search_term_string}\"},\"query-input\":\"required name=search_term_string\"}],\"inLanguage\":\"fr-BE\"},{\"@type\":\"Organization\",\"@id\":\"http:\/\/mscreations.be\/#organization\",\"name\":\"M&S Creation\",\"url\":\"http:\/\/mscreations.be\/\",\"logo\":{\"@type\":\"ImageObject\",\"inLanguage\":\"fr-BE\",\"@id\":\"http:\/\/mscreations.be\/#\/schema\/logo\/image\/\",\"url\":\"http:\/\/mscreations.be\/wp-content\/uploads\/2022\/01\/cropped-cropped-ms.png\",\"contentUrl\":\"http:\/\/mscreations.be\/wp-content\/uploads\/2022\/01\/cropped-cropped-ms.png\",\"width\":512,\"height\":512,\"caption\":\"M&S Creation\"},\"image\":{\"@id\":\"http:\/\/mscreations.be\/#\/schema\/logo\/image\/\"},\"sameAs\":[\"https:\/\/www.facebook.com\/profile.php?id=100063148215530\"]}]}<\/script>\n<!-- \/ Yoast SEO plugin. -->","yoast_head_json":{"title":"Art Mural Crois\u00e9 Home, Family, Love - M&amp;S Creation","description":"Une d\u00e9coration murale inspir\u00e9e des mots crois\u00e9s, mettant en valeur des mots symbolisant les valeurs familiales, l'amour et la maison;","robots":{"index":"index","follow":"follow","max-snippet":"max-snippet:-1","max-image-preview":"max-image-preview:large","max-video-preview":"max-video-preview:-1"},"canonical":"http:\/\/mscreations.be\/index.php\/product\/art-mural-croise-home-family-love\/","og_locale":"fr_FR","og_type":"article","og_title":"Art Mural Crois\u00e9 Home, Family, Love - M&amp;S Creation","og_description":"Une d\u00e9coration murale inspir\u00e9e des mots crois\u00e9s, mettant en valeur des mots symbolisant les valeurs familiales, l'amour et la maison;","og_url":"http:\/\/mscreations.be\/index.php\/product\/art-mural-croise-home-family-love\/","og_site_name":"M&amp;S Creation","article_publisher":"https:\/\/www.facebook.com\/profile.php?id=100063148215530","og_image":[{"width":400,"height":400,"url":"http:\/\/mscreations.be\/wp-content\/uploads\/2025\/01\/20250125_133829_0000-1.png","type":"image\/png"}],"twitter_card":"summary_large_image","schema":{"@context":"https:\/\/schema.org","@graph":[{"@type":"WebPage","@id":"http:\/\/mscreations.be\/index.php\/product\/art-mural-croise-home-family-love\/","url":"http:\/\/mscreations.be\/index.php\/product\/art-mural-croise-home-family-love\/","name":"Art Mural Crois\u00e9 Home, Family, Love - M&amp;S Creation","isPartOf":{"@id":"http:\/\/mscreations.be\/#website"},"datePublished":"2025-01-25T12:56:08+00:00","dateModified":"2025-01-25T12:56:08+00:00","description":"Une d\u00e9coration murale inspir\u00e9e des mots crois\u00e9s, mettant en valeur des mots symbolisant les valeurs familiales, l'amour et la maison;","breadcrumb":{"@id":"http:\/\/mscreations.be\/index.php\/product\/art-mural-croise-home-family-love\/#breadcrumb"},"inLanguage":"fr-BE","potentialAction":[{"@type":"ReadAction","target":["http:\/\/mscreations.be\/index.php\/product\/art-mural-croise-home-family-love\/"]}]},{"@type":"BreadcrumbList","@id":"http:\/\/mscreations.be\/index.php\/product\/art-mural-croise-home-family-love\/#breadcrumb","itemListElement":[{"@type":"ListItem","position":1,"name":"Accueil","item":"http:\/\/mscreations.be\/"},{"@type":"ListItem","position":2,"name":"Boutique","item":"http:\/\/mscreations.be\/index.php\/shop-3\/"},{"@type":"ListItem","position":3,"name":"Art Mural Crois\u00e9 Home, Family, Love"}]},{"@type":"WebSite","@id":"http:\/\/mscreations.be\/#website","url":"http:\/\/mscreations.be\/","name":"M&S Creation","description":"","publisher":{"@id":"http:\/\/mscreations.be\/#organization"},"potentialAction":[{"@type":"SearchAction","target":{"@type":"EntryPoint","urlTemplate":"http:\/\/mscreations.be\/?s={search_term_string}"},"query-input":"required name=search_term_string"}],"inLanguage":"fr-BE"},{"@type":"Organization","@id":"http:\/\/mscreations.be\/#organization","name":"M&S Creation","url":"http:\/\/mscreations.be\/","logo":{"@type":"ImageObject","inLanguage":"fr-BE","@id":"http:\/\/mscreations.be\/#\/schema\/logo\/image\/","url":"http:\/\/mscreations.be\/wp-content\/uploads\/2022\/01\/cropped-cropped-ms.png","contentUrl":"http:\/\/mscreations.be\/wp-content\/uploads\/2022\/01\/cropped-cropped-ms.png","width":512,"height":512,"caption":"M&S Creation"},"image":{"@id":"http:\/\/mscreations.be\/#\/schema\/logo\/image\/"},"sameAs":["https:\/\/www.facebook.com\/profile.php?id=100063148215530"]}]}},"_links":{"self":[{"href":"http:\/\/mscreations.be\/index.php\/wp-json\/wp\/v2\/product\/3264","targetHints":{"allow":["GET"]}}],"collection":[{"href":"http:\/\/mscreations.be\/index.php\/wp-json\/wp\/v2\/product"}],"about":[{"href":"http:\/\/mscreations.be\/index.php\/wp-json\/wp\/v2\/types\/product"}],"replies":[{"embeddable":true,"href":"http:\/\/mscreations.be\/index.php\/wp-json\/wp\/v2\/comments?post=3264"}],"wp:featuredmedia":[{"embeddable":true,"href":"http:\/\/mscreations.be\/index.php\/wp-json\/wp\/v2\/media\/3268"}],"wp:attachment":[{"href":"http:\/\/mscreations.be\/index.php\/wp-json\/wp\/v2\/media?parent=3264"}],"wp:term":[{"taxonomy":"product_cat","embeddable":true,"href":"http:\/\/mscreations.be\/index.php\/wp-json\/wp\/v2\/product_cat?post=3264"},{"taxonomy":"product_tag","embeddable":true,"href":"http:\/\/mscreations.be\/index.php\/wp-json\/wp\/v2\/product_tag?post=3264"}],"curies":[{"name":"wp","href":"https:\/\/api.w.org\/{rel}","templated":true}]}}