{"id":3201,"date":"2024-12-01T15:58:42","date_gmt":"2024-12-01T15:58:42","guid":{"rendered":"https:\/\/mscreations.be\/?post_type=product&#038;p=3201"},"modified":"2024-12-15T11:19:33","modified_gmt":"2024-12-15T11:19:33","slug":"boucles-doreilles-2","status":"publish","type":"product","link":"http:\/\/mscreations.be\/index.php\/product\/boucles-doreilles-2\/","title":{"rendered":"Boucles d&#8217;oreilles"},"content":{"rendered":"<p>Ces boucles d&#8217;oreilles sont disponibles en contreplaqu\u00e9 ch\u00eane, contreplaqu\u00e9 noyer et en mdf teint\u00e9 noir.<\/p>\n","protected":false},"excerpt":{"rendered":"<p>Des boucles d&#8217;oreilles uniques faites \u00e0 la main, alliant \u00e9l\u00e9gance et modernit\u00e9. L\u00e9g\u00e8res et durables, elles sont parfaites pour sublimer toutes vos tenues. Fabriqu\u00e9es avec soin, elles conviennent aussi bien au quotidien qu\u2019aux occasions sp\u00e9ciales.<\/p>\n","protected":false},"featured_media":3218,"comment_status":"open","ping_status":"closed","template":"","meta":{"_themeisle_gutenberg_block_has_review":false},"product_cat":[112],"product_tag":[],"class_list":{"0":"post-3201","1":"product","2":"type-product","3":"status-publish","4":"has-post-thumbnail","6":"product_cat-bijoux","8":"first","9":"instock","10":"shipping-taxable","11":"purchasable","12":"product-type-variable","13":"has-default-attributes","14":"thumb-no-effect","15":"prod-rating-off"},"wcpa_form_fields":null,"yoast_head":"<!-- This site is optimized with the Yoast SEO plugin v19.13 - https:\/\/yoast.com\/wordpress\/plugins\/seo\/ -->\n<title>Boucles d&#039;oreilles - M&amp;S Creation<\/title>\n<meta name=\"description\" content=\"Des boucles d&#039;oreilles uniques faites \u00e0 la main, alliant \u00e9l\u00e9gance et modernit\u00e9. L\u00e9g\u00e8res et durables, elles sont parfaites pour sublimer toutes vos tenues.\" \/>\n<meta name=\"robots\" content=\"index, follow, max-snippet:-1, max-image-preview:large, max-video-preview:-1\" \/>\n<link rel=\"canonical\" href=\"https:\/\/mscreations.be\/index.php\/product\/boucles-doreilles-2\/\" \/>\n<meta property=\"og:locale\" content=\"fr_FR\" \/>\n<meta property=\"og:type\" content=\"article\" \/>\n<meta property=\"og:title\" content=\"Boucles d&#039;oreilles - M&amp;S Creation\" \/>\n<meta property=\"og:description\" content=\"Des boucles d&#039;oreilles uniques faites \u00e0 la main, alliant \u00e9l\u00e9gance et modernit\u00e9. L\u00e9g\u00e8res et durables, elles sont parfaites pour sublimer toutes vos tenues.\" \/>\n<meta property=\"og:url\" content=\"https:\/\/mscreations.be\/index.php\/product\/boucles-doreilles-2\/\" \/>\n<meta property=\"og:site_name\" content=\"M&amp;S Creation\" \/>\n<meta property=\"article:publisher\" content=\"https:\/\/www.facebook.com\/profile.php?id=100063148215530\" \/>\n<meta property=\"article:modified_time\" content=\"2024-12-15T11:19:33+00:00\" \/>\n<meta property=\"og:image\" content=\"https:\/\/mscreations.be\/wp-content\/uploads\/2024\/12\/Modele-1.jpg\" \/>\n\t<meta property=\"og:image:width\" content=\"888\" \/>\n\t<meta property=\"og:image:height\" content=\"1227\" \/>\n\t<meta property=\"og:image:type\" content=\"image\/jpeg\" \/>\n<meta name=\"twitter:card\" content=\"summary_large_image\" \/>\n<meta name=\"twitter:label1\" content=\"Dur\u00e9e de lecture est.\" \/>\n\t<meta name=\"twitter:data1\" content=\"1 minute\" \/>\n<script type=\"application\/ld+json\" class=\"yoast-schema-graph\">{\"@context\":\"https:\/\/schema.org\",\"@graph\":[{\"@type\":\"WebPage\",\"@id\":\"https:\/\/mscreations.be\/index.php\/product\/boucles-doreilles-2\/\",\"url\":\"https:\/\/mscreations.be\/index.php\/product\/boucles-doreilles-2\/\",\"name\":\"Boucles d'oreilles - M&amp;S Creation\",\"isPartOf\":{\"@id\":\"http:\/\/mscreations.be\/#website\"},\"datePublished\":\"2024-12-01T15:58:42+00:00\",\"dateModified\":\"2024-12-15T11:19:33+00:00\",\"description\":\"Des boucles d'oreilles uniques faites \u00e0 la main, alliant \u00e9l\u00e9gance et modernit\u00e9. L\u00e9g\u00e8res et durables, elles sont parfaites pour sublimer toutes vos tenues.\",\"breadcrumb\":{\"@id\":\"https:\/\/mscreations.be\/index.php\/product\/boucles-doreilles-2\/#breadcrumb\"},\"inLanguage\":\"fr-BE\",\"potentialAction\":[{\"@type\":\"ReadAction\",\"target\":[\"https:\/\/mscreations.be\/index.php\/product\/boucles-doreilles-2\/\"]}]},{\"@type\":\"BreadcrumbList\",\"@id\":\"https:\/\/mscreations.be\/index.php\/product\/boucles-doreilles-2\/#breadcrumb\",\"itemListElement\":[{\"@type\":\"ListItem\",\"position\":1,\"name\":\"Accueil\",\"item\":\"http:\/\/mscreations.be\/\"},{\"@type\":\"ListItem\",\"position\":2,\"name\":\"Boutique\",\"item\":\"http:\/\/mscreations.be\/index.php\/shop-3\/\"},{\"@type\":\"ListItem\",\"position\":3,\"name\":\"Boucles d&#8217;oreilles\"}]},{\"@type\":\"WebSite\",\"@id\":\"http:\/\/mscreations.be\/#website\",\"url\":\"http:\/\/mscreations.be\/\",\"name\":\"M&S Creation\",\"description\":\"\",\"publisher\":{\"@id\":\"http:\/\/mscreations.be\/#organization\"},\"potentialAction\":[{\"@type\":\"SearchAction\",\"target\":{\"@type\":\"EntryPoint\",\"urlTemplate\":\"http:\/\/mscreations.be\/?s={search_term_string}\"},\"query-input\":\"required name=search_term_string\"}],\"inLanguage\":\"fr-BE\"},{\"@type\":\"Organization\",\"@id\":\"http:\/\/mscreations.be\/#organization\",\"name\":\"M&S Creation\",\"url\":\"http:\/\/mscreations.be\/\",\"logo\":{\"@type\":\"ImageObject\",\"inLanguage\":\"fr-BE\",\"@id\":\"http:\/\/mscreations.be\/#\/schema\/logo\/image\/\",\"url\":\"http:\/\/mscreations.be\/wp-content\/uploads\/2022\/01\/cropped-cropped-ms.png\",\"contentUrl\":\"http:\/\/mscreations.be\/wp-content\/uploads\/2022\/01\/cropped-cropped-ms.png\",\"width\":512,\"height\":512,\"caption\":\"M&S Creation\"},\"image\":{\"@id\":\"http:\/\/mscreations.be\/#\/schema\/logo\/image\/\"},\"sameAs\":[\"https:\/\/www.facebook.com\/profile.php?id=100063148215530\"]}]}<\/script>\n<!-- \/ Yoast SEO plugin. -->","yoast_head_json":{"title":"Boucles d'oreilles - M&amp;S Creation","description":"Des boucles d'oreilles uniques faites \u00e0 la main, alliant \u00e9l\u00e9gance et modernit\u00e9. L\u00e9g\u00e8res et durables, elles sont parfaites pour sublimer toutes vos tenues.","robots":{"index":"index","follow":"follow","max-snippet":"max-snippet:-1","max-image-preview":"max-image-preview:large","max-video-preview":"max-video-preview:-1"},"canonical":"https:\/\/mscreations.be\/index.php\/product\/boucles-doreilles-2\/","og_locale":"fr_FR","og_type":"article","og_title":"Boucles d'oreilles - M&amp;S Creation","og_description":"Des boucles d'oreilles uniques faites \u00e0 la main, alliant \u00e9l\u00e9gance et modernit\u00e9. L\u00e9g\u00e8res et durables, elles sont parfaites pour sublimer toutes vos tenues.","og_url":"https:\/\/mscreations.be\/index.php\/product\/boucles-doreilles-2\/","og_site_name":"M&amp;S Creation","article_publisher":"https:\/\/www.facebook.com\/profile.php?id=100063148215530","article_modified_time":"2024-12-15T11:19:33+00:00","og_image":[{"width":888,"height":1227,"url":"https:\/\/mscreations.be\/wp-content\/uploads\/2024\/12\/Modele-1.jpg","type":"image\/jpeg"}],"twitter_card":"summary_large_image","twitter_misc":{"Dur\u00e9e de lecture est.":"1 minute"},"schema":{"@context":"https:\/\/schema.org","@graph":[{"@type":"WebPage","@id":"https:\/\/mscreations.be\/index.php\/product\/boucles-doreilles-2\/","url":"https:\/\/mscreations.be\/index.php\/product\/boucles-doreilles-2\/","name":"Boucles d'oreilles - M&amp;S Creation","isPartOf":{"@id":"http:\/\/mscreations.be\/#website"},"datePublished":"2024-12-01T15:58:42+00:00","dateModified":"2024-12-15T11:19:33+00:00","description":"Des boucles d'oreilles uniques faites \u00e0 la main, alliant \u00e9l\u00e9gance et modernit\u00e9. L\u00e9g\u00e8res et durables, elles sont parfaites pour sublimer toutes vos tenues.","breadcrumb":{"@id":"https:\/\/mscreations.be\/index.php\/product\/boucles-doreilles-2\/#breadcrumb"},"inLanguage":"fr-BE","potentialAction":[{"@type":"ReadAction","target":["https:\/\/mscreations.be\/index.php\/product\/boucles-doreilles-2\/"]}]},{"@type":"BreadcrumbList","@id":"https:\/\/mscreations.be\/index.php\/product\/boucles-doreilles-2\/#breadcrumb","itemListElement":[{"@type":"ListItem","position":1,"name":"Accueil","item":"http:\/\/mscreations.be\/"},{"@type":"ListItem","position":2,"name":"Boutique","item":"http:\/\/mscreations.be\/index.php\/shop-3\/"},{"@type":"ListItem","position":3,"name":"Boucles d&#8217;oreilles"}]},{"@type":"WebSite","@id":"http:\/\/mscreations.be\/#website","url":"http:\/\/mscreations.be\/","name":"M&S Creation","description":"","publisher":{"@id":"http:\/\/mscreations.be\/#organization"},"potentialAction":[{"@type":"SearchAction","target":{"@type":"EntryPoint","urlTemplate":"http:\/\/mscreations.be\/?s={search_term_string}"},"query-input":"required name=search_term_string"}],"inLanguage":"fr-BE"},{"@type":"Organization","@id":"http:\/\/mscreations.be\/#organization","name":"M&S Creation","url":"http:\/\/mscreations.be\/","logo":{"@type":"ImageObject","inLanguage":"fr-BE","@id":"http:\/\/mscreations.be\/#\/schema\/logo\/image\/","url":"http:\/\/mscreations.be\/wp-content\/uploads\/2022\/01\/cropped-cropped-ms.png","contentUrl":"http:\/\/mscreations.be\/wp-content\/uploads\/2022\/01\/cropped-cropped-ms.png","width":512,"height":512,"caption":"M&S Creation"},"image":{"@id":"http:\/\/mscreations.be\/#\/schema\/logo\/image\/"},"sameAs":["https:\/\/www.facebook.com\/profile.php?id=100063148215530"]}]}},"_links":{"self":[{"href":"http:\/\/mscreations.be\/index.php\/wp-json\/wp\/v2\/product\/3201","targetHints":{"allow":["GET"]}}],"collection":[{"href":"http:\/\/mscreations.be\/index.php\/wp-json\/wp\/v2\/product"}],"about":[{"href":"http:\/\/mscreations.be\/index.php\/wp-json\/wp\/v2\/types\/product"}],"replies":[{"embeddable":true,"href":"http:\/\/mscreations.be\/index.php\/wp-json\/wp\/v2\/comments?post=3201"}],"wp:featuredmedia":[{"embeddable":true,"href":"http:\/\/mscreations.be\/index.php\/wp-json\/wp\/v2\/media\/3218"}],"wp:attachment":[{"href":"http:\/\/mscreations.be\/index.php\/wp-json\/wp\/v2\/media?parent=3201"}],"wp:term":[{"taxonomy":"product_cat","embeddable":true,"href":"http:\/\/mscreations.be\/index.php\/wp-json\/wp\/v2\/product_cat?post=3201"},{"taxonomy":"product_tag","embeddable":true,"href":"http:\/\/mscreations.be\/index.php\/wp-json\/wp\/v2\/product_tag?post=3201"}],"curies":[{"name":"wp","href":"https:\/\/api.w.org\/{rel}","templated":true}]}}