{"id":3180,"date":"2024-11-23T15:37:21","date_gmt":"2024-11-23T15:37:21","guid":{"rendered":"https:\/\/mscreations.be\/?post_type=product&#038;p=3180"},"modified":"2024-12-15T11:17:21","modified_gmt":"2024-12-15T11:17:21","slug":"boucles_doreilles_en_deux_parties","status":"publish","type":"product","link":"http:\/\/mscreations.be\/index.php\/product\/boucles_doreilles_en_deux_parties\/","title":{"rendered":"Boucles d&#8217;oreilles en deux parties"},"content":{"rendered":"","protected":false},"excerpt":{"rendered":"<p>Craquez pour ces boucles d&#8217;oreilles uniques en bois, alliant avec \u00e9l\u00e9gance le ch\u00eane et le noyer. Une cr\u00e9ation artisanale qui apporte une touche naturelle et raffin\u00e9e \u00e0 toutes vos tenues. Sublimez votre style avec cette pi\u00e8ce intemporelle, parfaite pour chaque occasion.<\/p>\n","protected":false},"featured_media":3236,"comment_status":"open","ping_status":"closed","template":"","meta":{"_themeisle_gutenberg_block_has_review":false},"product_cat":[112,15],"product_tag":[],"class_list":{"0":"post-3180","1":"product","2":"type-product","3":"status-publish","4":"has-post-thumbnail","6":"product_cat-bijoux","7":"product_cat-uncategorized","9":"first","10":"instock","11":"shipping-taxable","12":"purchasable","13":"product-type-variable","14":"has-default-attributes","15":"thumb-no-effect","16":"prod-rating-off"},"wcpa_form_fields":null,"yoast_head":"<!-- This site is optimized with the Yoast SEO plugin v19.13 - https:\/\/yoast.com\/wordpress\/plugins\/seo\/ -->\n<title>Boucles d&#039;oreilles en deux parties - M&amp;S Creation<\/title>\n<meta name=\"description\" content=\"Des boucles d&#039;oreilles uniques en bois, alliant avec \u00e9l\u00e9gance le ch\u00eane et le noyer. Une cr\u00e9ation artisanale qui apporte une touche naturelle et raffin\u00e9e.\" \/>\n<meta name=\"robots\" content=\"index, follow, max-snippet:-1, max-image-preview:large, max-video-preview:-1\" \/>\n<link rel=\"canonical\" href=\"http:\/\/mscreations.be\/index.php\/product\/boucles_doreilles_en_deux_parties\/\" \/>\n<meta property=\"og:locale\" content=\"fr_FR\" \/>\n<meta property=\"og:type\" content=\"article\" \/>\n<meta property=\"og:title\" content=\"Boucles d&#039;oreilles en deux parties - M&amp;S Creation\" \/>\n<meta property=\"og:description\" content=\"Des boucles d&#039;oreilles uniques en bois, alliant avec \u00e9l\u00e9gance le ch\u00eane et le noyer. Une cr\u00e9ation artisanale qui apporte une touche naturelle et raffin\u00e9e.\" \/>\n<meta property=\"og:url\" content=\"http:\/\/mscreations.be\/index.php\/product\/boucles_doreilles_en_deux_parties\/\" \/>\n<meta property=\"og:site_name\" content=\"M&amp;S Creation\" \/>\n<meta property=\"article:publisher\" content=\"https:\/\/www.facebook.com\/profile.php?id=100063148215530\" \/>\n<meta property=\"article:modified_time\" content=\"2024-12-15T11:17:21+00:00\" \/>\n<meta property=\"og:image\" content=\"http:\/\/mscreations.be\/wp-content\/uploads\/2024\/11\/20241202_152822_0000.png\" \/>\n\t<meta property=\"og:image:width\" content=\"400\" \/>\n\t<meta property=\"og:image:height\" content=\"400\" \/>\n\t<meta property=\"og:image:type\" content=\"image\/png\" \/>\n<meta name=\"twitter:card\" content=\"summary_large_image\" \/>\n<script type=\"application\/ld+json\" class=\"yoast-schema-graph\">{\"@context\":\"https:\/\/schema.org\",\"@graph\":[{\"@type\":\"WebPage\",\"@id\":\"http:\/\/mscreations.be\/index.php\/product\/boucles_doreilles_en_deux_parties\/\",\"url\":\"http:\/\/mscreations.be\/index.php\/product\/boucles_doreilles_en_deux_parties\/\",\"name\":\"Boucles d'oreilles en deux parties - M&amp;S Creation\",\"isPartOf\":{\"@id\":\"http:\/\/mscreations.be\/#website\"},\"datePublished\":\"2024-11-23T15:37:21+00:00\",\"dateModified\":\"2024-12-15T11:17:21+00:00\",\"description\":\"Des boucles d'oreilles uniques en bois, alliant avec \u00e9l\u00e9gance le ch\u00eane et le noyer. Une cr\u00e9ation artisanale qui apporte une touche naturelle et raffin\u00e9e.\",\"breadcrumb\":{\"@id\":\"http:\/\/mscreations.be\/index.php\/product\/boucles_doreilles_en_deux_parties\/#breadcrumb\"},\"inLanguage\":\"fr-BE\",\"potentialAction\":[{\"@type\":\"ReadAction\",\"target\":[\"http:\/\/mscreations.be\/index.php\/product\/boucles_doreilles_en_deux_parties\/\"]}]},{\"@type\":\"BreadcrumbList\",\"@id\":\"http:\/\/mscreations.be\/index.php\/product\/boucles_doreilles_en_deux_parties\/#breadcrumb\",\"itemListElement\":[{\"@type\":\"ListItem\",\"position\":1,\"name\":\"Accueil\",\"item\":\"http:\/\/mscreations.be\/\"},{\"@type\":\"ListItem\",\"position\":2,\"name\":\"Boutique\",\"item\":\"http:\/\/mscreations.be\/index.php\/shop-3\/\"},{\"@type\":\"ListItem\",\"position\":3,\"name\":\"Boucles d&#8217;oreilles en deux parties\"}]},{\"@type\":\"WebSite\",\"@id\":\"http:\/\/mscreations.be\/#website\",\"url\":\"http:\/\/mscreations.be\/\",\"name\":\"M&S Creation\",\"description\":\"\",\"publisher\":{\"@id\":\"http:\/\/mscreations.be\/#organization\"},\"potentialAction\":[{\"@type\":\"SearchAction\",\"target\":{\"@type\":\"EntryPoint\",\"urlTemplate\":\"http:\/\/mscreations.be\/?s={search_term_string}\"},\"query-input\":\"required name=search_term_string\"}],\"inLanguage\":\"fr-BE\"},{\"@type\":\"Organization\",\"@id\":\"http:\/\/mscreations.be\/#organization\",\"name\":\"M&S Creation\",\"url\":\"http:\/\/mscreations.be\/\",\"logo\":{\"@type\":\"ImageObject\",\"inLanguage\":\"fr-BE\",\"@id\":\"http:\/\/mscreations.be\/#\/schema\/logo\/image\/\",\"url\":\"http:\/\/mscreations.be\/wp-content\/uploads\/2022\/01\/cropped-cropped-ms.png\",\"contentUrl\":\"http:\/\/mscreations.be\/wp-content\/uploads\/2022\/01\/cropped-cropped-ms.png\",\"width\":512,\"height\":512,\"caption\":\"M&S Creation\"},\"image\":{\"@id\":\"http:\/\/mscreations.be\/#\/schema\/logo\/image\/\"},\"sameAs\":[\"https:\/\/www.facebook.com\/profile.php?id=100063148215530\"]}]}<\/script>\n<!-- \/ Yoast SEO plugin. -->","yoast_head_json":{"title":"Boucles d'oreilles en deux parties - M&amp;S Creation","description":"Des boucles d'oreilles uniques en bois, alliant avec \u00e9l\u00e9gance le ch\u00eane et le noyer. Une cr\u00e9ation artisanale qui apporte une touche naturelle et raffin\u00e9e.","robots":{"index":"index","follow":"follow","max-snippet":"max-snippet:-1","max-image-preview":"max-image-preview:large","max-video-preview":"max-video-preview:-1"},"canonical":"http:\/\/mscreations.be\/index.php\/product\/boucles_doreilles_en_deux_parties\/","og_locale":"fr_FR","og_type":"article","og_title":"Boucles d'oreilles en deux parties - M&amp;S Creation","og_description":"Des boucles d'oreilles uniques en bois, alliant avec \u00e9l\u00e9gance le ch\u00eane et le noyer. Une cr\u00e9ation artisanale qui apporte une touche naturelle et raffin\u00e9e.","og_url":"http:\/\/mscreations.be\/index.php\/product\/boucles_doreilles_en_deux_parties\/","og_site_name":"M&amp;S Creation","article_publisher":"https:\/\/www.facebook.com\/profile.php?id=100063148215530","article_modified_time":"2024-12-15T11:17:21+00:00","og_image":[{"width":400,"height":400,"url":"http:\/\/mscreations.be\/wp-content\/uploads\/2024\/11\/20241202_152822_0000.png","type":"image\/png"}],"twitter_card":"summary_large_image","schema":{"@context":"https:\/\/schema.org","@graph":[{"@type":"WebPage","@id":"http:\/\/mscreations.be\/index.php\/product\/boucles_doreilles_en_deux_parties\/","url":"http:\/\/mscreations.be\/index.php\/product\/boucles_doreilles_en_deux_parties\/","name":"Boucles d'oreilles en deux parties - M&amp;S Creation","isPartOf":{"@id":"http:\/\/mscreations.be\/#website"},"datePublished":"2024-11-23T15:37:21+00:00","dateModified":"2024-12-15T11:17:21+00:00","description":"Des boucles d'oreilles uniques en bois, alliant avec \u00e9l\u00e9gance le ch\u00eane et le noyer. Une cr\u00e9ation artisanale qui apporte une touche naturelle et raffin\u00e9e.","breadcrumb":{"@id":"http:\/\/mscreations.be\/index.php\/product\/boucles_doreilles_en_deux_parties\/#breadcrumb"},"inLanguage":"fr-BE","potentialAction":[{"@type":"ReadAction","target":["http:\/\/mscreations.be\/index.php\/product\/boucles_doreilles_en_deux_parties\/"]}]},{"@type":"BreadcrumbList","@id":"http:\/\/mscreations.be\/index.php\/product\/boucles_doreilles_en_deux_parties\/#breadcrumb","itemListElement":[{"@type":"ListItem","position":1,"name":"Accueil","item":"http:\/\/mscreations.be\/"},{"@type":"ListItem","position":2,"name":"Boutique","item":"http:\/\/mscreations.be\/index.php\/shop-3\/"},{"@type":"ListItem","position":3,"name":"Boucles d&#8217;oreilles en deux parties"}]},{"@type":"WebSite","@id":"http:\/\/mscreations.be\/#website","url":"http:\/\/mscreations.be\/","name":"M&S Creation","description":"","publisher":{"@id":"http:\/\/mscreations.be\/#organization"},"potentialAction":[{"@type":"SearchAction","target":{"@type":"EntryPoint","urlTemplate":"http:\/\/mscreations.be\/?s={search_term_string}"},"query-input":"required name=search_term_string"}],"inLanguage":"fr-BE"},{"@type":"Organization","@id":"http:\/\/mscreations.be\/#organization","name":"M&S Creation","url":"http:\/\/mscreations.be\/","logo":{"@type":"ImageObject","inLanguage":"fr-BE","@id":"http:\/\/mscreations.be\/#\/schema\/logo\/image\/","url":"http:\/\/mscreations.be\/wp-content\/uploads\/2022\/01\/cropped-cropped-ms.png","contentUrl":"http:\/\/mscreations.be\/wp-content\/uploads\/2022\/01\/cropped-cropped-ms.png","width":512,"height":512,"caption":"M&S Creation"},"image":{"@id":"http:\/\/mscreations.be\/#\/schema\/logo\/image\/"},"sameAs":["https:\/\/www.facebook.com\/profile.php?id=100063148215530"]}]}},"_links":{"self":[{"href":"http:\/\/mscreations.be\/index.php\/wp-json\/wp\/v2\/product\/3180","targetHints":{"allow":["GET"]}}],"collection":[{"href":"http:\/\/mscreations.be\/index.php\/wp-json\/wp\/v2\/product"}],"about":[{"href":"http:\/\/mscreations.be\/index.php\/wp-json\/wp\/v2\/types\/product"}],"replies":[{"embeddable":true,"href":"http:\/\/mscreations.be\/index.php\/wp-json\/wp\/v2\/comments?post=3180"}],"wp:featuredmedia":[{"embeddable":true,"href":"http:\/\/mscreations.be\/index.php\/wp-json\/wp\/v2\/media\/3236"}],"wp:attachment":[{"href":"http:\/\/mscreations.be\/index.php\/wp-json\/wp\/v2\/media?parent=3180"}],"wp:term":[{"taxonomy":"product_cat","embeddable":true,"href":"http:\/\/mscreations.be\/index.php\/wp-json\/wp\/v2\/product_cat?post=3180"},{"taxonomy":"product_tag","embeddable":true,"href":"http:\/\/mscreations.be\/index.php\/wp-json\/wp\/v2\/product_tag?post=3180"}],"curies":[{"name":"wp","href":"https:\/\/api.w.org\/{rel}","templated":true}]}}