{"id":3161,"date":"2024-11-08T16:34:18","date_gmt":"2024-11-08T16:34:18","guid":{"rendered":"https:\/\/mscreations.be\/?post_type=product&#038;p=3161"},"modified":"2024-11-08T16:41:15","modified_gmt":"2024-11-08T16:41:15","slug":"boules-de-noel-originales-personnalisees","status":"publish","type":"product","link":"http:\/\/mscreations.be\/index.php\/product\/boules-de-noel-originales-personnalisees\/","title":{"rendered":"Boules de No\u00ebl originales personnalis\u00e9es"},"content":{"rendered":"<p>Nos boules de No\u00ebl personnalis\u00e9es sont disponibles en plusieurs mod\u00e8les et essences. Ces petites d\u00e9corations sont id\u00e9ales pour embellir votre sapin.<\/p>\n<p>Nous vous invitons \u00e0 inscrire le pr\u00e9nom ou la phrase \u00e0 graver. Si vous ne souhaitez pas d&#8217;inscription, nous vous invitons \u00e0 ne rien indiquer dans la rubrique.<\/p>\n","protected":false},"excerpt":{"rendered":"<p>D\u00e9corations de No\u00ebl pour arbre fabriqu\u00e9es par d\u00e9coupe et gravure laser, offrant des formes pr\u00e9cises et d\u00e9taill\u00e9es. Le mat\u00e9riau est un double peuplier associ\u00e9 au MDF blanc, ce qui leur conf\u00e8re robustesse et \u00e9l\u00e9gance, parfait pour d\u00e9corer votre sapin de No\u00ebl.<\/p>\n","protected":false},"featured_media":3137,"comment_status":"open","ping_status":"closed","template":"","meta":{"_themeisle_gutenberg_block_has_review":false},"product_cat":[47],"product_tag":[],"class_list":{"0":"post-3161","1":"product","2":"type-product","3":"status-publish","4":"has-post-thumbnail","6":"product_cat-noel","7":"wcpa_has_options","9":"first","10":"instock","11":"shipping-taxable","12":"purchasable","13":"product-type-variable","14":"thumb-no-effect","15":"prod-rating-off"},"wcpa_form_fields":{"rules":{"pric_overide_base_price":false,"pric_overide_base_price_if_gt_zero":false,"pric_cal_option_once":false,"pric_use_as_fee":false,"bind_quantity":false,"quantity_bind_formula":false},"fields":[{"type":"textarea","elementId":"wcpa-textarea-1714543521497","label":"Texte personnalis\u00e9","pricingType":"fixed","name":"textarea-1714543521497","cl_rule":"show","col":6,"relations":false,"form_id":2478,"form_rules":{"pric_cal_option_once":false,"exclude_from_discount":false,"pric_use_as_fee":false,"fee_label":"Fee","render_after_acb":false,"disp_hide_options_price":false}}]},"yoast_head":"<!-- This site is optimized with the Yoast SEO plugin v19.13 - https:\/\/yoast.com\/wordpress\/plugins\/seo\/ -->\n<title>Boules de No\u00ebl originales personnalis\u00e9es - M&amp;S Creation<\/title>\n<meta name=\"description\" content=\"Nos boules de No\u00ebl originales et uniques sont disponibles en plusieurs mod\u00e8les et couleurs. Ces petites d\u00e9corations sont id\u00e9ales pour embellir votre sapin.\" \/>\n<meta name=\"robots\" content=\"index, follow, max-snippet:-1, max-image-preview:large, max-video-preview:-1\" \/>\n<link rel=\"canonical\" href=\"http:\/\/mscreations.be\/index.php\/product\/boules-de-noel-originales-personnalisees\/\" \/>\n<meta property=\"og:locale\" content=\"fr_FR\" \/>\n<meta property=\"og:type\" content=\"article\" \/>\n<meta property=\"og:title\" content=\"Boules de No\u00ebl originales personnalis\u00e9es - M&amp;S Creation\" \/>\n<meta property=\"og:description\" content=\"Nos boules de No\u00ebl originales et uniques sont disponibles en plusieurs mod\u00e8les et couleurs. Ces petites d\u00e9corations sont id\u00e9ales pour embellir votre sapin.\" \/>\n<meta property=\"og:url\" content=\"http:\/\/mscreations.be\/index.php\/product\/boules-de-noel-originales-personnalisees\/\" \/>\n<meta property=\"og:site_name\" content=\"M&amp;S Creation\" \/>\n<meta property=\"article:publisher\" content=\"https:\/\/www.facebook.com\/profile.php?id=100063148215530\" \/>\n<meta property=\"article:modified_time\" content=\"2024-11-08T16:41:15+00:00\" \/>\n<meta property=\"og:image\" content=\"http:\/\/mscreations.be\/wp-content\/uploads\/2024\/11\/IMG_20241108_101631_902.jpg\" \/>\n\t<meta property=\"og:image:width\" content=\"940\" \/>\n\t<meta property=\"og:image:height\" content=\"1217\" \/>\n\t<meta property=\"og:image:type\" content=\"image\/jpeg\" \/>\n<meta name=\"twitter:card\" content=\"summary_large_image\" \/>\n<meta name=\"twitter:label1\" content=\"Dur\u00e9e de lecture est.\" \/>\n\t<meta name=\"twitter:data1\" content=\"1 minute\" \/>\n<script type=\"application\/ld+json\" class=\"yoast-schema-graph\">{\"@context\":\"https:\/\/schema.org\",\"@graph\":[{\"@type\":\"WebPage\",\"@id\":\"http:\/\/mscreations.be\/index.php\/product\/boules-de-noel-originales-personnalisees\/\",\"url\":\"http:\/\/mscreations.be\/index.php\/product\/boules-de-noel-originales-personnalisees\/\",\"name\":\"Boules de No\u00ebl originales personnalis\u00e9es - M&amp;S Creation\",\"isPartOf\":{\"@id\":\"http:\/\/mscreations.be\/#website\"},\"datePublished\":\"2024-11-08T16:34:18+00:00\",\"dateModified\":\"2024-11-08T16:41:15+00:00\",\"description\":\"Nos boules de No\u00ebl originales et uniques sont disponibles en plusieurs mod\u00e8les et couleurs. Ces petites d\u00e9corations sont id\u00e9ales pour embellir votre sapin.\",\"breadcrumb\":{\"@id\":\"http:\/\/mscreations.be\/index.php\/product\/boules-de-noel-originales-personnalisees\/#breadcrumb\"},\"inLanguage\":\"fr-BE\",\"potentialAction\":[{\"@type\":\"ReadAction\",\"target\":[\"http:\/\/mscreations.be\/index.php\/product\/boules-de-noel-originales-personnalisees\/\"]}]},{\"@type\":\"BreadcrumbList\",\"@id\":\"http:\/\/mscreations.be\/index.php\/product\/boules-de-noel-originales-personnalisees\/#breadcrumb\",\"itemListElement\":[{\"@type\":\"ListItem\",\"position\":1,\"name\":\"Accueil\",\"item\":\"http:\/\/mscreations.be\/\"},{\"@type\":\"ListItem\",\"position\":2,\"name\":\"Boutique\",\"item\":\"http:\/\/mscreations.be\/index.php\/shop-3\/\"},{\"@type\":\"ListItem\",\"position\":3,\"name\":\"Boules de No\u00ebl originales personnalis\u00e9es\"}]},{\"@type\":\"WebSite\",\"@id\":\"http:\/\/mscreations.be\/#website\",\"url\":\"http:\/\/mscreations.be\/\",\"name\":\"M&S Creation\",\"description\":\"\",\"publisher\":{\"@id\":\"http:\/\/mscreations.be\/#organization\"},\"potentialAction\":[{\"@type\":\"SearchAction\",\"target\":{\"@type\":\"EntryPoint\",\"urlTemplate\":\"http:\/\/mscreations.be\/?s={search_term_string}\"},\"query-input\":\"required name=search_term_string\"}],\"inLanguage\":\"fr-BE\"},{\"@type\":\"Organization\",\"@id\":\"http:\/\/mscreations.be\/#organization\",\"name\":\"M&S Creation\",\"url\":\"http:\/\/mscreations.be\/\",\"logo\":{\"@type\":\"ImageObject\",\"inLanguage\":\"fr-BE\",\"@id\":\"http:\/\/mscreations.be\/#\/schema\/logo\/image\/\",\"url\":\"http:\/\/mscreations.be\/wp-content\/uploads\/2022\/01\/cropped-cropped-ms.png\",\"contentUrl\":\"http:\/\/mscreations.be\/wp-content\/uploads\/2022\/01\/cropped-cropped-ms.png\",\"width\":512,\"height\":512,\"caption\":\"M&S Creation\"},\"image\":{\"@id\":\"http:\/\/mscreations.be\/#\/schema\/logo\/image\/\"},\"sameAs\":[\"https:\/\/www.facebook.com\/profile.php?id=100063148215530\"]}]}<\/script>\n<!-- \/ Yoast SEO plugin. -->","yoast_head_json":{"title":"Boules de No\u00ebl originales personnalis\u00e9es - M&amp;S Creation","description":"Nos boules de No\u00ebl originales et uniques sont disponibles en plusieurs mod\u00e8les et couleurs. Ces petites d\u00e9corations sont id\u00e9ales pour embellir votre sapin.","robots":{"index":"index","follow":"follow","max-snippet":"max-snippet:-1","max-image-preview":"max-image-preview:large","max-video-preview":"max-video-preview:-1"},"canonical":"http:\/\/mscreations.be\/index.php\/product\/boules-de-noel-originales-personnalisees\/","og_locale":"fr_FR","og_type":"article","og_title":"Boules de No\u00ebl originales personnalis\u00e9es - M&amp;S Creation","og_description":"Nos boules de No\u00ebl originales et uniques sont disponibles en plusieurs mod\u00e8les et couleurs. Ces petites d\u00e9corations sont id\u00e9ales pour embellir votre sapin.","og_url":"http:\/\/mscreations.be\/index.php\/product\/boules-de-noel-originales-personnalisees\/","og_site_name":"M&amp;S Creation","article_publisher":"https:\/\/www.facebook.com\/profile.php?id=100063148215530","article_modified_time":"2024-11-08T16:41:15+00:00","og_image":[{"width":940,"height":1217,"url":"http:\/\/mscreations.be\/wp-content\/uploads\/2024\/11\/IMG_20241108_101631_902.jpg","type":"image\/jpeg"}],"twitter_card":"summary_large_image","twitter_misc":{"Dur\u00e9e de lecture est.":"1 minute"},"schema":{"@context":"https:\/\/schema.org","@graph":[{"@type":"WebPage","@id":"http:\/\/mscreations.be\/index.php\/product\/boules-de-noel-originales-personnalisees\/","url":"http:\/\/mscreations.be\/index.php\/product\/boules-de-noel-originales-personnalisees\/","name":"Boules de No\u00ebl originales personnalis\u00e9es - M&amp;S Creation","isPartOf":{"@id":"http:\/\/mscreations.be\/#website"},"datePublished":"2024-11-08T16:34:18+00:00","dateModified":"2024-11-08T16:41:15+00:00","description":"Nos boules de No\u00ebl originales et uniques sont disponibles en plusieurs mod\u00e8les et couleurs. Ces petites d\u00e9corations sont id\u00e9ales pour embellir votre sapin.","breadcrumb":{"@id":"http:\/\/mscreations.be\/index.php\/product\/boules-de-noel-originales-personnalisees\/#breadcrumb"},"inLanguage":"fr-BE","potentialAction":[{"@type":"ReadAction","target":["http:\/\/mscreations.be\/index.php\/product\/boules-de-noel-originales-personnalisees\/"]}]},{"@type":"BreadcrumbList","@id":"http:\/\/mscreations.be\/index.php\/product\/boules-de-noel-originales-personnalisees\/#breadcrumb","itemListElement":[{"@type":"ListItem","position":1,"name":"Accueil","item":"http:\/\/mscreations.be\/"},{"@type":"ListItem","position":2,"name":"Boutique","item":"http:\/\/mscreations.be\/index.php\/shop-3\/"},{"@type":"ListItem","position":3,"name":"Boules de No\u00ebl originales personnalis\u00e9es"}]},{"@type":"WebSite","@id":"http:\/\/mscreations.be\/#website","url":"http:\/\/mscreations.be\/","name":"M&S Creation","description":"","publisher":{"@id":"http:\/\/mscreations.be\/#organization"},"potentialAction":[{"@type":"SearchAction","target":{"@type":"EntryPoint","urlTemplate":"http:\/\/mscreations.be\/?s={search_term_string}"},"query-input":"required name=search_term_string"}],"inLanguage":"fr-BE"},{"@type":"Organization","@id":"http:\/\/mscreations.be\/#organization","name":"M&S Creation","url":"http:\/\/mscreations.be\/","logo":{"@type":"ImageObject","inLanguage":"fr-BE","@id":"http:\/\/mscreations.be\/#\/schema\/logo\/image\/","url":"http:\/\/mscreations.be\/wp-content\/uploads\/2022\/01\/cropped-cropped-ms.png","contentUrl":"http:\/\/mscreations.be\/wp-content\/uploads\/2022\/01\/cropped-cropped-ms.png","width":512,"height":512,"caption":"M&S Creation"},"image":{"@id":"http:\/\/mscreations.be\/#\/schema\/logo\/image\/"},"sameAs":["https:\/\/www.facebook.com\/profile.php?id=100063148215530"]}]}},"_links":{"self":[{"href":"http:\/\/mscreations.be\/index.php\/wp-json\/wp\/v2\/product\/3161","targetHints":{"allow":["GET"]}}],"collection":[{"href":"http:\/\/mscreations.be\/index.php\/wp-json\/wp\/v2\/product"}],"about":[{"href":"http:\/\/mscreations.be\/index.php\/wp-json\/wp\/v2\/types\/product"}],"replies":[{"embeddable":true,"href":"http:\/\/mscreations.be\/index.php\/wp-json\/wp\/v2\/comments?post=3161"}],"wp:featuredmedia":[{"embeddable":true,"href":"http:\/\/mscreations.be\/index.php\/wp-json\/wp\/v2\/media\/3137"}],"wp:attachment":[{"href":"http:\/\/mscreations.be\/index.php\/wp-json\/wp\/v2\/media?parent=3161"}],"wp:term":[{"taxonomy":"product_cat","embeddable":true,"href":"http:\/\/mscreations.be\/index.php\/wp-json\/wp\/v2\/product_cat?post=3161"},{"taxonomy":"product_tag","embeddable":true,"href":"http:\/\/mscreations.be\/index.php\/wp-json\/wp\/v2\/product_tag?post=3161"}],"curies":[{"name":"wp","href":"https:\/\/api.w.org\/{rel}","templated":true}]}}