{"id":3066,"date":"2024-10-14T10:20:37","date_gmt":"2024-10-14T10:20:37","guid":{"rendered":"https:\/\/mscreations.be\/?post_type=product&#038;p=3066"},"modified":"2025-01-30T16:58:10","modified_gmt":"2025-01-30T16:58:10","slug":"suspension-trio-eclat-rustique","status":"publish","type":"product","link":"http:\/\/mscreations.be\/index.php\/product\/suspension-trio-eclat-rustique\/","title":{"rendered":"Suspension trio &#8220;\u00c9clat Rustique&#8221;"},"content":{"rendered":"<p>Cette suspension est r\u00e9alis\u00e9e en peuplier ou bois mdf teint\u00e9 noir \u00e0 la masse et assembl\u00e9e par nos soins.<\/p>\n<p>Un c\u00e2ble de suspension de 90 cm en noir et un cache de suspension noir de 20 cm de diam\u00e8tre sont fournis avec le lustre.<\/p>\n<p>L&#8217;ampoule n&#8217;est pas incluse dans l&#8217;article.<\/p>\n<p>Dimensions par \u00e9l\u00e9ment: H: 20 cm\u00a0 L: 11 cm\u00a0 l: 11 cm<\/p>\n","protected":false},"excerpt":{"rendered":"<p>D\u00e9couvrez l\u2019\u00e9l\u00e9gance moderne avec ce lustre suspendu exceptionnel, compos\u00e9 de trois lampes cylindriques noires, harmonieusement dispos\u00e9es \u00e0 diff\u00e9rentes hauteurs pour cr\u00e9er un jeu de lumi\u00e8re fascinant. Chaque cylindre pr\u00e9sente un design nervur\u00e9 distinctif, tandis que les c\u00e2bles fins et discrets ajoutent une touche de l\u00e9g\u00e8ret\u00e9 \u00e0 l\u2019ensemble. Les ampoules, joliment&hellip;<\/p>\n","protected":false},"featured_media":3064,"comment_status":"open","ping_status":"closed","template":"","meta":{"_themeisle_gutenberg_block_has_review":false},"product_cat":[109,87],"product_tag":[],"class_list":{"0":"post-3066","1":"product","2":"type-product","3":"status-publish","4":"has-post-thumbnail","6":"product_cat-luminaires","7":"product_cat-promotions","9":"first","10":"instock","11":"sale","12":"shipping-taxable","13":"purchasable","14":"product-type-variable","15":"thumb-no-effect","16":"prod-rating-off"},"wcpa_form_fields":null,"yoast_head":"<!-- This site is optimized with the Yoast SEO plugin v19.13 - https:\/\/yoast.com\/wordpress\/plugins\/seo\/ -->\n<title>Suspension trio &quot;\u00c9clat Rustique&quot; - M&amp;S Creation<\/title>\n<meta name=\"description\" content=\"Cette suspension trio &quot;\u00c9clat Rustique&quot; en bois est id\u00e9al pour apporter une harmonie et une ambiance chaleureuse \u00e0 une pi\u00e8ce de vie de votre maison.\" \/>\n<meta name=\"robots\" content=\"index, follow, max-snippet:-1, max-image-preview:large, max-video-preview:-1\" \/>\n<link rel=\"canonical\" href=\"https:\/\/mscreations.be\/index.php\/product\/suspension-trio-eclat-rustique\/\" \/>\n<meta property=\"og:locale\" content=\"fr_FR\" \/>\n<meta property=\"og:type\" content=\"article\" \/>\n<meta property=\"og:title\" content=\"Suspension trio &quot;\u00c9clat Rustique&quot; - M&amp;S Creation\" \/>\n<meta property=\"og:description\" content=\"Cette suspension trio &quot;\u00c9clat Rustique&quot; en bois est id\u00e9al pour apporter une harmonie et une ambiance chaleureuse \u00e0 une pi\u00e8ce de vie de votre maison.\" \/>\n<meta property=\"og:url\" content=\"https:\/\/mscreations.be\/index.php\/product\/suspension-trio-eclat-rustique\/\" \/>\n<meta property=\"og:site_name\" content=\"M&amp;S Creation\" \/>\n<meta property=\"article:publisher\" content=\"https:\/\/www.facebook.com\/profile.php?id=100063148215530\" \/>\n<meta property=\"article:modified_time\" content=\"2025-01-30T16:58:10+00:00\" \/>\n<meta property=\"og:image\" content=\"https:\/\/mscreations.be\/wp-content\/uploads\/2024\/10\/IMG_20241014_103942_422.jpg\" \/>\n\t<meta property=\"og:image:width\" content=\"1080\" \/>\n\t<meta property=\"og:image:height\" content=\"1455\" \/>\n\t<meta property=\"og:image:type\" content=\"image\/jpeg\" \/>\n<meta name=\"twitter:card\" content=\"summary_large_image\" \/>\n<meta name=\"twitter:label1\" content=\"Dur\u00e9e de lecture est.\" \/>\n\t<meta name=\"twitter:data1\" content=\"1 minute\" \/>\n<script type=\"application\/ld+json\" class=\"yoast-schema-graph\">{\"@context\":\"https:\/\/schema.org\",\"@graph\":[{\"@type\":\"WebPage\",\"@id\":\"https:\/\/mscreations.be\/index.php\/product\/suspension-trio-eclat-rustique\/\",\"url\":\"https:\/\/mscreations.be\/index.php\/product\/suspension-trio-eclat-rustique\/\",\"name\":\"Suspension trio \\\"\u00c9clat Rustique\\\" - M&amp;S Creation\",\"isPartOf\":{\"@id\":\"http:\/\/mscreations.be\/#website\"},\"datePublished\":\"2024-10-14T10:20:37+00:00\",\"dateModified\":\"2025-01-30T16:58:10+00:00\",\"description\":\"Cette suspension trio \\\"\u00c9clat Rustique\\\" en bois est id\u00e9al pour apporter une harmonie et une ambiance chaleureuse \u00e0 une pi\u00e8ce de vie de votre maison.\",\"breadcrumb\":{\"@id\":\"https:\/\/mscreations.be\/index.php\/product\/suspension-trio-eclat-rustique\/#breadcrumb\"},\"inLanguage\":\"fr-BE\",\"potentialAction\":[{\"@type\":\"ReadAction\",\"target\":[\"https:\/\/mscreations.be\/index.php\/product\/suspension-trio-eclat-rustique\/\"]}]},{\"@type\":\"BreadcrumbList\",\"@id\":\"https:\/\/mscreations.be\/index.php\/product\/suspension-trio-eclat-rustique\/#breadcrumb\",\"itemListElement\":[{\"@type\":\"ListItem\",\"position\":1,\"name\":\"Accueil\",\"item\":\"http:\/\/mscreations.be\/\"},{\"@type\":\"ListItem\",\"position\":2,\"name\":\"Boutique\",\"item\":\"http:\/\/mscreations.be\/index.php\/shop-3\/\"},{\"@type\":\"ListItem\",\"position\":3,\"name\":\"Suspension trio &#8220;\u00c9clat Rustique&#8221;\"}]},{\"@type\":\"WebSite\",\"@id\":\"http:\/\/mscreations.be\/#website\",\"url\":\"http:\/\/mscreations.be\/\",\"name\":\"M&S Creation\",\"description\":\"\",\"publisher\":{\"@id\":\"http:\/\/mscreations.be\/#organization\"},\"potentialAction\":[{\"@type\":\"SearchAction\",\"target\":{\"@type\":\"EntryPoint\",\"urlTemplate\":\"http:\/\/mscreations.be\/?s={search_term_string}\"},\"query-input\":\"required name=search_term_string\"}],\"inLanguage\":\"fr-BE\"},{\"@type\":\"Organization\",\"@id\":\"http:\/\/mscreations.be\/#organization\",\"name\":\"M&S Creation\",\"url\":\"http:\/\/mscreations.be\/\",\"logo\":{\"@type\":\"ImageObject\",\"inLanguage\":\"fr-BE\",\"@id\":\"http:\/\/mscreations.be\/#\/schema\/logo\/image\/\",\"url\":\"http:\/\/mscreations.be\/wp-content\/uploads\/2022\/01\/cropped-cropped-ms.png\",\"contentUrl\":\"http:\/\/mscreations.be\/wp-content\/uploads\/2022\/01\/cropped-cropped-ms.png\",\"width\":512,\"height\":512,\"caption\":\"M&S Creation\"},\"image\":{\"@id\":\"http:\/\/mscreations.be\/#\/schema\/logo\/image\/\"},\"sameAs\":[\"https:\/\/www.facebook.com\/profile.php?id=100063148215530\"]}]}<\/script>\n<!-- \/ Yoast SEO plugin. -->","yoast_head_json":{"title":"Suspension trio \"\u00c9clat Rustique\" - M&amp;S Creation","description":"Cette suspension trio \"\u00c9clat Rustique\" en bois est id\u00e9al pour apporter une harmonie et une ambiance chaleureuse \u00e0 une pi\u00e8ce de vie de votre maison.","robots":{"index":"index","follow":"follow","max-snippet":"max-snippet:-1","max-image-preview":"max-image-preview:large","max-video-preview":"max-video-preview:-1"},"canonical":"https:\/\/mscreations.be\/index.php\/product\/suspension-trio-eclat-rustique\/","og_locale":"fr_FR","og_type":"article","og_title":"Suspension trio \"\u00c9clat Rustique\" - M&amp;S Creation","og_description":"Cette suspension trio \"\u00c9clat Rustique\" en bois est id\u00e9al pour apporter une harmonie et une ambiance chaleureuse \u00e0 une pi\u00e8ce de vie de votre maison.","og_url":"https:\/\/mscreations.be\/index.php\/product\/suspension-trio-eclat-rustique\/","og_site_name":"M&amp;S Creation","article_publisher":"https:\/\/www.facebook.com\/profile.php?id=100063148215530","article_modified_time":"2025-01-30T16:58:10+00:00","og_image":[{"width":1080,"height":1455,"url":"https:\/\/mscreations.be\/wp-content\/uploads\/2024\/10\/IMG_20241014_103942_422.jpg","type":"image\/jpeg"}],"twitter_card":"summary_large_image","twitter_misc":{"Dur\u00e9e de lecture est.":"1 minute"},"schema":{"@context":"https:\/\/schema.org","@graph":[{"@type":"WebPage","@id":"https:\/\/mscreations.be\/index.php\/product\/suspension-trio-eclat-rustique\/","url":"https:\/\/mscreations.be\/index.php\/product\/suspension-trio-eclat-rustique\/","name":"Suspension trio \"\u00c9clat Rustique\" - M&amp;S Creation","isPartOf":{"@id":"http:\/\/mscreations.be\/#website"},"datePublished":"2024-10-14T10:20:37+00:00","dateModified":"2025-01-30T16:58:10+00:00","description":"Cette suspension trio \"\u00c9clat Rustique\" en bois est id\u00e9al pour apporter une harmonie et une ambiance chaleureuse \u00e0 une pi\u00e8ce de vie de votre maison.","breadcrumb":{"@id":"https:\/\/mscreations.be\/index.php\/product\/suspension-trio-eclat-rustique\/#breadcrumb"},"inLanguage":"fr-BE","potentialAction":[{"@type":"ReadAction","target":["https:\/\/mscreations.be\/index.php\/product\/suspension-trio-eclat-rustique\/"]}]},{"@type":"BreadcrumbList","@id":"https:\/\/mscreations.be\/index.php\/product\/suspension-trio-eclat-rustique\/#breadcrumb","itemListElement":[{"@type":"ListItem","position":1,"name":"Accueil","item":"http:\/\/mscreations.be\/"},{"@type":"ListItem","position":2,"name":"Boutique","item":"http:\/\/mscreations.be\/index.php\/shop-3\/"},{"@type":"ListItem","position":3,"name":"Suspension trio &#8220;\u00c9clat Rustique&#8221;"}]},{"@type":"WebSite","@id":"http:\/\/mscreations.be\/#website","url":"http:\/\/mscreations.be\/","name":"M&S Creation","description":"","publisher":{"@id":"http:\/\/mscreations.be\/#organization"},"potentialAction":[{"@type":"SearchAction","target":{"@type":"EntryPoint","urlTemplate":"http:\/\/mscreations.be\/?s={search_term_string}"},"query-input":"required name=search_term_string"}],"inLanguage":"fr-BE"},{"@type":"Organization","@id":"http:\/\/mscreations.be\/#organization","name":"M&S Creation","url":"http:\/\/mscreations.be\/","logo":{"@type":"ImageObject","inLanguage":"fr-BE","@id":"http:\/\/mscreations.be\/#\/schema\/logo\/image\/","url":"http:\/\/mscreations.be\/wp-content\/uploads\/2022\/01\/cropped-cropped-ms.png","contentUrl":"http:\/\/mscreations.be\/wp-content\/uploads\/2022\/01\/cropped-cropped-ms.png","width":512,"height":512,"caption":"M&S Creation"},"image":{"@id":"http:\/\/mscreations.be\/#\/schema\/logo\/image\/"},"sameAs":["https:\/\/www.facebook.com\/profile.php?id=100063148215530"]}]}},"_links":{"self":[{"href":"http:\/\/mscreations.be\/index.php\/wp-json\/wp\/v2\/product\/3066","targetHints":{"allow":["GET"]}}],"collection":[{"href":"http:\/\/mscreations.be\/index.php\/wp-json\/wp\/v2\/product"}],"about":[{"href":"http:\/\/mscreations.be\/index.php\/wp-json\/wp\/v2\/types\/product"}],"replies":[{"embeddable":true,"href":"http:\/\/mscreations.be\/index.php\/wp-json\/wp\/v2\/comments?post=3066"}],"wp:featuredmedia":[{"embeddable":true,"href":"http:\/\/mscreations.be\/index.php\/wp-json\/wp\/v2\/media\/3064"}],"wp:attachment":[{"href":"http:\/\/mscreations.be\/index.php\/wp-json\/wp\/v2\/media?parent=3066"}],"wp:term":[{"taxonomy":"product_cat","embeddable":true,"href":"http:\/\/mscreations.be\/index.php\/wp-json\/wp\/v2\/product_cat?post=3066"},{"taxonomy":"product_tag","embeddable":true,"href":"http:\/\/mscreations.be\/index.php\/wp-json\/wp\/v2\/product_tag?post=3066"}],"curies":[{"name":"wp","href":"https:\/\/api.w.org\/{rel}","templated":true}]}}