{"id":2964,"date":"2024-09-05T17:00:08","date_gmt":"2024-09-05T17:00:08","guid":{"rendered":"https:\/\/mscreations.be\/?post_type=product&#038;p=2964"},"modified":"2024-09-05T17:28:43","modified_gmt":"2024-09-05T17:28:43","slug":"tirelire-maison","status":"publish","type":"product","link":"http:\/\/mscreations.be\/index.php\/product\/tirelire-maison\/","title":{"rendered":"Tirelire Maison"},"content":{"rendered":"","protected":false},"excerpt":{"rendered":"<p>Cette petite maison miniature faite \u00e0 la main est le d\u00e9tail d\u00e9coratif parfait pour tout espace. Fabriqu\u00e9e en bois mdf, avec des d\u00e9tails soigneusement con\u00e7us, y compris le nom personnalis\u00e9 sur la fa\u00e7ade, cette maison apporte du charme et de la chaleur \u00e0 votre int\u00e9rieur. Id\u00e9ale comme cadeau ou pour&hellip;<\/p>\n","protected":false},"featured_media":2965,"comment_status":"open","ping_status":"closed","template":"","meta":{"_themeisle_gutenberg_block_has_review":false},"product_cat":[108,46],"product_tag":[],"class_list":{"0":"post-2964","1":"product","2":"type-product","3":"status-publish","4":"has-post-thumbnail","6":"product_cat-naissance-bebe-enfant","7":"product_cat-articles-cadeaux","8":"wcpa_has_options","10":"first","11":"instock","12":"shipping-taxable","13":"purchasable","14":"product-type-simple","15":"thumb-no-effect","16":"prod-rating-off"},"wcpa_form_fields":{"rules":{"pric_overide_base_price":false,"pric_overide_base_price_if_gt_zero":false,"pric_cal_option_once":false,"pric_use_as_fee":false,"bind_quantity":false,"quantity_bind_formula":false},"fields":[{"type":"color-group","elementId":"wcpa-color-group-1725554859554","label":"Couleurs","description":"Choisissez la couleur des fen\u00eatres","inline":true,"priceOptions":"different_for_all","pricingType":"fixed","name":"couleurs","disp_type":"squircle","selection_type":"tick","disp_size":"30","cart_display_type":"text","cl_rule":"show","col":6,"values":[{"label":"Rose clair","value":"Rose clair","price":"","pimage":"","pimage_id":"","pthumb":"","color":"#ffb5e2"},{"label":"Rose","value":"Rose","price":"","pimage":"","pimage_id":"","pthumb":"","color":"#f779d3","selected":true},{"label":"Bleu","value":"Bleu","price":"","pimage":"","pimage_id":"","pthumb":"","color":"#3aa2f2"},{"label":"Vert","value":"Vert","price":"","pimage":"","pimage_id":"","pthumb":"","color":"#47e84a"},{"label":"Rouge","value":"Rouge","price":"","pimage":"","pimage_id":"","pthumb":"","color":"#dd3333"}],"relations":false,"form_id":2968,"form_rules":{"pric_cal_option_once":false,"exclude_from_discount":false,"pric_use_as_fee":false,"fee_label":"Fee","render_after_acb":false,"disp_hide_options_price":false}},{"type":"text","elementId":"wcpa-text-1725555217344","label":"Pr\u00e9nom","description":"Inscrivez le pr\u00e9nom \u00e0 ins\u00e9rer sur la fa\u00e7ade","pricingType":"fixed","name":"text-1725555217344","subtype":"text","cl_rule":"show","col":6,"relations":false,"form_id":2968,"form_rules":{"pric_cal_option_once":false,"exclude_from_discount":false,"pric_use_as_fee":false,"fee_label":"Fee","render_after_acb":false,"disp_hide_options_price":false}},{"type":"text","elementId":"wcpa-text-1725555264080","label":"Animal ou objet","description":"Inscrivez l'animal ou l'objet \u00e0 ajouter sur la fa\u00e7ade","pricingType":"fixed","name":"text-1725555264080","subtype":"text","cl_rule":"show","col":6,"relations":false,"form_id":2968,"form_rules":{"pric_cal_option_once":false,"exclude_from_discount":false,"pric_use_as_fee":false,"fee_label":"Fee","render_after_acb":false,"disp_hide_options_price":false}}]},"yoast_head":"<!-- This site is optimized with the Yoast SEO plugin v19.13 - https:\/\/yoast.com\/wordpress\/plugins\/seo\/ -->\n<title>Tirelire Maison - M&amp;S Creation<\/title>\n<meta name=\"description\" content=\"Cette petite maison miniature &quot;Tirelire&quot; faite \u00e0 la main est le d\u00e9tail d\u00e9coratif parfait pour tout espace. Fabriqu\u00e9e en bois et enti\u00e8rement personnalisable.\" \/>\n<meta name=\"robots\" content=\"index, follow, max-snippet:-1, max-image-preview:large, max-video-preview:-1\" \/>\n<link rel=\"canonical\" href=\"http:\/\/mscreations.be\/index.php\/product\/tirelire-maison\/\" \/>\n<meta property=\"og:locale\" content=\"fr_FR\" \/>\n<meta property=\"og:type\" content=\"article\" \/>\n<meta property=\"og:title\" content=\"Tirelire Maison - M&amp;S Creation\" \/>\n<meta property=\"og:description\" content=\"Cette petite maison miniature &quot;Tirelire&quot; faite \u00e0 la main est le d\u00e9tail d\u00e9coratif parfait pour tout espace. Fabriqu\u00e9e en bois et enti\u00e8rement personnalisable.\" \/>\n<meta property=\"og:url\" content=\"http:\/\/mscreations.be\/index.php\/product\/tirelire-maison\/\" \/>\n<meta property=\"og:site_name\" content=\"M&amp;S Creation\" \/>\n<meta property=\"article:publisher\" content=\"https:\/\/www.facebook.com\/profile.php?id=100063148215530\" \/>\n<meta property=\"article:modified_time\" content=\"2024-09-05T17:28:43+00:00\" \/>\n<meta property=\"og:image\" content=\"http:\/\/mscreations.be\/wp-content\/uploads\/2024\/09\/IMG_20240903_113014_104-1-1.jpg\" \/>\n\t<meta property=\"og:image:width\" content=\"1080\" \/>\n\t<meta property=\"og:image:height\" content=\"991\" \/>\n\t<meta property=\"og:image:type\" content=\"image\/jpeg\" \/>\n<meta name=\"twitter:card\" content=\"summary_large_image\" \/>\n<script type=\"application\/ld+json\" class=\"yoast-schema-graph\">{\"@context\":\"https:\/\/schema.org\",\"@graph\":[{\"@type\":\"WebPage\",\"@id\":\"http:\/\/mscreations.be\/index.php\/product\/tirelire-maison\/\",\"url\":\"http:\/\/mscreations.be\/index.php\/product\/tirelire-maison\/\",\"name\":\"Tirelire Maison - M&amp;S Creation\",\"isPartOf\":{\"@id\":\"http:\/\/mscreations.be\/#website\"},\"datePublished\":\"2024-09-05T17:00:08+00:00\",\"dateModified\":\"2024-09-05T17:28:43+00:00\",\"description\":\"Cette petite maison miniature \\\"Tirelire\\\" faite \u00e0 la main est le d\u00e9tail d\u00e9coratif parfait pour tout espace. Fabriqu\u00e9e en bois et enti\u00e8rement personnalisable.\",\"breadcrumb\":{\"@id\":\"http:\/\/mscreations.be\/index.php\/product\/tirelire-maison\/#breadcrumb\"},\"inLanguage\":\"fr-BE\",\"potentialAction\":[{\"@type\":\"ReadAction\",\"target\":[\"http:\/\/mscreations.be\/index.php\/product\/tirelire-maison\/\"]}]},{\"@type\":\"BreadcrumbList\",\"@id\":\"http:\/\/mscreations.be\/index.php\/product\/tirelire-maison\/#breadcrumb\",\"itemListElement\":[{\"@type\":\"ListItem\",\"position\":1,\"name\":\"Accueil\",\"item\":\"http:\/\/mscreations.be\/\"},{\"@type\":\"ListItem\",\"position\":2,\"name\":\"Boutique\",\"item\":\"http:\/\/mscreations.be\/index.php\/shop-3\/\"},{\"@type\":\"ListItem\",\"position\":3,\"name\":\"Tirelire Maison\"}]},{\"@type\":\"WebSite\",\"@id\":\"http:\/\/mscreations.be\/#website\",\"url\":\"http:\/\/mscreations.be\/\",\"name\":\"M&S Creation\",\"description\":\"\",\"publisher\":{\"@id\":\"http:\/\/mscreations.be\/#organization\"},\"potentialAction\":[{\"@type\":\"SearchAction\",\"target\":{\"@type\":\"EntryPoint\",\"urlTemplate\":\"http:\/\/mscreations.be\/?s={search_term_string}\"},\"query-input\":\"required name=search_term_string\"}],\"inLanguage\":\"fr-BE\"},{\"@type\":\"Organization\",\"@id\":\"http:\/\/mscreations.be\/#organization\",\"name\":\"M&S Creation\",\"url\":\"http:\/\/mscreations.be\/\",\"logo\":{\"@type\":\"ImageObject\",\"inLanguage\":\"fr-BE\",\"@id\":\"http:\/\/mscreations.be\/#\/schema\/logo\/image\/\",\"url\":\"http:\/\/mscreations.be\/wp-content\/uploads\/2022\/01\/cropped-cropped-ms.png\",\"contentUrl\":\"http:\/\/mscreations.be\/wp-content\/uploads\/2022\/01\/cropped-cropped-ms.png\",\"width\":512,\"height\":512,\"caption\":\"M&S Creation\"},\"image\":{\"@id\":\"http:\/\/mscreations.be\/#\/schema\/logo\/image\/\"},\"sameAs\":[\"https:\/\/www.facebook.com\/profile.php?id=100063148215530\"]}]}<\/script>\n<!-- \/ Yoast SEO plugin. -->","yoast_head_json":{"title":"Tirelire Maison - M&amp;S Creation","description":"Cette petite maison miniature \"Tirelire\" faite \u00e0 la main est le d\u00e9tail d\u00e9coratif parfait pour tout espace. Fabriqu\u00e9e en bois et enti\u00e8rement personnalisable.","robots":{"index":"index","follow":"follow","max-snippet":"max-snippet:-1","max-image-preview":"max-image-preview:large","max-video-preview":"max-video-preview:-1"},"canonical":"http:\/\/mscreations.be\/index.php\/product\/tirelire-maison\/","og_locale":"fr_FR","og_type":"article","og_title":"Tirelire Maison - M&amp;S Creation","og_description":"Cette petite maison miniature \"Tirelire\" faite \u00e0 la main est le d\u00e9tail d\u00e9coratif parfait pour tout espace. Fabriqu\u00e9e en bois et enti\u00e8rement personnalisable.","og_url":"http:\/\/mscreations.be\/index.php\/product\/tirelire-maison\/","og_site_name":"M&amp;S Creation","article_publisher":"https:\/\/www.facebook.com\/profile.php?id=100063148215530","article_modified_time":"2024-09-05T17:28:43+00:00","og_image":[{"width":1080,"height":991,"url":"http:\/\/mscreations.be\/wp-content\/uploads\/2024\/09\/IMG_20240903_113014_104-1-1.jpg","type":"image\/jpeg"}],"twitter_card":"summary_large_image","schema":{"@context":"https:\/\/schema.org","@graph":[{"@type":"WebPage","@id":"http:\/\/mscreations.be\/index.php\/product\/tirelire-maison\/","url":"http:\/\/mscreations.be\/index.php\/product\/tirelire-maison\/","name":"Tirelire Maison - M&amp;S Creation","isPartOf":{"@id":"http:\/\/mscreations.be\/#website"},"datePublished":"2024-09-05T17:00:08+00:00","dateModified":"2024-09-05T17:28:43+00:00","description":"Cette petite maison miniature \"Tirelire\" faite \u00e0 la main est le d\u00e9tail d\u00e9coratif parfait pour tout espace. Fabriqu\u00e9e en bois et enti\u00e8rement personnalisable.","breadcrumb":{"@id":"http:\/\/mscreations.be\/index.php\/product\/tirelire-maison\/#breadcrumb"},"inLanguage":"fr-BE","potentialAction":[{"@type":"ReadAction","target":["http:\/\/mscreations.be\/index.php\/product\/tirelire-maison\/"]}]},{"@type":"BreadcrumbList","@id":"http:\/\/mscreations.be\/index.php\/product\/tirelire-maison\/#breadcrumb","itemListElement":[{"@type":"ListItem","position":1,"name":"Accueil","item":"http:\/\/mscreations.be\/"},{"@type":"ListItem","position":2,"name":"Boutique","item":"http:\/\/mscreations.be\/index.php\/shop-3\/"},{"@type":"ListItem","position":3,"name":"Tirelire Maison"}]},{"@type":"WebSite","@id":"http:\/\/mscreations.be\/#website","url":"http:\/\/mscreations.be\/","name":"M&S Creation","description":"","publisher":{"@id":"http:\/\/mscreations.be\/#organization"},"potentialAction":[{"@type":"SearchAction","target":{"@type":"EntryPoint","urlTemplate":"http:\/\/mscreations.be\/?s={search_term_string}"},"query-input":"required name=search_term_string"}],"inLanguage":"fr-BE"},{"@type":"Organization","@id":"http:\/\/mscreations.be\/#organization","name":"M&S Creation","url":"http:\/\/mscreations.be\/","logo":{"@type":"ImageObject","inLanguage":"fr-BE","@id":"http:\/\/mscreations.be\/#\/schema\/logo\/image\/","url":"http:\/\/mscreations.be\/wp-content\/uploads\/2022\/01\/cropped-cropped-ms.png","contentUrl":"http:\/\/mscreations.be\/wp-content\/uploads\/2022\/01\/cropped-cropped-ms.png","width":512,"height":512,"caption":"M&S Creation"},"image":{"@id":"http:\/\/mscreations.be\/#\/schema\/logo\/image\/"},"sameAs":["https:\/\/www.facebook.com\/profile.php?id=100063148215530"]}]}},"_links":{"self":[{"href":"http:\/\/mscreations.be\/index.php\/wp-json\/wp\/v2\/product\/2964","targetHints":{"allow":["GET"]}}],"collection":[{"href":"http:\/\/mscreations.be\/index.php\/wp-json\/wp\/v2\/product"}],"about":[{"href":"http:\/\/mscreations.be\/index.php\/wp-json\/wp\/v2\/types\/product"}],"replies":[{"embeddable":true,"href":"http:\/\/mscreations.be\/index.php\/wp-json\/wp\/v2\/comments?post=2964"}],"wp:featuredmedia":[{"embeddable":true,"href":"http:\/\/mscreations.be\/index.php\/wp-json\/wp\/v2\/media\/2965"}],"wp:attachment":[{"href":"http:\/\/mscreations.be\/index.php\/wp-json\/wp\/v2\/media?parent=2964"}],"wp:term":[{"taxonomy":"product_cat","embeddable":true,"href":"http:\/\/mscreations.be\/index.php\/wp-json\/wp\/v2\/product_cat?post=2964"},{"taxonomy":"product_tag","embeddable":true,"href":"http:\/\/mscreations.be\/index.php\/wp-json\/wp\/v2\/product_tag?post=2964"}],"curies":[{"name":"wp","href":"https:\/\/api.w.org\/{rel}","templated":true}]}}