{"id":2818,"date":"2024-07-24T20:01:17","date_gmt":"2024-07-24T20:01:17","guid":{"rendered":"https:\/\/mscreations.be\/?post_type=product&#038;p=2818"},"modified":"2024-07-24T20:01:18","modified_gmt":"2024-07-24T20:01:18","slug":"faire-part-de-mariage-en-bois","status":"publish","type":"product","link":"http:\/\/mscreations.be\/index.php\/product\/faire-part-de-mariage-en-bois\/","title":{"rendered":"Faire-part de mariage en bois"},"content":{"rendered":"","protected":false},"excerpt":{"rendered":"<p>A l&#8217;occasion de la c\u00e9l\u00e9bration de votre mariage, nous vous proposons d&#8217;envoyer des faire-part enti\u00e8rement personnalisables en bois. Il vous est possible d&#8217;y inscrire le texte de votre choix sur les mod\u00e8les propos\u00e9s. Vous avez une id\u00e9e de faire-part et vous souhaitez la r\u00e9aliser? N&#8217;h\u00e9sitez pas \u00e0 nous contacter sur&hellip;<\/p>\n","protected":false},"featured_media":2819,"comment_status":"open","ping_status":"closed","template":"","meta":{"_themeisle_gutenberg_block_has_review":false},"product_cat":[103],"product_tag":[],"class_list":{"0":"post-2818","1":"product","2":"type-product","3":"status-publish","4":"has-post-thumbnail","6":"product_cat-mariage","7":"wcpa_has_options","9":"first","10":"instock","11":"shipping-taxable","12":"purchasable","13":"product-type-simple","14":"thumb-no-effect","15":"prod-rating-off"},"wcpa_form_fields":{"rules":{"pric_overide_base_price":false,"pric_overide_base_price_if_gt_zero":false,"pric_cal_option_once":false,"pric_use_as_fee":false,"bind_quantity":false,"quantity_bind_formula":false},"fields":[{"type":"textarea","elementId":"wcpa-textarea-1714543521497","label":"Texte personnalis\u00e9","pricingType":"fixed","name":"textarea-1714543521497","cl_rule":"show","col":6,"relations":false,"form_id":2478,"form_rules":{"pric_cal_option_once":false,"exclude_from_discount":false,"pric_use_as_fee":false,"fee_label":"Fee","render_after_acb":false,"disp_hide_options_price":false}}]},"yoast_head":"<!-- This site is optimized with the Yoast SEO plugin v19.13 - https:\/\/yoast.com\/wordpress\/plugins\/seo\/ -->\n<title>Faire-part de mariage en bois - M&amp;S Creation<\/title>\n<meta name=\"description\" content=\"Nous vous proposons des faire-part de mariage en bois uniques. Ces invitations donnent une touche d&#039;originalit\u00e9 et sont enti\u00e8rement personnalisables.\" \/>\n<meta name=\"robots\" content=\"index, follow, max-snippet:-1, max-image-preview:large, max-video-preview:-1\" \/>\n<link rel=\"canonical\" href=\"http:\/\/mscreations.be\/index.php\/product\/faire-part-de-mariage-en-bois\/\" \/>\n<meta property=\"og:locale\" content=\"fr_FR\" \/>\n<meta property=\"og:type\" content=\"article\" \/>\n<meta property=\"og:title\" content=\"Faire-part de mariage en bois - M&amp;S Creation\" \/>\n<meta property=\"og:description\" content=\"Nous vous proposons des faire-part de mariage en bois uniques. Ces invitations donnent une touche d&#039;originalit\u00e9 et sont enti\u00e8rement personnalisables.\" \/>\n<meta property=\"og:url\" content=\"http:\/\/mscreations.be\/index.php\/product\/faire-part-de-mariage-en-bois\/\" \/>\n<meta property=\"og:site_name\" content=\"M&amp;S Creation\" \/>\n<meta property=\"article:publisher\" content=\"https:\/\/www.facebook.com\/profile.php?id=100063148215530\" \/>\n<meta property=\"article:modified_time\" content=\"2024-07-24T20:01:18+00:00\" \/>\n<meta property=\"og:image\" content=\"http:\/\/mscreations.be\/wp-content\/uploads\/2024\/07\/IMG_20240723_181945_688.jpg\" \/>\n\t<meta property=\"og:image:width\" content=\"1080\" \/>\n\t<meta property=\"og:image:height\" content=\"933\" \/>\n\t<meta property=\"og:image:type\" content=\"image\/jpeg\" \/>\n<meta name=\"twitter:card\" content=\"summary_large_image\" \/>\n<script type=\"application\/ld+json\" class=\"yoast-schema-graph\">{\"@context\":\"https:\/\/schema.org\",\"@graph\":[{\"@type\":\"WebPage\",\"@id\":\"http:\/\/mscreations.be\/index.php\/product\/faire-part-de-mariage-en-bois\/\",\"url\":\"http:\/\/mscreations.be\/index.php\/product\/faire-part-de-mariage-en-bois\/\",\"name\":\"Faire-part de mariage en bois - M&amp;S Creation\",\"isPartOf\":{\"@id\":\"http:\/\/mscreations.be\/#website\"},\"datePublished\":\"2024-07-24T20:01:17+00:00\",\"dateModified\":\"2024-07-24T20:01:18+00:00\",\"description\":\"Nous vous proposons des faire-part de mariage en bois uniques. Ces invitations donnent une touche d'originalit\u00e9 et sont enti\u00e8rement personnalisables.\",\"breadcrumb\":{\"@id\":\"http:\/\/mscreations.be\/index.php\/product\/faire-part-de-mariage-en-bois\/#breadcrumb\"},\"inLanguage\":\"fr-BE\",\"potentialAction\":[{\"@type\":\"ReadAction\",\"target\":[\"http:\/\/mscreations.be\/index.php\/product\/faire-part-de-mariage-en-bois\/\"]}]},{\"@type\":\"BreadcrumbList\",\"@id\":\"http:\/\/mscreations.be\/index.php\/product\/faire-part-de-mariage-en-bois\/#breadcrumb\",\"itemListElement\":[{\"@type\":\"ListItem\",\"position\":1,\"name\":\"Accueil\",\"item\":\"http:\/\/mscreations.be\/\"},{\"@type\":\"ListItem\",\"position\":2,\"name\":\"Boutique\",\"item\":\"http:\/\/mscreations.be\/index.php\/shop-3\/\"},{\"@type\":\"ListItem\",\"position\":3,\"name\":\"Faire-part de mariage en bois\"}]},{\"@type\":\"WebSite\",\"@id\":\"http:\/\/mscreations.be\/#website\",\"url\":\"http:\/\/mscreations.be\/\",\"name\":\"M&S Creation\",\"description\":\"\",\"publisher\":{\"@id\":\"http:\/\/mscreations.be\/#organization\"},\"potentialAction\":[{\"@type\":\"SearchAction\",\"target\":{\"@type\":\"EntryPoint\",\"urlTemplate\":\"http:\/\/mscreations.be\/?s={search_term_string}\"},\"query-input\":\"required name=search_term_string\"}],\"inLanguage\":\"fr-BE\"},{\"@type\":\"Organization\",\"@id\":\"http:\/\/mscreations.be\/#organization\",\"name\":\"M&S Creation\",\"url\":\"http:\/\/mscreations.be\/\",\"logo\":{\"@type\":\"ImageObject\",\"inLanguage\":\"fr-BE\",\"@id\":\"http:\/\/mscreations.be\/#\/schema\/logo\/image\/\",\"url\":\"http:\/\/mscreations.be\/wp-content\/uploads\/2022\/01\/cropped-cropped-ms.png\",\"contentUrl\":\"http:\/\/mscreations.be\/wp-content\/uploads\/2022\/01\/cropped-cropped-ms.png\",\"width\":512,\"height\":512,\"caption\":\"M&S Creation\"},\"image\":{\"@id\":\"http:\/\/mscreations.be\/#\/schema\/logo\/image\/\"},\"sameAs\":[\"https:\/\/www.facebook.com\/profile.php?id=100063148215530\"]}]}<\/script>\n<!-- \/ Yoast SEO plugin. -->","yoast_head_json":{"title":"Faire-part de mariage en bois - M&amp;S Creation","description":"Nous vous proposons des faire-part de mariage en bois uniques. Ces invitations donnent une touche d'originalit\u00e9 et sont enti\u00e8rement personnalisables.","robots":{"index":"index","follow":"follow","max-snippet":"max-snippet:-1","max-image-preview":"max-image-preview:large","max-video-preview":"max-video-preview:-1"},"canonical":"http:\/\/mscreations.be\/index.php\/product\/faire-part-de-mariage-en-bois\/","og_locale":"fr_FR","og_type":"article","og_title":"Faire-part de mariage en bois - M&amp;S Creation","og_description":"Nous vous proposons des faire-part de mariage en bois uniques. Ces invitations donnent une touche d'originalit\u00e9 et sont enti\u00e8rement personnalisables.","og_url":"http:\/\/mscreations.be\/index.php\/product\/faire-part-de-mariage-en-bois\/","og_site_name":"M&amp;S Creation","article_publisher":"https:\/\/www.facebook.com\/profile.php?id=100063148215530","article_modified_time":"2024-07-24T20:01:18+00:00","og_image":[{"width":1080,"height":933,"url":"http:\/\/mscreations.be\/wp-content\/uploads\/2024\/07\/IMG_20240723_181945_688.jpg","type":"image\/jpeg"}],"twitter_card":"summary_large_image","schema":{"@context":"https:\/\/schema.org","@graph":[{"@type":"WebPage","@id":"http:\/\/mscreations.be\/index.php\/product\/faire-part-de-mariage-en-bois\/","url":"http:\/\/mscreations.be\/index.php\/product\/faire-part-de-mariage-en-bois\/","name":"Faire-part de mariage en bois - M&amp;S Creation","isPartOf":{"@id":"http:\/\/mscreations.be\/#website"},"datePublished":"2024-07-24T20:01:17+00:00","dateModified":"2024-07-24T20:01:18+00:00","description":"Nous vous proposons des faire-part de mariage en bois uniques. Ces invitations donnent une touche d'originalit\u00e9 et sont enti\u00e8rement personnalisables.","breadcrumb":{"@id":"http:\/\/mscreations.be\/index.php\/product\/faire-part-de-mariage-en-bois\/#breadcrumb"},"inLanguage":"fr-BE","potentialAction":[{"@type":"ReadAction","target":["http:\/\/mscreations.be\/index.php\/product\/faire-part-de-mariage-en-bois\/"]}]},{"@type":"BreadcrumbList","@id":"http:\/\/mscreations.be\/index.php\/product\/faire-part-de-mariage-en-bois\/#breadcrumb","itemListElement":[{"@type":"ListItem","position":1,"name":"Accueil","item":"http:\/\/mscreations.be\/"},{"@type":"ListItem","position":2,"name":"Boutique","item":"http:\/\/mscreations.be\/index.php\/shop-3\/"},{"@type":"ListItem","position":3,"name":"Faire-part de mariage en bois"}]},{"@type":"WebSite","@id":"http:\/\/mscreations.be\/#website","url":"http:\/\/mscreations.be\/","name":"M&S Creation","description":"","publisher":{"@id":"http:\/\/mscreations.be\/#organization"},"potentialAction":[{"@type":"SearchAction","target":{"@type":"EntryPoint","urlTemplate":"http:\/\/mscreations.be\/?s={search_term_string}"},"query-input":"required name=search_term_string"}],"inLanguage":"fr-BE"},{"@type":"Organization","@id":"http:\/\/mscreations.be\/#organization","name":"M&S Creation","url":"http:\/\/mscreations.be\/","logo":{"@type":"ImageObject","inLanguage":"fr-BE","@id":"http:\/\/mscreations.be\/#\/schema\/logo\/image\/","url":"http:\/\/mscreations.be\/wp-content\/uploads\/2022\/01\/cropped-cropped-ms.png","contentUrl":"http:\/\/mscreations.be\/wp-content\/uploads\/2022\/01\/cropped-cropped-ms.png","width":512,"height":512,"caption":"M&S Creation"},"image":{"@id":"http:\/\/mscreations.be\/#\/schema\/logo\/image\/"},"sameAs":["https:\/\/www.facebook.com\/profile.php?id=100063148215530"]}]}},"_links":{"self":[{"href":"http:\/\/mscreations.be\/index.php\/wp-json\/wp\/v2\/product\/2818","targetHints":{"allow":["GET"]}}],"collection":[{"href":"http:\/\/mscreations.be\/index.php\/wp-json\/wp\/v2\/product"}],"about":[{"href":"http:\/\/mscreations.be\/index.php\/wp-json\/wp\/v2\/types\/product"}],"replies":[{"embeddable":true,"href":"http:\/\/mscreations.be\/index.php\/wp-json\/wp\/v2\/comments?post=2818"}],"wp:featuredmedia":[{"embeddable":true,"href":"http:\/\/mscreations.be\/index.php\/wp-json\/wp\/v2\/media\/2819"}],"wp:attachment":[{"href":"http:\/\/mscreations.be\/index.php\/wp-json\/wp\/v2\/media?parent=2818"}],"wp:term":[{"taxonomy":"product_cat","embeddable":true,"href":"http:\/\/mscreations.be\/index.php\/wp-json\/wp\/v2\/product_cat?post=2818"},{"taxonomy":"product_tag","embeddable":true,"href":"http:\/\/mscreations.be\/index.php\/wp-json\/wp\/v2\/product_tag?post=2818"}],"curies":[{"name":"wp","href":"https:\/\/api.w.org\/{rel}","templated":true}]}}