{"id":2767,"date":"2024-06-16T14:12:14","date_gmt":"2024-06-16T14:12:14","guid":{"rendered":"https:\/\/mscreations.be\/?post_type=product&#038;p=2767"},"modified":"2024-06-16T19:16:07","modified_gmt":"2024-06-16T19:16:07","slug":"latte-personnalise","status":"publish","type":"product","link":"http:\/\/mscreations.be\/index.php\/product\/latte-personnalise\/","title":{"rendered":"Latte personnalis\u00e9e"},"content":{"rendered":"","protected":false},"excerpt":{"rendered":"<p>A l&#8217;occasion de la fin d&#8217;ann\u00e9e scolaire, nous vous proposons un cadeau personnalis\u00e9 \u00e0 offrir pour votre institutrice pr\u00e9f\u00e9r\u00e9e. Il vous est possible d&#8217;inscrire le texte propos\u00e9 &#8220;Merci pour cette ann\u00e9e&#8221; ou le texte de votre choix. Cette article est r\u00e9alis\u00e9 en bois mdf blanc ou en plaquage ch\u00eane massif.<\/p>\n","protected":false},"featured_media":2771,"comment_status":"open","ping_status":"closed","template":"","meta":{"_themeisle_gutenberg_block_has_review":false},"product_cat":[46],"product_tag":[],"class_list":{"0":"post-2767","1":"product","2":"type-product","3":"status-publish","4":"has-post-thumbnail","6":"product_cat-articles-cadeaux","7":"wcpa_has_options","9":"first","10":"instock","11":"shipping-taxable","12":"purchasable","13":"product-type-variable","14":"thumb-no-effect","15":"prod-rating-off"},"wcpa_form_fields":{"rules":{"pric_overide_base_price":false,"pric_overide_base_price_if_gt_zero":false,"pric_cal_option_once":false,"pric_use_as_fee":false,"bind_quantity":false,"quantity_bind_formula":false},"fields":[{"type":"text","required":true,"elementId":"wcpa-text-1666558938478","label":"Entrez le texte","pricingType":"fixed","name":"text-1666558938478","subtype":"text","cl_rule":"show","col":6,"relations":false,"form_id":1362,"form_rules":{"pric_cal_option_once":false,"exclude_from_discount":false,"pric_use_as_fee":false,"fee_label":"Fee","render_after_acb":false,"disp_hide_options_price":false}}]},"yoast_head":"<!-- This site is optimized with the Yoast SEO plugin v19.13 - https:\/\/yoast.com\/wordpress\/plugins\/seo\/ -->\n<title>Latte personnalis\u00e9e - M&amp;S Creation<\/title>\n<meta name=\"description\" content=\"A l&#039;occasion de la fin d&#039;ann\u00e9e scolaire, nous vous proposons un cadeau personnalis\u00e9 \u00e0 offrir pour votre institutrice pr\u00e9f\u00e9r\u00e9e.\" \/>\n<meta name=\"robots\" content=\"index, follow, max-snippet:-1, max-image-preview:large, max-video-preview:-1\" \/>\n<link rel=\"canonical\" href=\"https:\/\/mscreations.be\/index.php\/product\/latte-personnalise\/\" \/>\n<meta property=\"og:locale\" content=\"fr_FR\" \/>\n<meta property=\"og:type\" content=\"article\" \/>\n<meta property=\"og:title\" content=\"Latte personnalis\u00e9e - M&amp;S Creation\" \/>\n<meta property=\"og:description\" content=\"A l&#039;occasion de la fin d&#039;ann\u00e9e scolaire, nous vous proposons un cadeau personnalis\u00e9 \u00e0 offrir pour votre institutrice pr\u00e9f\u00e9r\u00e9e.\" \/>\n<meta property=\"og:url\" content=\"https:\/\/mscreations.be\/index.php\/product\/latte-personnalise\/\" \/>\n<meta property=\"og:site_name\" content=\"M&amp;S Creation\" \/>\n<meta property=\"article:publisher\" content=\"https:\/\/www.facebook.com\/profile.php?id=100063148215530\" \/>\n<meta property=\"article:modified_time\" content=\"2024-06-16T19:16:07+00:00\" \/>\n<meta property=\"og:image\" content=\"https:\/\/mscreations.be\/wp-content\/uploads\/2024\/06\/Latte-personnalisee.jpg\" \/>\n\t<meta property=\"og:image:width\" content=\"710\" \/>\n\t<meta property=\"og:image:height\" content=\"500\" \/>\n\t<meta property=\"og:image:type\" content=\"image\/jpeg\" \/>\n<meta name=\"twitter:card\" content=\"summary_large_image\" \/>\n<script type=\"application\/ld+json\" class=\"yoast-schema-graph\">{\"@context\":\"https:\/\/schema.org\",\"@graph\":[{\"@type\":\"WebPage\",\"@id\":\"https:\/\/mscreations.be\/index.php\/product\/latte-personnalise\/\",\"url\":\"https:\/\/mscreations.be\/index.php\/product\/latte-personnalise\/\",\"name\":\"Latte personnalis\u00e9e - M&amp;S Creation\",\"isPartOf\":{\"@id\":\"http:\/\/mscreations.be\/#website\"},\"datePublished\":\"2024-06-16T14:12:14+00:00\",\"dateModified\":\"2024-06-16T19:16:07+00:00\",\"description\":\"A l'occasion de la fin d'ann\u00e9e scolaire, nous vous proposons un cadeau personnalis\u00e9 \u00e0 offrir pour votre institutrice pr\u00e9f\u00e9r\u00e9e.\",\"breadcrumb\":{\"@id\":\"https:\/\/mscreations.be\/index.php\/product\/latte-personnalise\/#breadcrumb\"},\"inLanguage\":\"fr-BE\",\"potentialAction\":[{\"@type\":\"ReadAction\",\"target\":[\"https:\/\/mscreations.be\/index.php\/product\/latte-personnalise\/\"]}]},{\"@type\":\"BreadcrumbList\",\"@id\":\"https:\/\/mscreations.be\/index.php\/product\/latte-personnalise\/#breadcrumb\",\"itemListElement\":[{\"@type\":\"ListItem\",\"position\":1,\"name\":\"Accueil\",\"item\":\"http:\/\/mscreations.be\/\"},{\"@type\":\"ListItem\",\"position\":2,\"name\":\"Boutique\",\"item\":\"http:\/\/mscreations.be\/index.php\/shop-3\/\"},{\"@type\":\"ListItem\",\"position\":3,\"name\":\"Latte personnalis\u00e9e\"}]},{\"@type\":\"WebSite\",\"@id\":\"http:\/\/mscreations.be\/#website\",\"url\":\"http:\/\/mscreations.be\/\",\"name\":\"M&S Creation\",\"description\":\"\",\"publisher\":{\"@id\":\"http:\/\/mscreations.be\/#organization\"},\"potentialAction\":[{\"@type\":\"SearchAction\",\"target\":{\"@type\":\"EntryPoint\",\"urlTemplate\":\"http:\/\/mscreations.be\/?s={search_term_string}\"},\"query-input\":\"required name=search_term_string\"}],\"inLanguage\":\"fr-BE\"},{\"@type\":\"Organization\",\"@id\":\"http:\/\/mscreations.be\/#organization\",\"name\":\"M&S Creation\",\"url\":\"http:\/\/mscreations.be\/\",\"logo\":{\"@type\":\"ImageObject\",\"inLanguage\":\"fr-BE\",\"@id\":\"http:\/\/mscreations.be\/#\/schema\/logo\/image\/\",\"url\":\"http:\/\/mscreations.be\/wp-content\/uploads\/2022\/01\/cropped-cropped-ms.png\",\"contentUrl\":\"http:\/\/mscreations.be\/wp-content\/uploads\/2022\/01\/cropped-cropped-ms.png\",\"width\":512,\"height\":512,\"caption\":\"M&S Creation\"},\"image\":{\"@id\":\"http:\/\/mscreations.be\/#\/schema\/logo\/image\/\"},\"sameAs\":[\"https:\/\/www.facebook.com\/profile.php?id=100063148215530\"]}]}<\/script>\n<!-- \/ Yoast SEO plugin. -->","yoast_head_json":{"title":"Latte personnalis\u00e9e - M&amp;S Creation","description":"A l'occasion de la fin d'ann\u00e9e scolaire, nous vous proposons un cadeau personnalis\u00e9 \u00e0 offrir pour votre institutrice pr\u00e9f\u00e9r\u00e9e.","robots":{"index":"index","follow":"follow","max-snippet":"max-snippet:-1","max-image-preview":"max-image-preview:large","max-video-preview":"max-video-preview:-1"},"canonical":"https:\/\/mscreations.be\/index.php\/product\/latte-personnalise\/","og_locale":"fr_FR","og_type":"article","og_title":"Latte personnalis\u00e9e - M&amp;S Creation","og_description":"A l'occasion de la fin d'ann\u00e9e scolaire, nous vous proposons un cadeau personnalis\u00e9 \u00e0 offrir pour votre institutrice pr\u00e9f\u00e9r\u00e9e.","og_url":"https:\/\/mscreations.be\/index.php\/product\/latte-personnalise\/","og_site_name":"M&amp;S Creation","article_publisher":"https:\/\/www.facebook.com\/profile.php?id=100063148215530","article_modified_time":"2024-06-16T19:16:07+00:00","og_image":[{"width":710,"height":500,"url":"https:\/\/mscreations.be\/wp-content\/uploads\/2024\/06\/Latte-personnalisee.jpg","type":"image\/jpeg"}],"twitter_card":"summary_large_image","schema":{"@context":"https:\/\/schema.org","@graph":[{"@type":"WebPage","@id":"https:\/\/mscreations.be\/index.php\/product\/latte-personnalise\/","url":"https:\/\/mscreations.be\/index.php\/product\/latte-personnalise\/","name":"Latte personnalis\u00e9e - M&amp;S Creation","isPartOf":{"@id":"http:\/\/mscreations.be\/#website"},"datePublished":"2024-06-16T14:12:14+00:00","dateModified":"2024-06-16T19:16:07+00:00","description":"A l'occasion de la fin d'ann\u00e9e scolaire, nous vous proposons un cadeau personnalis\u00e9 \u00e0 offrir pour votre institutrice pr\u00e9f\u00e9r\u00e9e.","breadcrumb":{"@id":"https:\/\/mscreations.be\/index.php\/product\/latte-personnalise\/#breadcrumb"},"inLanguage":"fr-BE","potentialAction":[{"@type":"ReadAction","target":["https:\/\/mscreations.be\/index.php\/product\/latte-personnalise\/"]}]},{"@type":"BreadcrumbList","@id":"https:\/\/mscreations.be\/index.php\/product\/latte-personnalise\/#breadcrumb","itemListElement":[{"@type":"ListItem","position":1,"name":"Accueil","item":"http:\/\/mscreations.be\/"},{"@type":"ListItem","position":2,"name":"Boutique","item":"http:\/\/mscreations.be\/index.php\/shop-3\/"},{"@type":"ListItem","position":3,"name":"Latte personnalis\u00e9e"}]},{"@type":"WebSite","@id":"http:\/\/mscreations.be\/#website","url":"http:\/\/mscreations.be\/","name":"M&S Creation","description":"","publisher":{"@id":"http:\/\/mscreations.be\/#organization"},"potentialAction":[{"@type":"SearchAction","target":{"@type":"EntryPoint","urlTemplate":"http:\/\/mscreations.be\/?s={search_term_string}"},"query-input":"required name=search_term_string"}],"inLanguage":"fr-BE"},{"@type":"Organization","@id":"http:\/\/mscreations.be\/#organization","name":"M&S Creation","url":"http:\/\/mscreations.be\/","logo":{"@type":"ImageObject","inLanguage":"fr-BE","@id":"http:\/\/mscreations.be\/#\/schema\/logo\/image\/","url":"http:\/\/mscreations.be\/wp-content\/uploads\/2022\/01\/cropped-cropped-ms.png","contentUrl":"http:\/\/mscreations.be\/wp-content\/uploads\/2022\/01\/cropped-cropped-ms.png","width":512,"height":512,"caption":"M&S Creation"},"image":{"@id":"http:\/\/mscreations.be\/#\/schema\/logo\/image\/"},"sameAs":["https:\/\/www.facebook.com\/profile.php?id=100063148215530"]}]}},"_links":{"self":[{"href":"http:\/\/mscreations.be\/index.php\/wp-json\/wp\/v2\/product\/2767","targetHints":{"allow":["GET"]}}],"collection":[{"href":"http:\/\/mscreations.be\/index.php\/wp-json\/wp\/v2\/product"}],"about":[{"href":"http:\/\/mscreations.be\/index.php\/wp-json\/wp\/v2\/types\/product"}],"replies":[{"embeddable":true,"href":"http:\/\/mscreations.be\/index.php\/wp-json\/wp\/v2\/comments?post=2767"}],"wp:featuredmedia":[{"embeddable":true,"href":"http:\/\/mscreations.be\/index.php\/wp-json\/wp\/v2\/media\/2771"}],"wp:attachment":[{"href":"http:\/\/mscreations.be\/index.php\/wp-json\/wp\/v2\/media?parent=2767"}],"wp:term":[{"taxonomy":"product_cat","embeddable":true,"href":"http:\/\/mscreations.be\/index.php\/wp-json\/wp\/v2\/product_cat?post=2767"},{"taxonomy":"product_tag","embeddable":true,"href":"http:\/\/mscreations.be\/index.php\/wp-json\/wp\/v2\/product_tag?post=2767"}],"curies":[{"name":"wp","href":"https:\/\/api.w.org\/{rel}","templated":true}]}}