{"id":2653,"date":"2024-05-31T21:29:46","date_gmt":"2024-05-31T21:29:46","guid":{"rendered":"https:\/\/mscreations.be\/?post_type=product&#038;p=2653"},"modified":"2024-08-02T20:17:42","modified_gmt":"2024-08-02T20:17:42","slug":"guitare","status":"publish","type":"product","link":"http:\/\/mscreations.be\/index.php\/product\/guitare\/","title":{"rendered":"Guitare"},"content":{"rendered":"","protected":false},"excerpt":{"rendered":"<p>Cette d\u00e9coration murale guitare en bois est id\u00e9ale pour embellir les murs de vos pi\u00e8ces de vie. Il vous est possible d&#8217;associer cette d\u00e9coration murale avec d&#8217;autres d\u00e9corations propos\u00e9es sur notre site. Disponible en plusieurs dimensions et est propos\u00e9 en bois mdf teint\u00e9 noir, en blanc ou en bois peuplier&hellip;<\/p>\n","protected":false},"featured_media":2655,"comment_status":"open","ping_status":"closed","template":"","meta":{"_themeisle_gutenberg_block_has_review":false},"product_cat":[101,87],"product_tag":[],"class_list":{"0":"post-2653","1":"product","2":"type-product","3":"status-publish","4":"has-post-thumbnail","6":"product_cat-musique","7":"product_cat-promotions","9":"first","10":"instock","11":"sale","12":"shipping-taxable","13":"purchasable","14":"product-type-variable","15":"thumb-no-effect","16":"prod-rating-off"},"wcpa_form_fields":null,"yoast_head":"<!-- This site is optimized with the Yoast SEO plugin v19.13 - https:\/\/yoast.com\/wordpress\/plugins\/seo\/ -->\n<title>Guitare - M&amp;S Creation<\/title>\n<meta name=\"description\" content=\"D\u00e9coration murale d&#039;int\u00e9rieur en bois repr\u00e9sentant une guitare. Cet article sur le th\u00e8me de la musique est id\u00e9ale pour offrir \u00e0 un passionn\u00e9 de musique.\" \/>\n<meta name=\"robots\" content=\"index, follow, max-snippet:-1, max-image-preview:large, max-video-preview:-1\" \/>\n<link rel=\"canonical\" href=\"https:\/\/mscreations.be\/index.php\/product\/guitare\/\" \/>\n<meta property=\"og:locale\" content=\"fr_FR\" \/>\n<meta property=\"og:type\" content=\"article\" \/>\n<meta property=\"og:title\" content=\"Guitare - M&amp;S Creation\" \/>\n<meta property=\"og:description\" content=\"D\u00e9coration murale d&#039;int\u00e9rieur en bois repr\u00e9sentant une guitare. Cet article sur le th\u00e8me de la musique est id\u00e9ale pour offrir \u00e0 un passionn\u00e9 de musique.\" \/>\n<meta property=\"og:url\" content=\"https:\/\/mscreations.be\/index.php\/product\/guitare\/\" \/>\n<meta property=\"og:site_name\" content=\"M&amp;S Creation\" \/>\n<meta property=\"article:publisher\" content=\"https:\/\/www.facebook.com\/profile.php?id=100063148215530\" \/>\n<meta property=\"article:modified_time\" content=\"2024-08-02T20:17:42+00:00\" \/>\n<meta property=\"og:image\" content=\"https:\/\/mscreations.be\/wp-content\/uploads\/2024\/05\/Gitara-1-WEB.jpg\" \/>\n\t<meta property=\"og:image:width\" content=\"800\" \/>\n\t<meta property=\"og:image:height\" content=\"800\" \/>\n\t<meta property=\"og:image:type\" content=\"image\/jpeg\" \/>\n<meta name=\"twitter:card\" content=\"summary_large_image\" \/>\n<script type=\"application\/ld+json\" class=\"yoast-schema-graph\">{\"@context\":\"https:\/\/schema.org\",\"@graph\":[{\"@type\":\"WebPage\",\"@id\":\"https:\/\/mscreations.be\/index.php\/product\/guitare\/\",\"url\":\"https:\/\/mscreations.be\/index.php\/product\/guitare\/\",\"name\":\"Guitare - M&amp;S Creation\",\"isPartOf\":{\"@id\":\"http:\/\/mscreations.be\/#website\"},\"datePublished\":\"2024-05-31T21:29:46+00:00\",\"dateModified\":\"2024-08-02T20:17:42+00:00\",\"description\":\"D\u00e9coration murale d'int\u00e9rieur en bois repr\u00e9sentant une guitare. Cet article sur le th\u00e8me de la musique est id\u00e9ale pour offrir \u00e0 un passionn\u00e9 de musique.\",\"breadcrumb\":{\"@id\":\"https:\/\/mscreations.be\/index.php\/product\/guitare\/#breadcrumb\"},\"inLanguage\":\"fr-BE\",\"potentialAction\":[{\"@type\":\"ReadAction\",\"target\":[\"https:\/\/mscreations.be\/index.php\/product\/guitare\/\"]}]},{\"@type\":\"BreadcrumbList\",\"@id\":\"https:\/\/mscreations.be\/index.php\/product\/guitare\/#breadcrumb\",\"itemListElement\":[{\"@type\":\"ListItem\",\"position\":1,\"name\":\"Accueil\",\"item\":\"http:\/\/mscreations.be\/\"},{\"@type\":\"ListItem\",\"position\":2,\"name\":\"Boutique\",\"item\":\"http:\/\/mscreations.be\/index.php\/shop-3\/\"},{\"@type\":\"ListItem\",\"position\":3,\"name\":\"Guitare\"}]},{\"@type\":\"WebSite\",\"@id\":\"http:\/\/mscreations.be\/#website\",\"url\":\"http:\/\/mscreations.be\/\",\"name\":\"M&S Creation\",\"description\":\"\",\"publisher\":{\"@id\":\"http:\/\/mscreations.be\/#organization\"},\"potentialAction\":[{\"@type\":\"SearchAction\",\"target\":{\"@type\":\"EntryPoint\",\"urlTemplate\":\"http:\/\/mscreations.be\/?s={search_term_string}\"},\"query-input\":\"required name=search_term_string\"}],\"inLanguage\":\"fr-BE\"},{\"@type\":\"Organization\",\"@id\":\"http:\/\/mscreations.be\/#organization\",\"name\":\"M&S Creation\",\"url\":\"http:\/\/mscreations.be\/\",\"logo\":{\"@type\":\"ImageObject\",\"inLanguage\":\"fr-BE\",\"@id\":\"http:\/\/mscreations.be\/#\/schema\/logo\/image\/\",\"url\":\"http:\/\/mscreations.be\/wp-content\/uploads\/2022\/01\/cropped-cropped-ms.png\",\"contentUrl\":\"http:\/\/mscreations.be\/wp-content\/uploads\/2022\/01\/cropped-cropped-ms.png\",\"width\":512,\"height\":512,\"caption\":\"M&S Creation\"},\"image\":{\"@id\":\"http:\/\/mscreations.be\/#\/schema\/logo\/image\/\"},\"sameAs\":[\"https:\/\/www.facebook.com\/profile.php?id=100063148215530\"]}]}<\/script>\n<!-- \/ Yoast SEO plugin. -->","yoast_head_json":{"title":"Guitare - M&amp;S Creation","description":"D\u00e9coration murale d'int\u00e9rieur en bois repr\u00e9sentant une guitare. Cet article sur le th\u00e8me de la musique est id\u00e9ale pour offrir \u00e0 un passionn\u00e9 de musique.","robots":{"index":"index","follow":"follow","max-snippet":"max-snippet:-1","max-image-preview":"max-image-preview:large","max-video-preview":"max-video-preview:-1"},"canonical":"https:\/\/mscreations.be\/index.php\/product\/guitare\/","og_locale":"fr_FR","og_type":"article","og_title":"Guitare - M&amp;S Creation","og_description":"D\u00e9coration murale d'int\u00e9rieur en bois repr\u00e9sentant une guitare. Cet article sur le th\u00e8me de la musique est id\u00e9ale pour offrir \u00e0 un passionn\u00e9 de musique.","og_url":"https:\/\/mscreations.be\/index.php\/product\/guitare\/","og_site_name":"M&amp;S Creation","article_publisher":"https:\/\/www.facebook.com\/profile.php?id=100063148215530","article_modified_time":"2024-08-02T20:17:42+00:00","og_image":[{"width":800,"height":800,"url":"https:\/\/mscreations.be\/wp-content\/uploads\/2024\/05\/Gitara-1-WEB.jpg","type":"image\/jpeg"}],"twitter_card":"summary_large_image","schema":{"@context":"https:\/\/schema.org","@graph":[{"@type":"WebPage","@id":"https:\/\/mscreations.be\/index.php\/product\/guitare\/","url":"https:\/\/mscreations.be\/index.php\/product\/guitare\/","name":"Guitare - M&amp;S Creation","isPartOf":{"@id":"http:\/\/mscreations.be\/#website"},"datePublished":"2024-05-31T21:29:46+00:00","dateModified":"2024-08-02T20:17:42+00:00","description":"D\u00e9coration murale d'int\u00e9rieur en bois repr\u00e9sentant une guitare. Cet article sur le th\u00e8me de la musique est id\u00e9ale pour offrir \u00e0 un passionn\u00e9 de musique.","breadcrumb":{"@id":"https:\/\/mscreations.be\/index.php\/product\/guitare\/#breadcrumb"},"inLanguage":"fr-BE","potentialAction":[{"@type":"ReadAction","target":["https:\/\/mscreations.be\/index.php\/product\/guitare\/"]}]},{"@type":"BreadcrumbList","@id":"https:\/\/mscreations.be\/index.php\/product\/guitare\/#breadcrumb","itemListElement":[{"@type":"ListItem","position":1,"name":"Accueil","item":"http:\/\/mscreations.be\/"},{"@type":"ListItem","position":2,"name":"Boutique","item":"http:\/\/mscreations.be\/index.php\/shop-3\/"},{"@type":"ListItem","position":3,"name":"Guitare"}]},{"@type":"WebSite","@id":"http:\/\/mscreations.be\/#website","url":"http:\/\/mscreations.be\/","name":"M&S Creation","description":"","publisher":{"@id":"http:\/\/mscreations.be\/#organization"},"potentialAction":[{"@type":"SearchAction","target":{"@type":"EntryPoint","urlTemplate":"http:\/\/mscreations.be\/?s={search_term_string}"},"query-input":"required name=search_term_string"}],"inLanguage":"fr-BE"},{"@type":"Organization","@id":"http:\/\/mscreations.be\/#organization","name":"M&S Creation","url":"http:\/\/mscreations.be\/","logo":{"@type":"ImageObject","inLanguage":"fr-BE","@id":"http:\/\/mscreations.be\/#\/schema\/logo\/image\/","url":"http:\/\/mscreations.be\/wp-content\/uploads\/2022\/01\/cropped-cropped-ms.png","contentUrl":"http:\/\/mscreations.be\/wp-content\/uploads\/2022\/01\/cropped-cropped-ms.png","width":512,"height":512,"caption":"M&S Creation"},"image":{"@id":"http:\/\/mscreations.be\/#\/schema\/logo\/image\/"},"sameAs":["https:\/\/www.facebook.com\/profile.php?id=100063148215530"]}]}},"_links":{"self":[{"href":"http:\/\/mscreations.be\/index.php\/wp-json\/wp\/v2\/product\/2653","targetHints":{"allow":["GET"]}}],"collection":[{"href":"http:\/\/mscreations.be\/index.php\/wp-json\/wp\/v2\/product"}],"about":[{"href":"http:\/\/mscreations.be\/index.php\/wp-json\/wp\/v2\/types\/product"}],"replies":[{"embeddable":true,"href":"http:\/\/mscreations.be\/index.php\/wp-json\/wp\/v2\/comments?post=2653"}],"wp:featuredmedia":[{"embeddable":true,"href":"http:\/\/mscreations.be\/index.php\/wp-json\/wp\/v2\/media\/2655"}],"wp:attachment":[{"href":"http:\/\/mscreations.be\/index.php\/wp-json\/wp\/v2\/media?parent=2653"}],"wp:term":[{"taxonomy":"product_cat","embeddable":true,"href":"http:\/\/mscreations.be\/index.php\/wp-json\/wp\/v2\/product_cat?post=2653"},{"taxonomy":"product_tag","embeddable":true,"href":"http:\/\/mscreations.be\/index.php\/wp-json\/wp\/v2\/product_tag?post=2653"}],"curies":[{"name":"wp","href":"https:\/\/api.w.org\/{rel}","templated":true}]}}