{"id":2535,"date":"2024-05-16T20:45:06","date_gmt":"2024-05-16T20:45:06","guid":{"rendered":"https:\/\/mscreations.be\/?post_type=product&#038;p=2535"},"modified":"2024-05-16T20:50:57","modified_gmt":"2024-05-16T20:50:57","slug":"super-hero-papa","status":"publish","type":"product","link":"http:\/\/mscreations.be\/index.php\/product\/super-hero-papa\/","title":{"rendered":"Papa, Super H\u00e9ro"},"content":{"rendered":"","protected":false},"excerpt":{"rendered":"<p>Notre d\u00e9coration en bois &#8220;Papa-H\u00e9ro&#8221; est disponible en plusieurs dimensions et coloris s&#8217;accorde \u00e0 toutes les d\u00e9corations d&#8217;int\u00e9rieur (d\u00e9coration moderne, rustique, vintage, &#8230;) et est un cadeau id\u00e9al \u00e0 l&#8217;occasion de la f\u00eate des P\u00e8res. Cette d\u00e9coration murale est r\u00e9alis\u00e9e en bois mdf teint\u00e9 noir ou en bois peuplier plaquage&hellip;<\/p>\n","protected":false},"featured_media":2536,"comment_status":"open","ping_status":"closed","template":"","meta":{"_themeisle_gutenberg_block_has_review":false},"product_cat":[100,96],"product_tag":[],"class_list":{"0":"post-2535","1":"product","2":"type-product","3":"status-publish","4":"has-post-thumbnail","6":"product_cat-fete-des-peres","7":"product_cat-nouveau","9":"first","10":"instock","11":"shipping-taxable","12":"purchasable","13":"product-type-variable","14":"thumb-no-effect","15":"prod-rating-off"},"wcpa_form_fields":null,"yoast_head":"<!-- This site is optimized with the Yoast SEO plugin v19.13 - https:\/\/yoast.com\/wordpress\/plugins\/seo\/ -->\n<title>Papa, Super H\u00e9ro - M&amp;S Creation<\/title>\n<meta name=\"description\" content=\"Notre d\u00e9coration murale en bois est disponible en plusieurs dimensions et coloris et est un cadeau id\u00e9al \u00e0 l&#039;occasion de la f\u00eate des P\u00e8res, le H\u00e9ro.\" \/>\n<meta name=\"robots\" content=\"index, follow, max-snippet:-1, max-image-preview:large, max-video-preview:-1\" \/>\n<link rel=\"canonical\" href=\"http:\/\/mscreations.be\/index.php\/product\/super-hero-papa\/\" \/>\n<meta property=\"og:locale\" content=\"fr_FR\" \/>\n<meta property=\"og:type\" content=\"article\" \/>\n<meta property=\"og:title\" content=\"Papa, Super H\u00e9ro - M&amp;S Creation\" \/>\n<meta property=\"og:description\" content=\"Notre d\u00e9coration murale en bois est disponible en plusieurs dimensions et coloris et est un cadeau id\u00e9al \u00e0 l&#039;occasion de la f\u00eate des P\u00e8res, le H\u00e9ro.\" \/>\n<meta property=\"og:url\" content=\"http:\/\/mscreations.be\/index.php\/product\/super-hero-papa\/\" \/>\n<meta property=\"og:site_name\" content=\"M&amp;S Creation\" \/>\n<meta property=\"article:publisher\" content=\"https:\/\/www.facebook.com\/profile.php?id=100063148215530\" \/>\n<meta property=\"article:modified_time\" content=\"2024-05-16T20:50:57+00:00\" \/>\n<meta property=\"og:image\" content=\"http:\/\/mscreations.be\/wp-content\/uploads\/2024\/05\/Papa-hero-WEB.jpg\" \/>\n\t<meta property=\"og:image:width\" content=\"800\" \/>\n\t<meta property=\"og:image:height\" content=\"800\" \/>\n\t<meta property=\"og:image:type\" content=\"image\/jpeg\" \/>\n<meta name=\"twitter:card\" content=\"summary_large_image\" \/>\n<script type=\"application\/ld+json\" class=\"yoast-schema-graph\">{\"@context\":\"https:\/\/schema.org\",\"@graph\":[{\"@type\":\"WebPage\",\"@id\":\"http:\/\/mscreations.be\/index.php\/product\/super-hero-papa\/\",\"url\":\"http:\/\/mscreations.be\/index.php\/product\/super-hero-papa\/\",\"name\":\"Papa, Super H\u00e9ro - M&amp;S Creation\",\"isPartOf\":{\"@id\":\"https:\/\/mscreations.be\/#website\"},\"datePublished\":\"2024-05-16T20:45:06+00:00\",\"dateModified\":\"2024-05-16T20:50:57+00:00\",\"description\":\"Notre d\u00e9coration murale en bois est disponible en plusieurs dimensions et coloris et est un cadeau id\u00e9al \u00e0 l'occasion de la f\u00eate des P\u00e8res, le H\u00e9ro.\",\"breadcrumb\":{\"@id\":\"http:\/\/mscreations.be\/index.php\/product\/super-hero-papa\/#breadcrumb\"},\"inLanguage\":\"fr-BE\",\"potentialAction\":[{\"@type\":\"ReadAction\",\"target\":[\"http:\/\/mscreations.be\/index.php\/product\/super-hero-papa\/\"]}]},{\"@type\":\"BreadcrumbList\",\"@id\":\"http:\/\/mscreations.be\/index.php\/product\/super-hero-papa\/#breadcrumb\",\"itemListElement\":[{\"@type\":\"ListItem\",\"position\":1,\"name\":\"Accueil\",\"item\":\"https:\/\/mscreations.be\/\"},{\"@type\":\"ListItem\",\"position\":2,\"name\":\"Boutique\",\"item\":\"http:\/\/mscreations.be\/index.php\/shop-3\/\"},{\"@type\":\"ListItem\",\"position\":3,\"name\":\"Papa, Super H\u00e9ro\"}]},{\"@type\":\"WebSite\",\"@id\":\"https:\/\/mscreations.be\/#website\",\"url\":\"https:\/\/mscreations.be\/\",\"name\":\"M&S Creation\",\"description\":\"\",\"publisher\":{\"@id\":\"https:\/\/mscreations.be\/#organization\"},\"potentialAction\":[{\"@type\":\"SearchAction\",\"target\":{\"@type\":\"EntryPoint\",\"urlTemplate\":\"https:\/\/mscreations.be\/?s={search_term_string}\"},\"query-input\":\"required name=search_term_string\"}],\"inLanguage\":\"fr-BE\"},{\"@type\":\"Organization\",\"@id\":\"https:\/\/mscreations.be\/#organization\",\"name\":\"M&S Creation\",\"url\":\"https:\/\/mscreations.be\/\",\"logo\":{\"@type\":\"ImageObject\",\"inLanguage\":\"fr-BE\",\"@id\":\"https:\/\/mscreations.be\/#\/schema\/logo\/image\/\",\"url\":\"http:\/\/mscreations.be\/wp-content\/uploads\/2022\/01\/cropped-cropped-ms.png\",\"contentUrl\":\"http:\/\/mscreations.be\/wp-content\/uploads\/2022\/01\/cropped-cropped-ms.png\",\"width\":512,\"height\":512,\"caption\":\"M&S Creation\"},\"image\":{\"@id\":\"https:\/\/mscreations.be\/#\/schema\/logo\/image\/\"},\"sameAs\":[\"https:\/\/www.facebook.com\/profile.php?id=100063148215530\"]}]}<\/script>\n<!-- \/ Yoast SEO plugin. -->","yoast_head_json":{"title":"Papa, Super H\u00e9ro - M&amp;S Creation","description":"Notre d\u00e9coration murale en bois est disponible en plusieurs dimensions et coloris et est un cadeau id\u00e9al \u00e0 l'occasion de la f\u00eate des P\u00e8res, le H\u00e9ro.","robots":{"index":"index","follow":"follow","max-snippet":"max-snippet:-1","max-image-preview":"max-image-preview:large","max-video-preview":"max-video-preview:-1"},"canonical":"http:\/\/mscreations.be\/index.php\/product\/super-hero-papa\/","og_locale":"fr_FR","og_type":"article","og_title":"Papa, Super H\u00e9ro - M&amp;S Creation","og_description":"Notre d\u00e9coration murale en bois est disponible en plusieurs dimensions et coloris et est un cadeau id\u00e9al \u00e0 l'occasion de la f\u00eate des P\u00e8res, le H\u00e9ro.","og_url":"http:\/\/mscreations.be\/index.php\/product\/super-hero-papa\/","og_site_name":"M&amp;S Creation","article_publisher":"https:\/\/www.facebook.com\/profile.php?id=100063148215530","article_modified_time":"2024-05-16T20:50:57+00:00","og_image":[{"width":800,"height":800,"url":"http:\/\/mscreations.be\/wp-content\/uploads\/2024\/05\/Papa-hero-WEB.jpg","type":"image\/jpeg"}],"twitter_card":"summary_large_image","schema":{"@context":"https:\/\/schema.org","@graph":[{"@type":"WebPage","@id":"http:\/\/mscreations.be\/index.php\/product\/super-hero-papa\/","url":"http:\/\/mscreations.be\/index.php\/product\/super-hero-papa\/","name":"Papa, Super H\u00e9ro - M&amp;S Creation","isPartOf":{"@id":"https:\/\/mscreations.be\/#website"},"datePublished":"2024-05-16T20:45:06+00:00","dateModified":"2024-05-16T20:50:57+00:00","description":"Notre d\u00e9coration murale en bois est disponible en plusieurs dimensions et coloris et est un cadeau id\u00e9al \u00e0 l'occasion de la f\u00eate des P\u00e8res, le H\u00e9ro.","breadcrumb":{"@id":"http:\/\/mscreations.be\/index.php\/product\/super-hero-papa\/#breadcrumb"},"inLanguage":"fr-BE","potentialAction":[{"@type":"ReadAction","target":["http:\/\/mscreations.be\/index.php\/product\/super-hero-papa\/"]}]},{"@type":"BreadcrumbList","@id":"http:\/\/mscreations.be\/index.php\/product\/super-hero-papa\/#breadcrumb","itemListElement":[{"@type":"ListItem","position":1,"name":"Accueil","item":"https:\/\/mscreations.be\/"},{"@type":"ListItem","position":2,"name":"Boutique","item":"http:\/\/mscreations.be\/index.php\/shop-3\/"},{"@type":"ListItem","position":3,"name":"Papa, Super H\u00e9ro"}]},{"@type":"WebSite","@id":"https:\/\/mscreations.be\/#website","url":"https:\/\/mscreations.be\/","name":"M&S Creation","description":"","publisher":{"@id":"https:\/\/mscreations.be\/#organization"},"potentialAction":[{"@type":"SearchAction","target":{"@type":"EntryPoint","urlTemplate":"https:\/\/mscreations.be\/?s={search_term_string}"},"query-input":"required name=search_term_string"}],"inLanguage":"fr-BE"},{"@type":"Organization","@id":"https:\/\/mscreations.be\/#organization","name":"M&S Creation","url":"https:\/\/mscreations.be\/","logo":{"@type":"ImageObject","inLanguage":"fr-BE","@id":"https:\/\/mscreations.be\/#\/schema\/logo\/image\/","url":"http:\/\/mscreations.be\/wp-content\/uploads\/2022\/01\/cropped-cropped-ms.png","contentUrl":"http:\/\/mscreations.be\/wp-content\/uploads\/2022\/01\/cropped-cropped-ms.png","width":512,"height":512,"caption":"M&S Creation"},"image":{"@id":"https:\/\/mscreations.be\/#\/schema\/logo\/image\/"},"sameAs":["https:\/\/www.facebook.com\/profile.php?id=100063148215530"]}]}},"_links":{"self":[{"href":"http:\/\/mscreations.be\/index.php\/wp-json\/wp\/v2\/product\/2535","targetHints":{"allow":["GET"]}}],"collection":[{"href":"http:\/\/mscreations.be\/index.php\/wp-json\/wp\/v2\/product"}],"about":[{"href":"http:\/\/mscreations.be\/index.php\/wp-json\/wp\/v2\/types\/product"}],"replies":[{"embeddable":true,"href":"http:\/\/mscreations.be\/index.php\/wp-json\/wp\/v2\/comments?post=2535"}],"wp:featuredmedia":[{"embeddable":true,"href":"http:\/\/mscreations.be\/index.php\/wp-json\/wp\/v2\/media\/2536"}],"wp:attachment":[{"href":"http:\/\/mscreations.be\/index.php\/wp-json\/wp\/v2\/media?parent=2535"}],"wp:term":[{"taxonomy":"product_cat","embeddable":true,"href":"http:\/\/mscreations.be\/index.php\/wp-json\/wp\/v2\/product_cat?post=2535"},{"taxonomy":"product_tag","embeddable":true,"href":"http:\/\/mscreations.be\/index.php\/wp-json\/wp\/v2\/product_tag?post=2535"}],"curies":[{"name":"wp","href":"https:\/\/api.w.org\/{rel}","templated":true}]}}