{"id":2475,"date":"2024-04-30T21:24:00","date_gmt":"2024-04-30T21:24:00","guid":{"rendered":"https:\/\/mscreations.be\/?post_type=product&#038;p=2475"},"modified":"2024-05-15T18:34:47","modified_gmt":"2024-05-15T18:34:47","slug":"cadeau-maman-texte-personnalise","status":"publish","type":"product","link":"http:\/\/mscreations.be\/index.php\/product\/cadeau-maman-texte-personnalise\/","title":{"rendered":"Cadeau &#8220;Maman + texte personnalis\u00e9&#8221;"},"content":{"rendered":"","protected":false},"excerpt":{"rendered":"<p>Notre article cadeau &#8220;Maman + texte personnalisable&#8221;\u00a0 sur socle est un cadeau id\u00e9al \u00e0 l&#8217;occasion de la f\u00eate des M\u00e8res. Il vous est possible de soit laisser le m\u00eame texte ou alors d&#8217;y inventer un autre et d&#8217;ajouter des c\u0153urs avec les pr\u00e9noms. Voici le texte qui sera utilis\u00e9 si&hellip;<\/p>\n","protected":false},"featured_media":2476,"comment_status":"open","ping_status":"closed","template":"","meta":{"_themeisle_gutenberg_block_has_review":false},"product_cat":[95],"product_tag":[],"class_list":{"0":"post-2475","1":"product","2":"type-product","3":"status-publish","4":"has-post-thumbnail","6":"product_cat-fete-des-meres","7":"wcpa_has_options","9":"first","10":"instock","11":"shipping-taxable","12":"purchasable","13":"product-type-simple","14":"thumb-no-effect","15":"prod-rating-off"},"wcpa_form_fields":{"rules":{"pric_overide_base_price":false,"pric_overide_base_price_if_gt_zero":false,"pric_cal_option_once":false,"pric_use_as_fee":false,"bind_quantity":false,"quantity_bind_formula":false},"fields":[{"type":"textarea","elementId":"wcpa-textarea-1714543521497","label":"Texte personnalis\u00e9","pricingType":"fixed","name":"textarea-1714543521497","cl_rule":"show","col":6,"relations":false,"form_id":2478,"form_rules":{"pric_cal_option_once":false,"exclude_from_discount":false,"pric_use_as_fee":false,"fee_label":"Fee","render_after_acb":false,"disp_hide_options_price":false}},{"type":"text","elementId":"wcpa-text-1714514905953","label":"Pr\u00e9nom 1","pricingType":"fixed","name":"text-1714514905953","subtype":"text","maxlength":"15","cl_rule":"show","col":6,"relations":false,"form_id":2477,"form_rules":{"pric_cal_option_once":false,"exclude_from_discount":false,"pric_use_as_fee":false,"fee_label":"Fee","render_after_acb":false,"disp_hide_options_price":false}},{"type":"text","elementId":"wcpa-text-1714514907480","label":"Pr\u00e9nom 2","pricingType":"fixed","name":"text-1714514907480","subtype":"text","maxlength":"15","cl_rule":"show","col":6,"relations":false,"form_id":2477,"form_rules":{"pric_cal_option_once":false,"exclude_from_discount":false,"pric_use_as_fee":false,"fee_label":"Fee","render_after_acb":false,"disp_hide_options_price":false}},{"type":"text","elementId":"wcpa-text-1714514908016","label":"Pr\u00e9nom 3","pricingType":"fixed","name":"text-1714514908016","subtype":"text","maxlength":"15","cl_rule":"show","col":6,"relations":false,"form_id":2477,"form_rules":{"pric_cal_option_once":false,"exclude_from_discount":false,"pric_use_as_fee":false,"fee_label":"Fee","render_after_acb":false,"disp_hide_options_price":false}},{"type":"text","elementId":"wcpa-text-1714514914080","label":"Pr\u00e9nom 4","pricingType":"fixed","name":"text-1714514914080","subtype":"text","maxlength":"15","cl_rule":"show","col":6,"relations":false,"form_id":2477,"form_rules":{"pric_cal_option_once":false,"exclude_from_discount":false,"pric_use_as_fee":false,"fee_label":"Fee","render_after_acb":false,"disp_hide_options_price":false}},{"type":"text","elementId":"wcpa-text-1714514914824","label":"Pr\u00e9nom 5","pricingType":"fixed","name":"text-1714514914824","subtype":"text","maxlength":"15","cl_rule":"show","col":6,"relations":false,"form_id":2477,"form_rules":{"pric_cal_option_once":false,"exclude_from_discount":false,"pric_use_as_fee":false,"fee_label":"Fee","render_after_acb":false,"disp_hide_options_price":false}},{"type":"text","elementId":"wcpa-text-1714514906927","label":"Pr\u00e9nom 6","pricingType":"fixed","name":"text-1714514906927","subtype":"text","maxlength":"15","cl_rule":"show","col":6,"relations":false,"form_id":2477,"form_rules":{"pric_cal_option_once":false,"exclude_from_discount":false,"pric_use_as_fee":false,"fee_label":"Fee","render_after_acb":false,"disp_hide_options_price":false}}]},"yoast_head":"<!-- This site is optimized with the Yoast SEO plugin v19.13 - https:\/\/yoast.com\/wordpress\/plugins\/seo\/ -->\n<title>Cadeau &quot;Maman + texte personnalis\u00e9&quot; - M&amp;S Creation<\/title>\n<meta name=\"description\" content=\"Vous \u00eates \u00e0 la recherche d&#039;un cadeau pour la f\u00eate des m\u00e8res? M&amp;S Cr\u00e9ations vous propose un article personnalisable avec le texte de votre choix + pr\u00e9noms.\" \/>\n<meta name=\"robots\" content=\"index, follow, max-snippet:-1, max-image-preview:large, max-video-preview:-1\" \/>\n<link rel=\"canonical\" href=\"http:\/\/mscreations.be\/index.php\/product\/cadeau-maman-texte-personnalise\/\" \/>\n<meta property=\"og:locale\" content=\"fr_FR\" \/>\n<meta property=\"og:type\" content=\"article\" \/>\n<meta property=\"og:title\" content=\"Cadeau &quot;Maman + texte personnalis\u00e9&quot; - M&amp;S Creation\" \/>\n<meta property=\"og:description\" content=\"Vous \u00eates \u00e0 la recherche d&#039;un cadeau pour la f\u00eate des m\u00e8res? M&amp;S Cr\u00e9ations vous propose un article personnalisable avec le texte de votre choix + pr\u00e9noms.\" \/>\n<meta property=\"og:url\" content=\"http:\/\/mscreations.be\/index.php\/product\/cadeau-maman-texte-personnalise\/\" \/>\n<meta property=\"og:site_name\" content=\"M&amp;S Creation\" \/>\n<meta property=\"article:publisher\" content=\"https:\/\/www.facebook.com\/profile.php?id=100063148215530\" \/>\n<meta property=\"article:modified_time\" content=\"2024-05-15T18:34:47+00:00\" \/>\n<meta property=\"og:image\" content=\"http:\/\/mscreations.be\/wp-content\/uploads\/2024\/04\/Postolje-sa-tekstom-WEB-2.jpg\" \/>\n\t<meta property=\"og:image:width\" content=\"400\" \/>\n\t<meta property=\"og:image:height\" content=\"400\" \/>\n\t<meta property=\"og:image:type\" content=\"image\/jpeg\" \/>\n<meta name=\"twitter:card\" content=\"summary_large_image\" \/>\n<script type=\"application\/ld+json\" class=\"yoast-schema-graph\">{\"@context\":\"https:\/\/schema.org\",\"@graph\":[{\"@type\":\"WebPage\",\"@id\":\"http:\/\/mscreations.be\/index.php\/product\/cadeau-maman-texte-personnalise\/\",\"url\":\"http:\/\/mscreations.be\/index.php\/product\/cadeau-maman-texte-personnalise\/\",\"name\":\"Cadeau \\\"Maman + texte personnalis\u00e9\\\" - M&amp;S Creation\",\"isPartOf\":{\"@id\":\"https:\/\/mscreations.be\/#website\"},\"datePublished\":\"2024-04-30T21:24:00+00:00\",\"dateModified\":\"2024-05-15T18:34:47+00:00\",\"description\":\"Vous \u00eates \u00e0 la recherche d'un cadeau pour la f\u00eate des m\u00e8res? M&S Cr\u00e9ations vous propose un article personnalisable avec le texte de votre choix + pr\u00e9noms.\",\"breadcrumb\":{\"@id\":\"http:\/\/mscreations.be\/index.php\/product\/cadeau-maman-texte-personnalise\/#breadcrumb\"},\"inLanguage\":\"fr-BE\",\"potentialAction\":[{\"@type\":\"ReadAction\",\"target\":[\"http:\/\/mscreations.be\/index.php\/product\/cadeau-maman-texte-personnalise\/\"]}]},{\"@type\":\"BreadcrumbList\",\"@id\":\"http:\/\/mscreations.be\/index.php\/product\/cadeau-maman-texte-personnalise\/#breadcrumb\",\"itemListElement\":[{\"@type\":\"ListItem\",\"position\":1,\"name\":\"Accueil\",\"item\":\"https:\/\/mscreations.be\/\"},{\"@type\":\"ListItem\",\"position\":2,\"name\":\"Boutique\",\"item\":\"http:\/\/mscreations.be\/index.php\/shop-3\/\"},{\"@type\":\"ListItem\",\"position\":3,\"name\":\"Cadeau &#8220;Maman + texte personnalis\u00e9&#8221;\"}]},{\"@type\":\"WebSite\",\"@id\":\"https:\/\/mscreations.be\/#website\",\"url\":\"https:\/\/mscreations.be\/\",\"name\":\"M&S Creation\",\"description\":\"\",\"publisher\":{\"@id\":\"https:\/\/mscreations.be\/#organization\"},\"potentialAction\":[{\"@type\":\"SearchAction\",\"target\":{\"@type\":\"EntryPoint\",\"urlTemplate\":\"https:\/\/mscreations.be\/?s={search_term_string}\"},\"query-input\":\"required name=search_term_string\"}],\"inLanguage\":\"fr-BE\"},{\"@type\":\"Organization\",\"@id\":\"https:\/\/mscreations.be\/#organization\",\"name\":\"M&S Creation\",\"url\":\"https:\/\/mscreations.be\/\",\"logo\":{\"@type\":\"ImageObject\",\"inLanguage\":\"fr-BE\",\"@id\":\"https:\/\/mscreations.be\/#\/schema\/logo\/image\/\",\"url\":\"http:\/\/mscreations.be\/wp-content\/uploads\/2022\/01\/cropped-cropped-ms.png\",\"contentUrl\":\"http:\/\/mscreations.be\/wp-content\/uploads\/2022\/01\/cropped-cropped-ms.png\",\"width\":512,\"height\":512,\"caption\":\"M&S Creation\"},\"image\":{\"@id\":\"https:\/\/mscreations.be\/#\/schema\/logo\/image\/\"},\"sameAs\":[\"https:\/\/www.facebook.com\/profile.php?id=100063148215530\"]}]}<\/script>\n<!-- \/ Yoast SEO plugin. -->","yoast_head_json":{"title":"Cadeau \"Maman + texte personnalis\u00e9\" - M&amp;S Creation","description":"Vous \u00eates \u00e0 la recherche d'un cadeau pour la f\u00eate des m\u00e8res? M&S Cr\u00e9ations vous propose un article personnalisable avec le texte de votre choix + pr\u00e9noms.","robots":{"index":"index","follow":"follow","max-snippet":"max-snippet:-1","max-image-preview":"max-image-preview:large","max-video-preview":"max-video-preview:-1"},"canonical":"http:\/\/mscreations.be\/index.php\/product\/cadeau-maman-texte-personnalise\/","og_locale":"fr_FR","og_type":"article","og_title":"Cadeau \"Maman + texte personnalis\u00e9\" - M&amp;S Creation","og_description":"Vous \u00eates \u00e0 la recherche d'un cadeau pour la f\u00eate des m\u00e8res? M&S Cr\u00e9ations vous propose un article personnalisable avec le texte de votre choix + pr\u00e9noms.","og_url":"http:\/\/mscreations.be\/index.php\/product\/cadeau-maman-texte-personnalise\/","og_site_name":"M&amp;S Creation","article_publisher":"https:\/\/www.facebook.com\/profile.php?id=100063148215530","article_modified_time":"2024-05-15T18:34:47+00:00","og_image":[{"width":400,"height":400,"url":"http:\/\/mscreations.be\/wp-content\/uploads\/2024\/04\/Postolje-sa-tekstom-WEB-2.jpg","type":"image\/jpeg"}],"twitter_card":"summary_large_image","schema":{"@context":"https:\/\/schema.org","@graph":[{"@type":"WebPage","@id":"http:\/\/mscreations.be\/index.php\/product\/cadeau-maman-texte-personnalise\/","url":"http:\/\/mscreations.be\/index.php\/product\/cadeau-maman-texte-personnalise\/","name":"Cadeau \"Maman + texte personnalis\u00e9\" - M&amp;S Creation","isPartOf":{"@id":"https:\/\/mscreations.be\/#website"},"datePublished":"2024-04-30T21:24:00+00:00","dateModified":"2024-05-15T18:34:47+00:00","description":"Vous \u00eates \u00e0 la recherche d'un cadeau pour la f\u00eate des m\u00e8res? M&S Cr\u00e9ations vous propose un article personnalisable avec le texte de votre choix + pr\u00e9noms.","breadcrumb":{"@id":"http:\/\/mscreations.be\/index.php\/product\/cadeau-maman-texte-personnalise\/#breadcrumb"},"inLanguage":"fr-BE","potentialAction":[{"@type":"ReadAction","target":["http:\/\/mscreations.be\/index.php\/product\/cadeau-maman-texte-personnalise\/"]}]},{"@type":"BreadcrumbList","@id":"http:\/\/mscreations.be\/index.php\/product\/cadeau-maman-texte-personnalise\/#breadcrumb","itemListElement":[{"@type":"ListItem","position":1,"name":"Accueil","item":"https:\/\/mscreations.be\/"},{"@type":"ListItem","position":2,"name":"Boutique","item":"http:\/\/mscreations.be\/index.php\/shop-3\/"},{"@type":"ListItem","position":3,"name":"Cadeau &#8220;Maman + texte personnalis\u00e9&#8221;"}]},{"@type":"WebSite","@id":"https:\/\/mscreations.be\/#website","url":"https:\/\/mscreations.be\/","name":"M&S Creation","description":"","publisher":{"@id":"https:\/\/mscreations.be\/#organization"},"potentialAction":[{"@type":"SearchAction","target":{"@type":"EntryPoint","urlTemplate":"https:\/\/mscreations.be\/?s={search_term_string}"},"query-input":"required name=search_term_string"}],"inLanguage":"fr-BE"},{"@type":"Organization","@id":"https:\/\/mscreations.be\/#organization","name":"M&S Creation","url":"https:\/\/mscreations.be\/","logo":{"@type":"ImageObject","inLanguage":"fr-BE","@id":"https:\/\/mscreations.be\/#\/schema\/logo\/image\/","url":"http:\/\/mscreations.be\/wp-content\/uploads\/2022\/01\/cropped-cropped-ms.png","contentUrl":"http:\/\/mscreations.be\/wp-content\/uploads\/2022\/01\/cropped-cropped-ms.png","width":512,"height":512,"caption":"M&S Creation"},"image":{"@id":"https:\/\/mscreations.be\/#\/schema\/logo\/image\/"},"sameAs":["https:\/\/www.facebook.com\/profile.php?id=100063148215530"]}]}},"_links":{"self":[{"href":"http:\/\/mscreations.be\/index.php\/wp-json\/wp\/v2\/product\/2475","targetHints":{"allow":["GET"]}}],"collection":[{"href":"http:\/\/mscreations.be\/index.php\/wp-json\/wp\/v2\/product"}],"about":[{"href":"http:\/\/mscreations.be\/index.php\/wp-json\/wp\/v2\/types\/product"}],"replies":[{"embeddable":true,"href":"http:\/\/mscreations.be\/index.php\/wp-json\/wp\/v2\/comments?post=2475"}],"wp:featuredmedia":[{"embeddable":true,"href":"http:\/\/mscreations.be\/index.php\/wp-json\/wp\/v2\/media\/2476"}],"wp:attachment":[{"href":"http:\/\/mscreations.be\/index.php\/wp-json\/wp\/v2\/media?parent=2475"}],"wp:term":[{"taxonomy":"product_cat","embeddable":true,"href":"http:\/\/mscreations.be\/index.php\/wp-json\/wp\/v2\/product_cat?post=2475"},{"taxonomy":"product_tag","embeddable":true,"href":"http:\/\/mscreations.be\/index.php\/wp-json\/wp\/v2\/product_tag?post=2475"}],"curies":[{"name":"wp","href":"https:\/\/api.w.org\/{rel}","templated":true}]}}