{"id":2456,"date":"2024-04-26T16:49:03","date_gmt":"2024-04-26T16:49:03","guid":{"rendered":"https:\/\/mscreations.be\/?post_type=product&#038;p=2456"},"modified":"2024-05-15T18:35:06","modified_gmt":"2024-05-15T18:35:06","slug":"coeur","status":"publish","type":"product","link":"http:\/\/mscreations.be\/index.php\/product\/coeur\/","title":{"rendered":"C\u0153ur"},"content":{"rendered":"","protected":false},"excerpt":{"rendered":"<p>Cette d\u00e9coration murale C\u0153ur en bois en format g\u00e9om\u00e9trique est id\u00e9ale pour embellir les murs de vos pi\u00e8ces de vie. Il vous est possible d&#8217;associer cette d\u00e9coration murale avec d&#8217;autres d\u00e9corations propos\u00e9es sur notre site. Disponible en plusieurs dimensions et est propos\u00e9 en bois mdf teint\u00e9 noir ou en bois&hellip;<\/p>\n","protected":false},"featured_media":2471,"comment_status":"open","ping_status":"closed","template":"","meta":{"_themeisle_gutenberg_block_has_review":false},"product_cat":[96,38],"product_tag":[],"class_list":{"0":"post-2456","1":"product","2":"type-product","3":"status-publish","4":"has-post-thumbnail","6":"product_cat-nouveau","7":"product_cat-decorations-murales","9":"first","10":"instock","11":"shipping-taxable","12":"purchasable","13":"product-type-variable","14":"thumb-no-effect","15":"prod-rating-off"},"wcpa_form_fields":null,"yoast_head":"<!-- This site is optimized with the Yoast SEO plugin v19.13 - https:\/\/yoast.com\/wordpress\/plugins\/seo\/ -->\n<title>C\u0153ur - M&amp;S Creation<\/title>\n<meta name=\"description\" content=\"D\u00e9coration murale C\u0153ur bois est id\u00e9ale pour embellir un mur vide. Vous allez pouvoir d\u00e9corer votre pi\u00e8ce pr\u00e9f\u00e9r\u00e9e gr\u00e2ce \u00e0 cette d\u00e9coration g\u00e9om\u00e9trique.\" \/>\n<meta name=\"robots\" content=\"index, follow, max-snippet:-1, max-image-preview:large, max-video-preview:-1\" \/>\n<link rel=\"canonical\" href=\"http:\/\/mscreations.be\/index.php\/product\/coeur\/\" \/>\n<meta property=\"og:locale\" content=\"fr_FR\" \/>\n<meta property=\"og:type\" content=\"article\" \/>\n<meta property=\"og:title\" content=\"C\u0153ur - M&amp;S Creation\" \/>\n<meta property=\"og:description\" content=\"D\u00e9coration murale C\u0153ur bois est id\u00e9ale pour embellir un mur vide. Vous allez pouvoir d\u00e9corer votre pi\u00e8ce pr\u00e9f\u00e9r\u00e9e gr\u00e2ce \u00e0 cette d\u00e9coration g\u00e9om\u00e9trique.\" \/>\n<meta property=\"og:url\" content=\"http:\/\/mscreations.be\/index.php\/product\/coeur\/\" \/>\n<meta property=\"og:site_name\" content=\"M&amp;S Creation\" \/>\n<meta property=\"article:publisher\" content=\"https:\/\/www.facebook.com\/profile.php?id=100063148215530\" \/>\n<meta property=\"article:modified_time\" content=\"2024-05-15T18:35:06+00:00\" \/>\n<meta property=\"og:image\" content=\"http:\/\/mscreations.be\/wp-content\/uploads\/2024\/04\/Coeur-geometrique-web.jpg\" \/>\n\t<meta property=\"og:image:width\" content=\"800\" \/>\n\t<meta property=\"og:image:height\" content=\"800\" \/>\n\t<meta property=\"og:image:type\" content=\"image\/jpeg\" \/>\n<meta name=\"twitter:card\" content=\"summary_large_image\" \/>\n<script type=\"application\/ld+json\" class=\"yoast-schema-graph\">{\"@context\":\"https:\/\/schema.org\",\"@graph\":[{\"@type\":\"WebPage\",\"@id\":\"http:\/\/mscreations.be\/index.php\/product\/coeur\/\",\"url\":\"http:\/\/mscreations.be\/index.php\/product\/coeur\/\",\"name\":\"C\u0153ur - M&amp;S Creation\",\"isPartOf\":{\"@id\":\"https:\/\/mscreations.be\/#website\"},\"datePublished\":\"2024-04-26T16:49:03+00:00\",\"dateModified\":\"2024-05-15T18:35:06+00:00\",\"description\":\"D\u00e9coration murale C\u0153ur bois est id\u00e9ale pour embellir un mur vide. Vous allez pouvoir d\u00e9corer votre pi\u00e8ce pr\u00e9f\u00e9r\u00e9e gr\u00e2ce \u00e0 cette d\u00e9coration g\u00e9om\u00e9trique.\",\"breadcrumb\":{\"@id\":\"http:\/\/mscreations.be\/index.php\/product\/coeur\/#breadcrumb\"},\"inLanguage\":\"fr-BE\",\"potentialAction\":[{\"@type\":\"ReadAction\",\"target\":[\"http:\/\/mscreations.be\/index.php\/product\/coeur\/\"]}]},{\"@type\":\"BreadcrumbList\",\"@id\":\"http:\/\/mscreations.be\/index.php\/product\/coeur\/#breadcrumb\",\"itemListElement\":[{\"@type\":\"ListItem\",\"position\":1,\"name\":\"Accueil\",\"item\":\"https:\/\/mscreations.be\/\"},{\"@type\":\"ListItem\",\"position\":2,\"name\":\"Boutique\",\"item\":\"http:\/\/mscreations.be\/index.php\/shop-3\/\"},{\"@type\":\"ListItem\",\"position\":3,\"name\":\"C\u0153ur\"}]},{\"@type\":\"WebSite\",\"@id\":\"https:\/\/mscreations.be\/#website\",\"url\":\"https:\/\/mscreations.be\/\",\"name\":\"M&S Creation\",\"description\":\"\",\"publisher\":{\"@id\":\"https:\/\/mscreations.be\/#organization\"},\"potentialAction\":[{\"@type\":\"SearchAction\",\"target\":{\"@type\":\"EntryPoint\",\"urlTemplate\":\"https:\/\/mscreations.be\/?s={search_term_string}\"},\"query-input\":\"required name=search_term_string\"}],\"inLanguage\":\"fr-BE\"},{\"@type\":\"Organization\",\"@id\":\"https:\/\/mscreations.be\/#organization\",\"name\":\"M&S Creation\",\"url\":\"https:\/\/mscreations.be\/\",\"logo\":{\"@type\":\"ImageObject\",\"inLanguage\":\"fr-BE\",\"@id\":\"https:\/\/mscreations.be\/#\/schema\/logo\/image\/\",\"url\":\"http:\/\/mscreations.be\/wp-content\/uploads\/2022\/01\/cropped-cropped-ms.png\",\"contentUrl\":\"http:\/\/mscreations.be\/wp-content\/uploads\/2022\/01\/cropped-cropped-ms.png\",\"width\":512,\"height\":512,\"caption\":\"M&S Creation\"},\"image\":{\"@id\":\"https:\/\/mscreations.be\/#\/schema\/logo\/image\/\"},\"sameAs\":[\"https:\/\/www.facebook.com\/profile.php?id=100063148215530\"]}]}<\/script>\n<!-- \/ Yoast SEO plugin. -->","yoast_head_json":{"title":"C\u0153ur - M&amp;S Creation","description":"D\u00e9coration murale C\u0153ur bois est id\u00e9ale pour embellir un mur vide. Vous allez pouvoir d\u00e9corer votre pi\u00e8ce pr\u00e9f\u00e9r\u00e9e gr\u00e2ce \u00e0 cette d\u00e9coration g\u00e9om\u00e9trique.","robots":{"index":"index","follow":"follow","max-snippet":"max-snippet:-1","max-image-preview":"max-image-preview:large","max-video-preview":"max-video-preview:-1"},"canonical":"http:\/\/mscreations.be\/index.php\/product\/coeur\/","og_locale":"fr_FR","og_type":"article","og_title":"C\u0153ur - M&amp;S Creation","og_description":"D\u00e9coration murale C\u0153ur bois est id\u00e9ale pour embellir un mur vide. Vous allez pouvoir d\u00e9corer votre pi\u00e8ce pr\u00e9f\u00e9r\u00e9e gr\u00e2ce \u00e0 cette d\u00e9coration g\u00e9om\u00e9trique.","og_url":"http:\/\/mscreations.be\/index.php\/product\/coeur\/","og_site_name":"M&amp;S Creation","article_publisher":"https:\/\/www.facebook.com\/profile.php?id=100063148215530","article_modified_time":"2024-05-15T18:35:06+00:00","og_image":[{"width":800,"height":800,"url":"http:\/\/mscreations.be\/wp-content\/uploads\/2024\/04\/Coeur-geometrique-web.jpg","type":"image\/jpeg"}],"twitter_card":"summary_large_image","schema":{"@context":"https:\/\/schema.org","@graph":[{"@type":"WebPage","@id":"http:\/\/mscreations.be\/index.php\/product\/coeur\/","url":"http:\/\/mscreations.be\/index.php\/product\/coeur\/","name":"C\u0153ur - M&amp;S Creation","isPartOf":{"@id":"https:\/\/mscreations.be\/#website"},"datePublished":"2024-04-26T16:49:03+00:00","dateModified":"2024-05-15T18:35:06+00:00","description":"D\u00e9coration murale C\u0153ur bois est id\u00e9ale pour embellir un mur vide. Vous allez pouvoir d\u00e9corer votre pi\u00e8ce pr\u00e9f\u00e9r\u00e9e gr\u00e2ce \u00e0 cette d\u00e9coration g\u00e9om\u00e9trique.","breadcrumb":{"@id":"http:\/\/mscreations.be\/index.php\/product\/coeur\/#breadcrumb"},"inLanguage":"fr-BE","potentialAction":[{"@type":"ReadAction","target":["http:\/\/mscreations.be\/index.php\/product\/coeur\/"]}]},{"@type":"BreadcrumbList","@id":"http:\/\/mscreations.be\/index.php\/product\/coeur\/#breadcrumb","itemListElement":[{"@type":"ListItem","position":1,"name":"Accueil","item":"https:\/\/mscreations.be\/"},{"@type":"ListItem","position":2,"name":"Boutique","item":"http:\/\/mscreations.be\/index.php\/shop-3\/"},{"@type":"ListItem","position":3,"name":"C\u0153ur"}]},{"@type":"WebSite","@id":"https:\/\/mscreations.be\/#website","url":"https:\/\/mscreations.be\/","name":"M&S Creation","description":"","publisher":{"@id":"https:\/\/mscreations.be\/#organization"},"potentialAction":[{"@type":"SearchAction","target":{"@type":"EntryPoint","urlTemplate":"https:\/\/mscreations.be\/?s={search_term_string}"},"query-input":"required name=search_term_string"}],"inLanguage":"fr-BE"},{"@type":"Organization","@id":"https:\/\/mscreations.be\/#organization","name":"M&S Creation","url":"https:\/\/mscreations.be\/","logo":{"@type":"ImageObject","inLanguage":"fr-BE","@id":"https:\/\/mscreations.be\/#\/schema\/logo\/image\/","url":"http:\/\/mscreations.be\/wp-content\/uploads\/2022\/01\/cropped-cropped-ms.png","contentUrl":"http:\/\/mscreations.be\/wp-content\/uploads\/2022\/01\/cropped-cropped-ms.png","width":512,"height":512,"caption":"M&S Creation"},"image":{"@id":"https:\/\/mscreations.be\/#\/schema\/logo\/image\/"},"sameAs":["https:\/\/www.facebook.com\/profile.php?id=100063148215530"]}]}},"_links":{"self":[{"href":"http:\/\/mscreations.be\/index.php\/wp-json\/wp\/v2\/product\/2456","targetHints":{"allow":["GET"]}}],"collection":[{"href":"http:\/\/mscreations.be\/index.php\/wp-json\/wp\/v2\/product"}],"about":[{"href":"http:\/\/mscreations.be\/index.php\/wp-json\/wp\/v2\/types\/product"}],"replies":[{"embeddable":true,"href":"http:\/\/mscreations.be\/index.php\/wp-json\/wp\/v2\/comments?post=2456"}],"wp:featuredmedia":[{"embeddable":true,"href":"http:\/\/mscreations.be\/index.php\/wp-json\/wp\/v2\/media\/2471"}],"wp:attachment":[{"href":"http:\/\/mscreations.be\/index.php\/wp-json\/wp\/v2\/media?parent=2456"}],"wp:term":[{"taxonomy":"product_cat","embeddable":true,"href":"http:\/\/mscreations.be\/index.php\/wp-json\/wp\/v2\/product_cat?post=2456"},{"taxonomy":"product_tag","embeddable":true,"href":"http:\/\/mscreations.be\/index.php\/wp-json\/wp\/v2\/product_tag?post=2456"}],"curies":[{"name":"wp","href":"https:\/\/api.w.org\/{rel}","templated":true}]}}