{"id":2412,"date":"2024-04-21T17:30:56","date_gmt":"2024-04-21T17:30:56","guid":{"rendered":"https:\/\/mscreations.be\/?post_type=product&#038;p=2412"},"modified":"2024-05-15T18:36:00","modified_gmt":"2024-05-15T18:36:00","slug":"rose-en-bois-personnalisee","status":"publish","type":"product","link":"http:\/\/mscreations.be\/index.php\/product\/rose-en-bois-personnalisee\/","title":{"rendered":"Rose en bois personnalis\u00e9e"},"content":{"rendered":"<p>Dimensions: Longueur 20 cm, largeur 7,5 cm<\/p>\n","protected":false},"excerpt":{"rendered":"<p>Une rose en bois r\u00e9alis\u00e9e \u00e0 l\u2019aide d\u2019une d\u00e9coupeuse au laser, assembl\u00e9e et color\u00e9e par la cr\u00e9atrice elle-m\u00eame. Cette rose est un cadeau id\u00e9al \u00e0 l&#8217;occasion de la f\u00eate des M\u00e8res. La rose est r\u00e9alis\u00e9e en bois mdf\u00a0 plaquage ch\u00eane massif. Il vous est possible d\u2019inscrire le pr\u00e9nom ou le&hellip;<\/p>\n","protected":false},"featured_media":2413,"comment_status":"open","ping_status":"closed","template":"","meta":{"_themeisle_gutenberg_block_has_review":false},"product_cat":[95,96,46],"product_tag":[],"class_list":{"0":"post-2412","1":"product","2":"type-product","3":"status-publish","4":"has-post-thumbnail","6":"product_cat-fete-des-meres","7":"product_cat-nouveau","8":"product_cat-articles-cadeaux","9":"wcpa_has_options","11":"first","12":"instock","13":"sale","14":"shipping-taxable","15":"purchasable","16":"product-type-simple","17":"thumb-no-effect","18":"prod-rating-off"},"wcpa_form_fields":{"rules":{"pric_overide_base_price":false,"pric_overide_base_price_if_gt_zero":false,"pric_cal_option_once":false,"pric_use_as_fee":false,"bind_quantity":false,"quantity_bind_formula":false},"fields":[{"type":"text","required":true,"elementId":"wcpa-text-1667854307764","label":"Entrez un mot ou un pr\u00e9nom","pricingType":"fixed","name":"text-1667854307764","subtype":"text","maxlength":"20","cl_rule":"show","col":6,"relations":false,"form_id":1602,"form_rules":{"pric_cal_option_once":false,"exclude_from_discount":false,"pric_use_as_fee":false,"fee_label":"Fee","render_after_acb":false,"disp_hide_options_price":false}}]},"yoast_head":"<!-- This site is optimized with the Yoast SEO plugin v19.13 - https:\/\/yoast.com\/wordpress\/plugins\/seo\/ -->\n<title>Rose en bois personnalis\u00e9e - M&amp;S Creation<\/title>\n<meta name=\"description\" content=\"A l&#039;occasion de la f\u00eate des m\u00e8res, offrez un cadeau original et unique pour votre maman: une rose en bois personnalis\u00e9e et color\u00e9e\" \/>\n<meta name=\"robots\" content=\"index, follow, max-snippet:-1, max-image-preview:large, max-video-preview:-1\" \/>\n<link rel=\"canonical\" href=\"http:\/\/mscreations.be\/index.php\/product\/rose-en-bois-personnalisee\/\" \/>\n<meta property=\"og:locale\" content=\"fr_FR\" \/>\n<meta property=\"og:type\" content=\"article\" \/>\n<meta property=\"og:title\" content=\"Rose en bois personnalis\u00e9e - M&amp;S Creation\" \/>\n<meta property=\"og:description\" content=\"A l&#039;occasion de la f\u00eate des m\u00e8res, offrez un cadeau original et unique pour votre maman: une rose en bois personnalis\u00e9e et color\u00e9e\" \/>\n<meta property=\"og:url\" content=\"http:\/\/mscreations.be\/index.php\/product\/rose-en-bois-personnalisee\/\" \/>\n<meta property=\"og:site_name\" content=\"M&amp;S Creation\" \/>\n<meta property=\"article:publisher\" content=\"https:\/\/www.facebook.com\/profile.php?id=100063148215530\" \/>\n<meta property=\"article:modified_time\" content=\"2024-05-15T18:36:00+00:00\" \/>\n<meta property=\"og:image\" content=\"http:\/\/mscreations.be\/wp-content\/uploads\/2024\/04\/Rose-avec-couleur_ms-creations.jpg\" \/>\n\t<meta property=\"og:image:width\" content=\"400\" \/>\n\t<meta property=\"og:image:height\" content=\"400\" \/>\n\t<meta property=\"og:image:type\" content=\"image\/jpeg\" \/>\n<meta name=\"twitter:card\" content=\"summary_large_image\" \/>\n<script type=\"application\/ld+json\" class=\"yoast-schema-graph\">{\"@context\":\"https:\/\/schema.org\",\"@graph\":[{\"@type\":\"WebPage\",\"@id\":\"http:\/\/mscreations.be\/index.php\/product\/rose-en-bois-personnalisee\/\",\"url\":\"http:\/\/mscreations.be\/index.php\/product\/rose-en-bois-personnalisee\/\",\"name\":\"Rose en bois personnalis\u00e9e - M&amp;S Creation\",\"isPartOf\":{\"@id\":\"http:\/\/mscreations.be\/#website\"},\"datePublished\":\"2024-04-21T17:30:56+00:00\",\"dateModified\":\"2024-05-15T18:36:00+00:00\",\"description\":\"A l'occasion de la f\u00eate des m\u00e8res, offrez un cadeau original et unique pour votre maman: une rose en bois personnalis\u00e9e et color\u00e9e\",\"breadcrumb\":{\"@id\":\"http:\/\/mscreations.be\/index.php\/product\/rose-en-bois-personnalisee\/#breadcrumb\"},\"inLanguage\":\"fr-BE\",\"potentialAction\":[{\"@type\":\"ReadAction\",\"target\":[\"http:\/\/mscreations.be\/index.php\/product\/rose-en-bois-personnalisee\/\"]}]},{\"@type\":\"BreadcrumbList\",\"@id\":\"http:\/\/mscreations.be\/index.php\/product\/rose-en-bois-personnalisee\/#breadcrumb\",\"itemListElement\":[{\"@type\":\"ListItem\",\"position\":1,\"name\":\"Accueil\",\"item\":\"http:\/\/mscreations.be\/\"},{\"@type\":\"ListItem\",\"position\":2,\"name\":\"Boutique\",\"item\":\"http:\/\/mscreations.be\/index.php\/shop-3\/\"},{\"@type\":\"ListItem\",\"position\":3,\"name\":\"Rose en bois personnalis\u00e9e\"}]},{\"@type\":\"WebSite\",\"@id\":\"http:\/\/mscreations.be\/#website\",\"url\":\"http:\/\/mscreations.be\/\",\"name\":\"M&S Creation\",\"description\":\"\",\"publisher\":{\"@id\":\"http:\/\/mscreations.be\/#organization\"},\"potentialAction\":[{\"@type\":\"SearchAction\",\"target\":{\"@type\":\"EntryPoint\",\"urlTemplate\":\"http:\/\/mscreations.be\/?s={search_term_string}\"},\"query-input\":\"required name=search_term_string\"}],\"inLanguage\":\"fr-BE\"},{\"@type\":\"Organization\",\"@id\":\"http:\/\/mscreations.be\/#organization\",\"name\":\"M&S Creation\",\"url\":\"http:\/\/mscreations.be\/\",\"logo\":{\"@type\":\"ImageObject\",\"inLanguage\":\"fr-BE\",\"@id\":\"http:\/\/mscreations.be\/#\/schema\/logo\/image\/\",\"url\":\"http:\/\/mscreations.be\/wp-content\/uploads\/2022\/01\/cropped-cropped-ms.png\",\"contentUrl\":\"http:\/\/mscreations.be\/wp-content\/uploads\/2022\/01\/cropped-cropped-ms.png\",\"width\":512,\"height\":512,\"caption\":\"M&S Creation\"},\"image\":{\"@id\":\"http:\/\/mscreations.be\/#\/schema\/logo\/image\/\"},\"sameAs\":[\"https:\/\/www.facebook.com\/profile.php?id=100063148215530\"]}]}<\/script>\n<!-- \/ Yoast SEO plugin. -->","yoast_head_json":{"title":"Rose en bois personnalis\u00e9e - M&amp;S Creation","description":"A l'occasion de la f\u00eate des m\u00e8res, offrez un cadeau original et unique pour votre maman: une rose en bois personnalis\u00e9e et color\u00e9e","robots":{"index":"index","follow":"follow","max-snippet":"max-snippet:-1","max-image-preview":"max-image-preview:large","max-video-preview":"max-video-preview:-1"},"canonical":"http:\/\/mscreations.be\/index.php\/product\/rose-en-bois-personnalisee\/","og_locale":"fr_FR","og_type":"article","og_title":"Rose en bois personnalis\u00e9e - M&amp;S Creation","og_description":"A l'occasion de la f\u00eate des m\u00e8res, offrez un cadeau original et unique pour votre maman: une rose en bois personnalis\u00e9e et color\u00e9e","og_url":"http:\/\/mscreations.be\/index.php\/product\/rose-en-bois-personnalisee\/","og_site_name":"M&amp;S Creation","article_publisher":"https:\/\/www.facebook.com\/profile.php?id=100063148215530","article_modified_time":"2024-05-15T18:36:00+00:00","og_image":[{"width":400,"height":400,"url":"http:\/\/mscreations.be\/wp-content\/uploads\/2024\/04\/Rose-avec-couleur_ms-creations.jpg","type":"image\/jpeg"}],"twitter_card":"summary_large_image","schema":{"@context":"https:\/\/schema.org","@graph":[{"@type":"WebPage","@id":"http:\/\/mscreations.be\/index.php\/product\/rose-en-bois-personnalisee\/","url":"http:\/\/mscreations.be\/index.php\/product\/rose-en-bois-personnalisee\/","name":"Rose en bois personnalis\u00e9e - M&amp;S Creation","isPartOf":{"@id":"http:\/\/mscreations.be\/#website"},"datePublished":"2024-04-21T17:30:56+00:00","dateModified":"2024-05-15T18:36:00+00:00","description":"A l'occasion de la f\u00eate des m\u00e8res, offrez un cadeau original et unique pour votre maman: une rose en bois personnalis\u00e9e et color\u00e9e","breadcrumb":{"@id":"http:\/\/mscreations.be\/index.php\/product\/rose-en-bois-personnalisee\/#breadcrumb"},"inLanguage":"fr-BE","potentialAction":[{"@type":"ReadAction","target":["http:\/\/mscreations.be\/index.php\/product\/rose-en-bois-personnalisee\/"]}]},{"@type":"BreadcrumbList","@id":"http:\/\/mscreations.be\/index.php\/product\/rose-en-bois-personnalisee\/#breadcrumb","itemListElement":[{"@type":"ListItem","position":1,"name":"Accueil","item":"http:\/\/mscreations.be\/"},{"@type":"ListItem","position":2,"name":"Boutique","item":"http:\/\/mscreations.be\/index.php\/shop-3\/"},{"@type":"ListItem","position":3,"name":"Rose en bois personnalis\u00e9e"}]},{"@type":"WebSite","@id":"http:\/\/mscreations.be\/#website","url":"http:\/\/mscreations.be\/","name":"M&S Creation","description":"","publisher":{"@id":"http:\/\/mscreations.be\/#organization"},"potentialAction":[{"@type":"SearchAction","target":{"@type":"EntryPoint","urlTemplate":"http:\/\/mscreations.be\/?s={search_term_string}"},"query-input":"required name=search_term_string"}],"inLanguage":"fr-BE"},{"@type":"Organization","@id":"http:\/\/mscreations.be\/#organization","name":"M&S Creation","url":"http:\/\/mscreations.be\/","logo":{"@type":"ImageObject","inLanguage":"fr-BE","@id":"http:\/\/mscreations.be\/#\/schema\/logo\/image\/","url":"http:\/\/mscreations.be\/wp-content\/uploads\/2022\/01\/cropped-cropped-ms.png","contentUrl":"http:\/\/mscreations.be\/wp-content\/uploads\/2022\/01\/cropped-cropped-ms.png","width":512,"height":512,"caption":"M&S Creation"},"image":{"@id":"http:\/\/mscreations.be\/#\/schema\/logo\/image\/"},"sameAs":["https:\/\/www.facebook.com\/profile.php?id=100063148215530"]}]}},"_links":{"self":[{"href":"http:\/\/mscreations.be\/index.php\/wp-json\/wp\/v2\/product\/2412","targetHints":{"allow":["GET"]}}],"collection":[{"href":"http:\/\/mscreations.be\/index.php\/wp-json\/wp\/v2\/product"}],"about":[{"href":"http:\/\/mscreations.be\/index.php\/wp-json\/wp\/v2\/types\/product"}],"replies":[{"embeddable":true,"href":"http:\/\/mscreations.be\/index.php\/wp-json\/wp\/v2\/comments?post=2412"}],"wp:featuredmedia":[{"embeddable":true,"href":"http:\/\/mscreations.be\/index.php\/wp-json\/wp\/v2\/media\/2413"}],"wp:attachment":[{"href":"http:\/\/mscreations.be\/index.php\/wp-json\/wp\/v2\/media?parent=2412"}],"wp:term":[{"taxonomy":"product_cat","embeddable":true,"href":"http:\/\/mscreations.be\/index.php\/wp-json\/wp\/v2\/product_cat?post=2412"},{"taxonomy":"product_tag","embeddable":true,"href":"http:\/\/mscreations.be\/index.php\/wp-json\/wp\/v2\/product_tag?post=2412"}],"curies":[{"name":"wp","href":"https:\/\/api.w.org\/{rel}","templated":true}]}}