{"id":2402,"date":"2024-04-21T16:37:22","date_gmt":"2024-04-21T16:37:22","guid":{"rendered":"https:\/\/mscreations.be\/?post_type=product&#038;p=2402"},"modified":"2024-04-21T18:59:24","modified_gmt":"2024-04-21T18:59:24","slug":"boite-en-bois-rose-eternelle-accompagnee-de-chocolats","status":"publish","type":"product","link":"http:\/\/mscreations.be\/index.php\/product\/boite-en-bois-rose-eternelle-accompagnee-de-chocolats\/","title":{"rendered":"Bo\u00eete en bois + rose \u00e9ternelle accompagn\u00e9e de chocolats"},"content":{"rendered":"<p>Dimensions: Longueur 30 cm, largeur 8 cm et hauteur 6 cm<\/p>\n<p>&nbsp;<\/p>\n<p>&nbsp;<\/p>\n","protected":false},"excerpt":{"rendered":"<p>Une bo\u00eete en bois teint\u00e9 noir r\u00e9alis\u00e9e \u00e0 l&#8217;aide d&#8217;une d\u00e9coupeuse au laser et assembl\u00e9e par la cr\u00e9atrice elle-m\u00eame. La bo\u00eete est accompagn\u00e9e d&#8217;une rose \u00e9ternelle (stabilis\u00e9e) rouge sur tige ainsi que des chocolats pour compl\u00e9ter la garniture. &nbsp; &nbsp;<\/p>\n","protected":false},"featured_media":2403,"comment_status":"open","ping_status":"closed","template":"","meta":{"_themeisle_gutenberg_block_has_review":false},"product_cat":[95,96,46],"product_tag":[],"class_list":{"0":"post-2402","1":"product","2":"type-product","3":"status-publish","4":"has-post-thumbnail","6":"product_cat-fete-des-meres","7":"product_cat-nouveau","8":"product_cat-articles-cadeaux","10":"first","11":"instock","12":"shipping-taxable","13":"purchasable","14":"product-type-simple","15":"thumb-no-effect","16":"prod-rating-off"},"wcpa_form_fields":null,"yoast_head":"<!-- This site is optimized with the Yoast SEO plugin v19.13 - https:\/\/yoast.com\/wordpress\/plugins\/seo\/ -->\n<title>Bo\u00eete en bois + rose \u00e9ternelle accompagn\u00e9e de chocolats - M&amp;S Creation<\/title>\n<meta name=\"description\" content=\"A l&#039;occasion de la f\u00eate des m\u00e8res, offrez un cadeau original et unique pour votre maman: une bo\u00eete en bois (personnalisable) + une rose \u00e9ternelle.\" \/>\n<meta name=\"robots\" content=\"index, follow, max-snippet:-1, max-image-preview:large, max-video-preview:-1\" \/>\n<link rel=\"canonical\" href=\"http:\/\/mscreations.be\/index.php\/product\/boite-en-bois-rose-eternelle-accompagnee-de-chocolats\/\" \/>\n<meta property=\"og:locale\" content=\"fr_FR\" \/>\n<meta property=\"og:type\" content=\"article\" \/>\n<meta property=\"og:title\" content=\"Bo\u00eete en bois + rose \u00e9ternelle accompagn\u00e9e de chocolats - M&amp;S Creation\" \/>\n<meta property=\"og:description\" content=\"A l&#039;occasion de la f\u00eate des m\u00e8res, offrez un cadeau original et unique pour votre maman: une bo\u00eete en bois (personnalisable) + une rose \u00e9ternelle.\" \/>\n<meta property=\"og:url\" content=\"http:\/\/mscreations.be\/index.php\/product\/boite-en-bois-rose-eternelle-accompagnee-de-chocolats\/\" \/>\n<meta property=\"og:site_name\" content=\"M&amp;S Creation\" \/>\n<meta property=\"article:publisher\" content=\"https:\/\/www.facebook.com\/profile.php?id=100063148215530\" \/>\n<meta property=\"article:modified_time\" content=\"2024-04-21T18:59:24+00:00\" \/>\n<meta property=\"og:image\" content=\"http:\/\/mscreations.be\/wp-content\/uploads\/2024\/04\/Boite-rose-eternelle_2_ms-creations.jpg\" \/>\n\t<meta property=\"og:image:width\" content=\"400\" \/>\n\t<meta property=\"og:image:height\" content=\"400\" \/>\n\t<meta property=\"og:image:type\" content=\"image\/jpeg\" \/>\n<meta name=\"twitter:card\" content=\"summary_large_image\" \/>\n<script type=\"application\/ld+json\" class=\"yoast-schema-graph\">{\"@context\":\"https:\/\/schema.org\",\"@graph\":[{\"@type\":\"WebPage\",\"@id\":\"http:\/\/mscreations.be\/index.php\/product\/boite-en-bois-rose-eternelle-accompagnee-de-chocolats\/\",\"url\":\"http:\/\/mscreations.be\/index.php\/product\/boite-en-bois-rose-eternelle-accompagnee-de-chocolats\/\",\"name\":\"Bo\u00eete en bois + rose \u00e9ternelle accompagn\u00e9e de chocolats - M&amp;S Creation\",\"isPartOf\":{\"@id\":\"http:\/\/mscreations.be\/#website\"},\"datePublished\":\"2024-04-21T16:37:22+00:00\",\"dateModified\":\"2024-04-21T18:59:24+00:00\",\"description\":\"A l'occasion de la f\u00eate des m\u00e8res, offrez un cadeau original et unique pour votre maman: une bo\u00eete en bois (personnalisable) + une rose \u00e9ternelle.\",\"breadcrumb\":{\"@id\":\"http:\/\/mscreations.be\/index.php\/product\/boite-en-bois-rose-eternelle-accompagnee-de-chocolats\/#breadcrumb\"},\"inLanguage\":\"fr-BE\",\"potentialAction\":[{\"@type\":\"ReadAction\",\"target\":[\"http:\/\/mscreations.be\/index.php\/product\/boite-en-bois-rose-eternelle-accompagnee-de-chocolats\/\"]}]},{\"@type\":\"BreadcrumbList\",\"@id\":\"http:\/\/mscreations.be\/index.php\/product\/boite-en-bois-rose-eternelle-accompagnee-de-chocolats\/#breadcrumb\",\"itemListElement\":[{\"@type\":\"ListItem\",\"position\":1,\"name\":\"Accueil\",\"item\":\"http:\/\/mscreations.be\/\"},{\"@type\":\"ListItem\",\"position\":2,\"name\":\"Boutique\",\"item\":\"http:\/\/mscreations.be\/index.php\/shop-3\/\"},{\"@type\":\"ListItem\",\"position\":3,\"name\":\"Bo\u00eete en bois + rose \u00e9ternelle accompagn\u00e9e de chocolats\"}]},{\"@type\":\"WebSite\",\"@id\":\"http:\/\/mscreations.be\/#website\",\"url\":\"http:\/\/mscreations.be\/\",\"name\":\"M&S Creation\",\"description\":\"\",\"publisher\":{\"@id\":\"http:\/\/mscreations.be\/#organization\"},\"potentialAction\":[{\"@type\":\"SearchAction\",\"target\":{\"@type\":\"EntryPoint\",\"urlTemplate\":\"http:\/\/mscreations.be\/?s={search_term_string}\"},\"query-input\":\"required name=search_term_string\"}],\"inLanguage\":\"fr-BE\"},{\"@type\":\"Organization\",\"@id\":\"http:\/\/mscreations.be\/#organization\",\"name\":\"M&S Creation\",\"url\":\"http:\/\/mscreations.be\/\",\"logo\":{\"@type\":\"ImageObject\",\"inLanguage\":\"fr-BE\",\"@id\":\"http:\/\/mscreations.be\/#\/schema\/logo\/image\/\",\"url\":\"http:\/\/mscreations.be\/wp-content\/uploads\/2022\/01\/cropped-cropped-ms.png\",\"contentUrl\":\"http:\/\/mscreations.be\/wp-content\/uploads\/2022\/01\/cropped-cropped-ms.png\",\"width\":512,\"height\":512,\"caption\":\"M&S Creation\"},\"image\":{\"@id\":\"http:\/\/mscreations.be\/#\/schema\/logo\/image\/\"},\"sameAs\":[\"https:\/\/www.facebook.com\/profile.php?id=100063148215530\"]}]}<\/script>\n<!-- \/ Yoast SEO plugin. -->","yoast_head_json":{"title":"Bo\u00eete en bois + rose \u00e9ternelle accompagn\u00e9e de chocolats - M&amp;S Creation","description":"A l'occasion de la f\u00eate des m\u00e8res, offrez un cadeau original et unique pour votre maman: une bo\u00eete en bois (personnalisable) + une rose \u00e9ternelle.","robots":{"index":"index","follow":"follow","max-snippet":"max-snippet:-1","max-image-preview":"max-image-preview:large","max-video-preview":"max-video-preview:-1"},"canonical":"http:\/\/mscreations.be\/index.php\/product\/boite-en-bois-rose-eternelle-accompagnee-de-chocolats\/","og_locale":"fr_FR","og_type":"article","og_title":"Bo\u00eete en bois + rose \u00e9ternelle accompagn\u00e9e de chocolats - M&amp;S Creation","og_description":"A l'occasion de la f\u00eate des m\u00e8res, offrez un cadeau original et unique pour votre maman: une bo\u00eete en bois (personnalisable) + une rose \u00e9ternelle.","og_url":"http:\/\/mscreations.be\/index.php\/product\/boite-en-bois-rose-eternelle-accompagnee-de-chocolats\/","og_site_name":"M&amp;S Creation","article_publisher":"https:\/\/www.facebook.com\/profile.php?id=100063148215530","article_modified_time":"2024-04-21T18:59:24+00:00","og_image":[{"width":400,"height":400,"url":"http:\/\/mscreations.be\/wp-content\/uploads\/2024\/04\/Boite-rose-eternelle_2_ms-creations.jpg","type":"image\/jpeg"}],"twitter_card":"summary_large_image","schema":{"@context":"https:\/\/schema.org","@graph":[{"@type":"WebPage","@id":"http:\/\/mscreations.be\/index.php\/product\/boite-en-bois-rose-eternelle-accompagnee-de-chocolats\/","url":"http:\/\/mscreations.be\/index.php\/product\/boite-en-bois-rose-eternelle-accompagnee-de-chocolats\/","name":"Bo\u00eete en bois + rose \u00e9ternelle accompagn\u00e9e de chocolats - M&amp;S Creation","isPartOf":{"@id":"http:\/\/mscreations.be\/#website"},"datePublished":"2024-04-21T16:37:22+00:00","dateModified":"2024-04-21T18:59:24+00:00","description":"A l'occasion de la f\u00eate des m\u00e8res, offrez un cadeau original et unique pour votre maman: une bo\u00eete en bois (personnalisable) + une rose \u00e9ternelle.","breadcrumb":{"@id":"http:\/\/mscreations.be\/index.php\/product\/boite-en-bois-rose-eternelle-accompagnee-de-chocolats\/#breadcrumb"},"inLanguage":"fr-BE","potentialAction":[{"@type":"ReadAction","target":["http:\/\/mscreations.be\/index.php\/product\/boite-en-bois-rose-eternelle-accompagnee-de-chocolats\/"]}]},{"@type":"BreadcrumbList","@id":"http:\/\/mscreations.be\/index.php\/product\/boite-en-bois-rose-eternelle-accompagnee-de-chocolats\/#breadcrumb","itemListElement":[{"@type":"ListItem","position":1,"name":"Accueil","item":"http:\/\/mscreations.be\/"},{"@type":"ListItem","position":2,"name":"Boutique","item":"http:\/\/mscreations.be\/index.php\/shop-3\/"},{"@type":"ListItem","position":3,"name":"Bo\u00eete en bois + rose \u00e9ternelle accompagn\u00e9e de chocolats"}]},{"@type":"WebSite","@id":"http:\/\/mscreations.be\/#website","url":"http:\/\/mscreations.be\/","name":"M&S Creation","description":"","publisher":{"@id":"http:\/\/mscreations.be\/#organization"},"potentialAction":[{"@type":"SearchAction","target":{"@type":"EntryPoint","urlTemplate":"http:\/\/mscreations.be\/?s={search_term_string}"},"query-input":"required name=search_term_string"}],"inLanguage":"fr-BE"},{"@type":"Organization","@id":"http:\/\/mscreations.be\/#organization","name":"M&S Creation","url":"http:\/\/mscreations.be\/","logo":{"@type":"ImageObject","inLanguage":"fr-BE","@id":"http:\/\/mscreations.be\/#\/schema\/logo\/image\/","url":"http:\/\/mscreations.be\/wp-content\/uploads\/2022\/01\/cropped-cropped-ms.png","contentUrl":"http:\/\/mscreations.be\/wp-content\/uploads\/2022\/01\/cropped-cropped-ms.png","width":512,"height":512,"caption":"M&S Creation"},"image":{"@id":"http:\/\/mscreations.be\/#\/schema\/logo\/image\/"},"sameAs":["https:\/\/www.facebook.com\/profile.php?id=100063148215530"]}]}},"_links":{"self":[{"href":"http:\/\/mscreations.be\/index.php\/wp-json\/wp\/v2\/product\/2402","targetHints":{"allow":["GET"]}}],"collection":[{"href":"http:\/\/mscreations.be\/index.php\/wp-json\/wp\/v2\/product"}],"about":[{"href":"http:\/\/mscreations.be\/index.php\/wp-json\/wp\/v2\/types\/product"}],"replies":[{"embeddable":true,"href":"http:\/\/mscreations.be\/index.php\/wp-json\/wp\/v2\/comments?post=2402"}],"wp:featuredmedia":[{"embeddable":true,"href":"http:\/\/mscreations.be\/index.php\/wp-json\/wp\/v2\/media\/2403"}],"wp:attachment":[{"href":"http:\/\/mscreations.be\/index.php\/wp-json\/wp\/v2\/media?parent=2402"}],"wp:term":[{"taxonomy":"product_cat","embeddable":true,"href":"http:\/\/mscreations.be\/index.php\/wp-json\/wp\/v2\/product_cat?post=2402"},{"taxonomy":"product_tag","embeddable":true,"href":"http:\/\/mscreations.be\/index.php\/wp-json\/wp\/v2\/product_tag?post=2402"}],"curies":[{"name":"wp","href":"https:\/\/api.w.org\/{rel}","templated":true}]}}